{"id":3485,"date":"2016-05-29T08:31:35","date_gmt":"2016-05-29T06:31:35","guid":{"rendered":"http:\/\/dailymeditationberlin.de\/?page_id=3485&#038;lang=de"},"modified":"2018-01-29T08:29:06","modified_gmt":"2018-01-29T07:29:06","slug":"ueber-uns","status":"publish","type":"page","link":"https:\/\/dailymeditationberlin.de\/de\/ueber-uns\/","title":{"rendered":"\u00dcber uns"},"content":{"rendered":"<div  class=\"tatsu-ic2j4py26ycvsnbo tatsu-section    tatsu-clearfix\" data-title=\"\"  data-headerscheme=\"background--dark\"><div class='tatsu-section-pad clearfix' data-padding='90px 0% 90px 0%' data-padding-top='90px'><div class=\"tatsu-row-wrap  tatsu-wrap tatsu-row-one-col tatsu-row-has-one-cols tatsu-medium-gutter tatsu-reg-cols  tatsu-clearfix tatsu-ic2j4py2js27ik2v\" ><div  class=\"tatsu-row \" ><div  class=\"tatsu-column  tatsu-column-no-bg tatsu-one-col tatsu-column-image- tatsu-column-effect-  tatsu-ic2j4py2r51vj59w\" data-animation=\"fadeIn\"   data-parallax-speed=\"0\" style=\"\"><div class=\"tatsu-column-inner \" ><div class=\"tatsu-column-pad-wrap\"><div class=\"tatsu-column-pad\" ><div  class=\"tatsu-empty-space  tatsu-ic2j4py372bxvqve  \" ><style>.tatsu-ic2j4py372bxvqve.tatsu-empty-space{height: 25px;}<\/style><\/div><div  class=\"tatsu-module tatsu-text-block-wrap tatsu-ic2j4py39o9uqun2  \"><div class=\"tatsu-text-inner tatsu-align-center  clearfix\" data-animation=\"fadeIn\"  ><span style=\"font-size: medium\"><\/p>\n<h2>\n<p style=\"text-align: center\">Meditation, einfach, klar und effektiv unterrichtet.<\/p>\n<\/h2>\n<p><\/span><\/p>\n<p>Darum geht es uns bei Daily Meditation Berlin.<\/p>\n<p>Unser Ziel ist, dass du deine Meditationstechnik auf wirklich konsequente Art praktizierst, damit du die Vorteile genie\u00dfen kannst, die die Meditation im Alltag bringt. Uns liegt viel daran, <span style=\"color: #89be4f\"><b>dass du selbstst\u00e4ndig wirst, n\u00e4mlich, dass du lernst, wie du f\u00fcr dich selbst meditierst.<\/b><\/span> Es ist nicht n\u00f6tig, jede Woche einen neuen Kurs zu belegen. Du hast deine Technik, ohne von irgendjemandem oder irgendetwas abh\u00e4ngig zu sein. Das kraftvolle Techniken der t\u00e4glichen Meditation geh\u00f6rt dir, f\u00fcr dich und deinen eigenen Lebensstil.\n<\/p>\n<p>Da wir wissen, dass du Fragen \u00fcber deine Praxis haben wirst, steht dir dein Lehrer jederzeit zur Verf\u00fcgung. Das hei\u00dft, dass du deinen eigenen Lehrer hast, der dir Fragen beantworten kann, bei denen es konkret um dich, dein Bewusstsein und deine Art zu meditieren geht. <span style=\"color: #b87d2b\"><b>Dieser unterst\u00fctzende Service ist lebenslang kostenlos, nachdem du einmal einen Kurs belegt hast<\/b><\/span> \u2013 was bedeutet, dass das Einkommen deines Lehrers nicht davon abh\u00e4ngt, dass du noch nicht genug wei\u00dft. Dieses \u201cEinmal-System\u201d garantiert, dass dir dein Lehrer immer klare, schrittweise Formeln und Antworten gibt, damit du es dir t\u00e4glich zutraust, alleine zu meditieren.\n<\/p>\n<p>Daily Meditation Berlin wird dir nicht sagen, wie du dein Leben gestalten sollst. <span style=\"color: #02779e\"><b>Das hei\u00dft, dass es kein genaues Dogma, Glaubenssystem und keine Philosophie gibt<\/b><\/span> \u2013 jeder Lehrer ist anders und individuell, <span style=\"color: #02779e\"><b>genau wie du.<\/b><\/span>\n<\/p>\n<p>Jeder Lehrer verpflichtet sich dazu, hauptberuflich Meditation zu unterrichten \u2013 die Ausbildung bis zur Qualifikation umfasst 2 Jahre konzentrierte Studien, gefolgt von 3 &#8211; 4 Monaten Meditationspraxis an einem abgeschiedenen Ort, 14 Stunden pro Tag. Abschlie\u00dfend m\u00fcssen die Anw\u00e4rter am Ende der Lehrerausbildung von einem Meister der Meditation ihrer speziellen Tradition oder Linie f\u00fcr qualifiziert erkl\u00e4rt werden. Dein Lehrer ist durch die ganze Welt gereist und hat Jahre der Ausbildung und Zur\u00fcckgezogenheit verbracht, um dich die Meditation mit dem ihr geb\u00fchrenden Respekt und der ihr geb\u00fchrenden Reinheit zu lehren.\n<\/p>\n<p><i>Wenn du Fragen hast, komm einfach zu einer kurzen, kostenlosen, offenen Einf\u00fchrungssession. Das kostet nichts und ist einer der einfachsten Wege, die t\u00e4gliche <b>Meditation f\u00fcr dich selbst zu entdecken.<\/b><\/i><\/p>\n<\/div><\/div><\/div><\/div><div class = \"tatsu-column-bg-image-wrap\"><div class = \"tatsu-column-bg-image\" ><\/div><\/div><\/div><style>.tatsu-ic2j4py2r51vj59w.tatsu-column > .tatsu-column-inner > .tatsu-column-pad-wrap > .tatsu-column-pad{padding: 0px 0px 0px 0px;}.tatsu-ic2j4py2r51vj59w.tatsu-column > .tatsu-column-inner{border-width: 0 0 0 0;}.tatsu-ic2j4py2r51vj59w.tatsu-column > .tatsu-column-inner > .tatsu-column-overlay{mix-blend-mode: none;}.tatsu-ic2j4py2r51vj59w > .tatsu-column-inner > .tatsu-top-divider{z-index: 9999;}.tatsu-ic2j4py2r51vj59w > .tatsu-column-inner > .tatsu-bottom-divider{z-index: 9999;}.tatsu-ic2j4py2r51vj59w > .tatsu-column-inner > .tatsu-left-divider{z-index: 9999;}.tatsu-ic2j4py2r51vj59w > .tatsu-column-inner > .tatsu-right-divider{z-index: 9999;}.tatsu-ic2j4py2r51vj59w.tatsu-column{transform: translate3d(0px,0px, 0);}<\/style><\/div><\/div><\/div><div class=\"tatsu-row-wrap  tatsu-wrap tatsu-row-has-three-cols tatsu-medium-gutter tatsu-reg-cols  tatsu-clearfix tatsu-ic2j4py3d0axt83b\" ><div  class=\"tatsu-row \" ><div  class=\"tatsu-column  tatsu-column-no-bg tatsu-one-third tatsu-column-image- tatsu-column-effect-  tatsu-ic2j4py3j0f25boq\" data-animation=\"fadeIn\"   data-parallax-speed=\"0\" style=\"\"><div class=\"tatsu-column-inner \" ><div class=\"tatsu-column-pad-wrap\"><div class=\"tatsu-column-pad\" ><div  class = \" tatsu-ic2j4py3qlcw2997 accordion-wrap oshine-module\" ><div class = \"accordion\" data-collapsed=\"1\"><\/div><\/div><\/div><\/div><div class = \"tatsu-column-bg-image-wrap\"><div class = \"tatsu-column-bg-image\" ><\/div><\/div><\/div><style>.tatsu-ic2j4py3j0f25boq.tatsu-column > .tatsu-column-inner > .tatsu-column-pad-wrap > .tatsu-column-pad{padding: 0px 0px 0px 0px;}.tatsu-ic2j4py3j0f25boq.tatsu-column > .tatsu-column-inner{border-width: 0 0 0 0;}.tatsu-ic2j4py3j0f25boq.tatsu-column > .tatsu-column-inner > .tatsu-column-overlay{mix-blend-mode: none;}.tatsu-ic2j4py3j0f25boq > .tatsu-column-inner > .tatsu-top-divider{z-index: 9999;}.tatsu-ic2j4py3j0f25boq > .tatsu-column-inner > .tatsu-bottom-divider{z-index: 9999;}.tatsu-ic2j4py3j0f25boq > .tatsu-column-inner > .tatsu-left-divider{z-index: 9999;}.tatsu-ic2j4py3j0f25boq > .tatsu-column-inner > .tatsu-right-divider{z-index: 9999;}.tatsu-ic2j4py3j0f25boq.tatsu-column{transform: translate3d(0px,0px, 0);}<\/style><\/div><div  class=\"tatsu-column  tatsu-column-no-bg tatsu-one-third tatsu-column-image- tatsu-column-effect-  tatsu-ic2j4py3t8xqzk4\" data-animation=\"fadeIn\"   data-parallax-speed=\"0\" style=\"\"><div class=\"tatsu-column-inner \" ><div class=\"tatsu-column-pad-wrap\"><div class=\"tatsu-column-pad\" ><div  class=\"tatsu-empty-space  tatsu-ic2j4py45d4lzhc3  \" ><style>.tatsu-ic2j4py45d4lzhc3.tatsu-empty-space{height: 1px;}<\/style><\/div><div  class=\"tatsu-module tatsu-normal-button tatsu-button-wrap   tatsu-ic2j4py4875uhceo   \"><a class=\"tatsu-shortcode mediumbtn tatsu-button left-icon rounded   bg-animation-none  \" href=\"mailto:alison@dailymeditationberlin.de\" style= \"\"  aria-label=\"KONTAKTIEREN SIE UNS\" data-gdpr-atts={} >KONTAKTIEREN SIE UNS<\/a><style>.tatsu-ic2j4py4875uhceo .tatsu-button{background-color: #32bc2b;color: #ffffff ;}.tatsu-ic2j4py4875uhceo .tatsu-button:hover{background-color: #25ad00;}<\/style><\/div><\/div><\/div><div class = \"tatsu-column-bg-image-wrap\"><div class = \"tatsu-column-bg-image\" ><\/div><\/div><\/div><style>.tatsu-ic2j4py3t8xqzk4.tatsu-column > .tatsu-column-inner > .tatsu-column-pad-wrap > .tatsu-column-pad{padding: 0px 0px 0px 0px;}.tatsu-ic2j4py3t8xqzk4.tatsu-column > .tatsu-column-inner{border-width: 0 0 0 0;}.tatsu-ic2j4py3t8xqzk4.tatsu-column > .tatsu-column-inner > .tatsu-column-overlay{mix-blend-mode: none;}.tatsu-ic2j4py3t8xqzk4 > .tatsu-column-inner > .tatsu-top-divider{z-index: 9999;}.tatsu-ic2j4py3t8xqzk4 > .tatsu-column-inner > .tatsu-bottom-divider{z-index: 9999;}.tatsu-ic2j4py3t8xqzk4 > .tatsu-column-inner > .tatsu-left-divider{z-index: 9999;}.tatsu-ic2j4py3t8xqzk4 > .tatsu-column-inner > .tatsu-right-divider{z-index: 9999;}.tatsu-ic2j4py3t8xqzk4.tatsu-column{transform: translate3d(0px,0px, 0);}<\/style><\/div><div  class=\"tatsu-column  tatsu-column-no-bg tatsu-one-third tatsu-column-image- tatsu-column-effect-  tatsu-ic2j4py4c51gyj01\" data-animation=\"fadeIn\"   data-parallax-speed=\"0\" style=\"\"><div class=\"tatsu-column-inner \" ><div class=\"tatsu-column-pad-wrap\"><div class=\"tatsu-column-pad\" ><div  class=\"tatsu-empty-space  tatsu-ic2j4py4k97n8p8t  \" ><style>.tatsu-ic2j4py4k97n8p8t.tatsu-empty-space{height: 1px;}<\/style><\/div><\/div><\/div><div class = \"tatsu-column-bg-image-wrap\"><div class = \"tatsu-column-bg-image\" ><\/div><\/div><\/div><style>.tatsu-ic2j4py4c51gyj01.tatsu-column > .tatsu-column-inner > .tatsu-column-pad-wrap > .tatsu-column-pad{padding: 0px 0px 0px 0px;}.tatsu-ic2j4py4c51gyj01.tatsu-column > .tatsu-column-inner{border-width: 0 0 0 0;}.tatsu-ic2j4py4c51gyj01.tatsu-column > .tatsu-column-inner > .tatsu-column-overlay{mix-blend-mode: none;}.tatsu-ic2j4py4c51gyj01 > .tatsu-column-inner > .tatsu-top-divider{z-index: 9999;}.tatsu-ic2j4py4c51gyj01 > .tatsu-column-inner > .tatsu-bottom-divider{z-index: 9999;}.tatsu-ic2j4py4c51gyj01 > .tatsu-column-inner > .tatsu-left-divider{z-index: 9999;}.tatsu-ic2j4py4c51gyj01 > .tatsu-column-inner > .tatsu-right-divider{z-index: 9999;}.tatsu-ic2j4py4c51gyj01.tatsu-column{transform: translate3d(0px,0px, 0);}<\/style><\/div><\/div><\/div><\/div><div class=\"tatsu-section-background-wrap\"><div class = \"tatsu-section-background\" ><\/div><\/div><style>.tatsu-ic2j4py26ycvsnbo .tatsu-section-pad{padding: 90px 0% 90px 0%;}.tatsu-ic2j4py26ycvsnbo.tatsu-section{margin: 0px 0px 0px 0px;}.tatsu-ic2j4py26ycvsnbo > .tatsu-bottom-divider{z-index: 9999;}.tatsu-ic2j4py26ycvsnbo > .tatsu-top-divider{z-index: 9999;}<\/style><\/div>\n","protected":false},"excerpt":{"rendered":"<p><a href=\"https:\/\/dailymeditationberlin.de\/de\/ueber-uns\/\" class=\"more-link style2-button\">Weiterlesen<\/a><\/p>","protected":false},"author":1,"featured_media":0,"parent":0,"menu_order":0,"comment_status":"closed","ping_status":"closed","template":"","meta":{"footnotes":""},"class_list":["post-3485","page","type-page","status-publish","hentry"],"yoast_head":"<!-- This site is optimized with the Yoast SEO Premium plugin v24.5 (Yoast SEO v27.2) - https:\/\/yoast.com\/product\/yoast-seo-premium-wordpress\/ -->\n<title>Meditation Studio &amp; Lehrer in Berlin | Daily Meditation Berlin<\/title>\n<meta name=\"description\" content=\"Buche einen Meditationskurs \u2013 Meditation, einfach, klar und effektiv unterrichtet in Berlin \u2013 Lies die Geschichte von Daily Meditation Berlin\" \/>\n<meta name=\"robots\" content=\"index, follow, max-snippet:-1, max-image-preview:large, max-video-preview:-1\" \/>\n<link rel=\"canonical\" href=\"https:\/\/dailymeditationberlin.de\/de\/ueber-uns\/\" \/>\n<meta property=\"og:locale\" content=\"de_DE\" \/>\n<meta property=\"og:type\" content=\"article\" \/>\n<meta property=\"og:title\" content=\"\u00dcber uns\" \/>\n<meta property=\"og:description\" content=\"Buche einen Meditationskurs \u2013 Meditation, einfach, klar und effektiv unterrichtet in Berlin \u2013 Lies die Geschichte von Daily Meditation Berlin\" \/>\n<meta property=\"og:url\" content=\"https:\/\/dailymeditationberlin.de\/de\/ueber-uns\/\" \/>\n<meta property=\"og:site_name\" content=\"Daily Meditation Berlin\" \/>\n<meta property=\"article:modified_time\" content=\"2018-01-29T07:29:06+00:00\" \/>\n<meta name=\"twitter:card\" content=\"summary_large_image\" \/>\n<meta name=\"twitter:label1\" content=\"Gesch\u00e4tzte Lesezeit\" \/>\n\t<meta name=\"twitter:data1\" content=\"2\u00a0Minuten\" \/>\n<!-- \/ Yoast SEO Premium plugin. -->","yoast_head_json":{"title":"Meditation Studio & Lehrer in Berlin | Daily Meditation Berlin","description":"Buche einen Meditationskurs \u2013 Meditation, einfach, klar und effektiv unterrichtet in Berlin \u2013 Lies die Geschichte von Daily Meditation Berlin","robots":{"index":"index","follow":"follow","max-snippet":"max-snippet:-1","max-image-preview":"max-image-preview:large","max-video-preview":"max-video-preview:-1"},"canonical":"https:\/\/dailymeditationberlin.de\/de\/ueber-uns\/","og_locale":"de_DE","og_type":"article","og_title":"\u00dcber uns","og_description":"Buche einen Meditationskurs \u2013 Meditation, einfach, klar und effektiv unterrichtet in Berlin \u2013 Lies die Geschichte von Daily Meditation Berlin","og_url":"https:\/\/dailymeditationberlin.de\/de\/ueber-uns\/","og_site_name":"Daily Meditation Berlin","article_modified_time":"2018-01-29T07:29:06+00:00","twitter_card":"summary_large_image","twitter_misc":{"Gesch\u00e4tzte Lesezeit":"2\u00a0Minuten"},"schema":{"@context":"https:\/\/schema.org","@graph":[{"@type":"WebPage","@id":"https:\/\/dailymeditationberlin.de\/de\/ueber-uns\/","url":"https:\/\/dailymeditationberlin.de\/de\/ueber-uns\/","name":"Meditation Studio & Lehrer in Berlin | Daily Meditation Berlin","isPartOf":{"@id":"https:\/\/dailymeditationberlin.de\/de\/#website"},"datePublished":"2016-05-29T06:31:35+00:00","dateModified":"2018-01-29T07:29:06+00:00","description":"Buche einen Meditationskurs \u2013 Meditation, einfach, klar und effektiv unterrichtet in Berlin \u2013 Lies die Geschichte von Daily Meditation Berlin","breadcrumb":{"@id":"https:\/\/dailymeditationberlin.de\/de\/ueber-uns\/#breadcrumb"},"inLanguage":"de","potentialAction":[{"@type":"ReadAction","target":["https:\/\/dailymeditationberlin.de\/de\/ueber-uns\/"]}]},{"@type":"BreadcrumbList","@id":"https:\/\/dailymeditationberlin.de\/de\/ueber-uns\/#breadcrumb","itemListElement":[{"@type":"ListItem","position":1,"name":"Home","item":"https:\/\/dailymeditationberlin.de\/de\/"},{"@type":"ListItem","position":2,"name":"\u00dcber uns"}]},{"@type":"WebSite","@id":"https:\/\/dailymeditationberlin.de\/de\/#website","url":"https:\/\/dailymeditationberlin.de\/de\/","name":"Daily Meditation Berlin","description":"Book a Meditation Course in Berlin \u2013 Meet a Friendly &amp; Professional Meditation Teacher \u2013 Book a Course \u2013 Clear Instructions to Meditate Daily on your own.","potentialAction":[{"@type":"SearchAction","target":{"@type":"EntryPoint","urlTemplate":"https:\/\/dailymeditationberlin.de\/de\/?s={search_term_string}"},"query-input":{"@type":"PropertyValueSpecification","valueRequired":true,"valueName":"search_term_string"}}],"inLanguage":"de"}]}},"_links":{"self":[{"href":"https:\/\/dailymeditationberlin.de\/de\/wp-json\/wp\/v2\/pages\/3485","targetHints":{"allow":["GET"]}}],"collection":[{"href":"https:\/\/dailymeditationberlin.de\/de\/wp-json\/wp\/v2\/pages"}],"about":[{"href":"https:\/\/dailymeditationberlin.de\/de\/wp-json\/wp\/v2\/types\/page"}],"author":[{"embeddable":true,"href":"https:\/\/dailymeditationberlin.de\/de\/wp-json\/wp\/v2\/users\/1"}],"replies":[{"embeddable":true,"href":"https:\/\/dailymeditationberlin.de\/de\/wp-json\/wp\/v2\/comments?post=3485"}],"version-history":[{"count":0,"href":"https:\/\/dailymeditationberlin.de\/de\/wp-json\/wp\/v2\/pages\/3485\/revisions"}],"wp:attachment":[{"href":"https:\/\/dailymeditationberlin.de\/de\/wp-json\/wp\/v2\/media?parent=3485"}],"curies":[{"name":"wp","href":"https:\/\/api.w.org\/{rel}","templated":true}]}}