{"id":3492,"date":"2016-05-29T08:45:18","date_gmt":"2016-05-29T06:45:18","guid":{"rendered":"http:\/\/dailymeditationberlin.de\/?page_id=3492&#038;lang=de"},"modified":"2018-02-22T13:05:19","modified_gmt":"2018-02-22T12:05:19","slug":"meditation-kreuzberg","status":"publish","type":"page","link":"https:\/\/dailymeditationberlin.de\/de\/meditation-kreuzberg\/","title":{"rendered":"Kreuzberg"},"content":{"rendered":"<div  class=\"tatsu-ic088uc4q4g9fhhs tatsu-section    tatsu-clearfix\" data-title=\"\"  data-headerscheme=\"background--dark\"><div class='tatsu-section-pad clearfix' data-padding='90px 0% 90px 0%' data-padding-top='90px'><div class=\"tatsu-row-wrap  tatsu-wrap tatsu-row-one-col tatsu-row-has-one-cols tatsu-medium-gutter tatsu-reg-cols  tatsu-clearfix tatsu-ic088uc51ub8gs4j\" ><div  class=\"tatsu-row \" ><div  class=\"tatsu-column  tatsu-column-no-bg tatsu-one-col tatsu-column-image- tatsu-column-effect-  tatsu-ic088uc58obi5kf1\" data-animation=\"fadeIn\"   data-parallax-speed=\"0\" style=\"\"><div class=\"tatsu-column-inner \" ><div class=\"tatsu-column-pad-wrap\"><div class=\"tatsu-column-pad\" ><div  class=\"special-heading-wrap style3  tatsu-ic088uc5ntegew3r oshine-module 1   tatsu-animate  \" data-animation=\"fadeIn\"  ><div class=\"special-heading align-center\"><h2 class=\"special-h-tag\">Herzlich willkommen bei Daily Meditation in Kreuzberg<\/h2><\/div><div class=\"caption-wrap bottom-caption\"><h6 class=\"caption \">Meditationskurse f\u00fcr Anf\u00e4nger von professionellen Lehrern in Kreuzberg <span class=\"caption-inner\"><\/span><\/h6><\/div><style>.tatsu-ic088uc5ntegew3r .special-h-tag{color: #262626 ;}.tatsu-ic088uc5ntegew3r .top-caption h6{color: #999999 ;font-size: 16px;}.tatsu-ic088uc5ntegew3r .bottom-caption h6{color: #999999 ;font-size: 16px;}.tatsu-ic088uc5ntegew3r.special-heading-wrap.style3 .top-caption .caption .caption-inner{background: #efefef;}.tatsu-ic088uc5ntegew3r.special-heading-wrap.style3 .bottom-caption .caption .caption-inner{background: #efefef;}<\/style><\/div><\/div><\/div><div class = \"tatsu-column-bg-image-wrap\"><div class = \"tatsu-column-bg-image\" ><\/div><\/div><\/div><style>.tatsu-ic088uc58obi5kf1.tatsu-column > .tatsu-column-inner > .tatsu-column-pad-wrap > .tatsu-column-pad{padding: 0px 0px 0px 0px;}.tatsu-ic088uc58obi5kf1.tatsu-column > .tatsu-column-inner > .tatsu-column-overlay{mix-blend-mode: none;}.tatsu-ic088uc58obi5kf1 > .tatsu-column-inner > .tatsu-top-divider{z-index: 9999;}.tatsu-ic088uc58obi5kf1 > .tatsu-column-inner > .tatsu-bottom-divider{z-index: 9999;}.tatsu-ic088uc58obi5kf1 > .tatsu-column-inner > .tatsu-left-divider{z-index: 9999;}.tatsu-ic088uc58obi5kf1 > .tatsu-column-inner > .tatsu-right-divider{z-index: 9999;}.tatsu-ic088uc58obi5kf1.tatsu-column{transform: translate3d(0px,0px, 0);}<\/style><\/div><\/div><\/div><div class=\"tatsu-row-wrap  tatsu-wrap tatsu-row-has-three-cols tatsu-medium-gutter tatsu-reg-cols  tatsu-clearfix tatsu-ic088uc5s53gxjm1\" ><div  class=\"tatsu-row \" ><div  class=\"tatsu-column  tatsu-column-no-bg tatsu-one-third tatsu-column-image- tatsu-column-effect-  tatsu-ic088uc5yz5fddm0\" data-animation=\"fadeIn\"   data-parallax-speed=\"0\" style=\"\"><div class=\"tatsu-column-inner \" ><div class=\"tatsu-column-pad-wrap\"><div class=\"tatsu-column-pad\" ><div  class=\"tatsu-module tatsu-normal-icon tatsu-icon-shortcode align-center tatsu-ic088uc6887b6gxl   \"><style>.tatsu-ic088uc6887b6gxl .tatsu-icon{color: #89be4f ;border-width: 1px;border-color: #89be4f; }<\/style><a href=\"#\"  class=\"tatsu-icon-wrap circle     \" data-animation=\"fadeIn\"   aria-label=\"icon-users\" data-gdpr-atts={}   ><i class=\"tatsu-icon tatsu-custom-icon tatsu-custom-icon-class icon-users medium circle\"  data-animation=\"fadeIn\" data-animation-delay=\"0\"><\/i><\/a><\/div><div  class=\"tatsu-module tatsu-text-block-wrap tatsu-ic088uc6br602zi6  \"><div class=\"tatsu-text-inner tatsu-align-center  clearfix\" data-animation=\"fadeIn\"  >\n<h5 style=\"text-align: center\">Gruppenkurse<\/h5>\n<p style=\"text-align: center\">Gruppenkurse k\u00f6nnen in Kreuzberg gebucht werden<\/p>\n<\/div><\/div><\/div><\/div><div class = \"tatsu-column-bg-image-wrap\"><div class = \"tatsu-column-bg-image\" ><\/div><\/div><\/div><style>.tatsu-ic088uc5yz5fddm0.tatsu-column > .tatsu-column-inner > .tatsu-column-pad-wrap > .tatsu-column-pad{padding: 0px 0px 0px 0px;}.tatsu-ic088uc5yz5fddm0.tatsu-column > .tatsu-column-inner > .tatsu-column-overlay{mix-blend-mode: none;}.tatsu-ic088uc5yz5fddm0 > .tatsu-column-inner > .tatsu-top-divider{z-index: 9999;}.tatsu-ic088uc5yz5fddm0 > .tatsu-column-inner > .tatsu-bottom-divider{z-index: 9999;}.tatsu-ic088uc5yz5fddm0 > .tatsu-column-inner > .tatsu-left-divider{z-index: 9999;}.tatsu-ic088uc5yz5fddm0 > .tatsu-column-inner > .tatsu-right-divider{z-index: 9999;}.tatsu-ic088uc5yz5fddm0.tatsu-column{transform: translate3d(0px,0px, 0);}<\/style><\/div><div  class=\"tatsu-column  tatsu-column-no-bg tatsu-one-third tatsu-column-image- tatsu-column-effect-  tatsu-ic088uc6ehftcy70\" data-animation=\"fadeIn\"   data-parallax-speed=\"0\" style=\"\"><div class=\"tatsu-column-inner \" ><div class=\"tatsu-column-pad-wrap\"><div class=\"tatsu-column-pad\" ><div  class=\"tatsu-module tatsu-normal-icon tatsu-icon-shortcode align-center tatsu-ic088uc6kd4u3ve3   \"><style>.tatsu-ic088uc6kd4u3ve3 .tatsu-icon{color: #89be4f ;border-width: 1px;border-color: #89be4f; }<\/style><a href=\"#\"  class=\"tatsu-icon-wrap circle     \" data-animation=\"fadeIn\"   aria-label=\"icon-calendar3\" data-gdpr-atts={}   ><i class=\"tatsu-icon tatsu-custom-icon tatsu-custom-icon-class icon-calendar3 medium circle\"  data-animation=\"fadeIn\" data-animation-delay=\"0\"><\/i><\/a><\/div><div  class=\"tatsu-module tatsu-text-block-wrap tatsu-ic088uc6n3cdfpku  \"><div class=\"tatsu-text-inner tatsu-align-center  clearfix\" data-animation=\"fadeIn\"  >\n<h5 style=\"text-align: center\">Wochenendausfl\u00fcge<\/h5>\n<p style=\"text-align: center\">Kostenlose w\u00f6chentliche Gruppenmeditationen f\u00fcr alle, die bei uns gelernt haben<\/p>\n<\/div><\/div><\/div><\/div><div class = \"tatsu-column-bg-image-wrap\"><div class = \"tatsu-column-bg-image\" ><\/div><\/div><\/div><style>.tatsu-ic088uc6ehftcy70.tatsu-column > .tatsu-column-inner > .tatsu-column-pad-wrap > .tatsu-column-pad{padding: 0px 0px 0px 0px;}.tatsu-ic088uc6ehftcy70.tatsu-column > .tatsu-column-inner > .tatsu-column-overlay{mix-blend-mode: none;}.tatsu-ic088uc6ehftcy70 > .tatsu-column-inner > .tatsu-top-divider{z-index: 9999;}.tatsu-ic088uc6ehftcy70 > .tatsu-column-inner > .tatsu-bottom-divider{z-index: 9999;}.tatsu-ic088uc6ehftcy70 > .tatsu-column-inner > .tatsu-left-divider{z-index: 9999;}.tatsu-ic088uc6ehftcy70 > .tatsu-column-inner > .tatsu-right-divider{z-index: 9999;}.tatsu-ic088uc6ehftcy70.tatsu-column{transform: translate3d(0px,0px, 0);}<\/style><\/div><div  class=\"tatsu-column  tatsu-column-no-bg tatsu-one-third tatsu-column-image- tatsu-column-effect-  tatsu-ic088uc6pgdy6p7x\" data-animation=\"fadeIn\"   data-parallax-speed=\"0\" style=\"\"><div class=\"tatsu-column-inner \" ><div class=\"tatsu-column-pad-wrap\"><div class=\"tatsu-column-pad\" ><div  class=\"tatsu-module tatsu-normal-icon tatsu-icon-shortcode align-center tatsu-ic088uc6wl3caco3   \"><style>.tatsu-ic088uc6wl3caco3 .tatsu-icon{color: #89be4f ;border-width: 1px;border-color: #89be4f; }<\/style><a href=\"#\"  class=\"tatsu-icon-wrap circle     \" data-animation=\"fadeIn\"   aria-label=\"icon-user\" data-gdpr-atts={}   ><i class=\"tatsu-icon tatsu-custom-icon tatsu-custom-icon-class icon-user medium circle\"  data-animation=\"fadeIn\" data-animation-delay=\"0\"><\/i><\/a><\/div><div  class=\"tatsu-module tatsu-text-block-wrap tatsu-ic088uc6zi18tewq  \"><div class=\"tatsu-text-inner tatsu-align-center  clearfix\" data-animation=\"fadeIn\"  >\n<h5 style=\"text-align: center\">Privatkurse<\/h5>\n<p style=\"text-align: center\">Einzel- und Privatkurse k\u00f6nnen in Kreuzberg gebucht werden<\/p>\n<\/div><\/div><\/div><\/div><div class = \"tatsu-column-bg-image-wrap\"><div class = \"tatsu-column-bg-image\" ><\/div><\/div><\/div><style>.tatsu-ic088uc6pgdy6p7x.tatsu-column > .tatsu-column-inner > .tatsu-column-pad-wrap > .tatsu-column-pad{padding: 0px 0px 0px 0px;}.tatsu-ic088uc6pgdy6p7x.tatsu-column > .tatsu-column-inner > .tatsu-column-overlay{mix-blend-mode: none;}.tatsu-ic088uc6pgdy6p7x > .tatsu-column-inner > .tatsu-top-divider{z-index: 9999;}.tatsu-ic088uc6pgdy6p7x > .tatsu-column-inner > .tatsu-bottom-divider{z-index: 9999;}.tatsu-ic088uc6pgdy6p7x > .tatsu-column-inner > .tatsu-left-divider{z-index: 9999;}.tatsu-ic088uc6pgdy6p7x > .tatsu-column-inner > .tatsu-right-divider{z-index: 9999;}.tatsu-ic088uc6pgdy6p7x.tatsu-column{transform: translate3d(0px,0px, 0);}<\/style><\/div><\/div><\/div><\/div><div class=\"tatsu-section-background-wrap\"><div class = \"tatsu-section-background\" ><\/div><\/div><style>.tatsu-ic088uc4q4g9fhhs .tatsu-section-pad{padding: 90px 0% 90px 0%;}.tatsu-ic088uc4q4g9fhhs.tatsu-section{margin: 0px 0px 0px 0px;}.tatsu-ic088uc4q4g9fhhs > .tatsu-bottom-divider{z-index: 9999;}.tatsu-ic088uc4q4g9fhhs > .tatsu-top-divider{z-index: 9999;}<\/style><\/div><div  class=\"tatsu-ic088uc72gggdmvx tatsu-section    tatsu-clearfix\" data-title=\"\"  data-headerscheme=\"background--dark\"><div class='tatsu-section-pad clearfix' data-padding='90px 0% 90px 0%' data-padding-top='90px'><div class=\"tatsu-row-wrap  tatsu-wrap tatsu-row-has-one-half tatsu-row-has-two-cols tatsu-medium-gutter tatsu-reg-cols  tatsu-clearfix tatsu-ic088uc7au8prrup\" ><div  class=\"tatsu-row \" ><div  class=\"tatsu-column  tatsu-column-no-bg tatsu-one-half tatsu-column-image- tatsu-column-effect-  tatsu-ic088uc7g7f3raeq\" data-animation=\"fadeIn\"   data-parallax-speed=\"0\" style=\"\"><div class=\"tatsu-column-inner \" ><div class=\"tatsu-column-pad-wrap\"><div class=\"tatsu-column-pad\" ><div  class=\"tatsu-module tatsu-text-block-wrap tatsu-ic088uc7nv7u28ky  \"><div class=\"tatsu-text-inner tatsu-align-center  clearfix\" data-animation=\"fadeIn\"  >\n<p>Unsere Meditationskurse k\u00f6nnen jeden Monat in Kreuzberg stattfinden, und wie immer sind Privatkurse auf Anfrage ebenfalls m\u00f6glich.<\/p>\n<p>Kreuzbergs fr\u00fche Geschichte als einer der \u00e4rmsten Bezirke Berlins und als isolierter Teil von Westberlin Ende der 70er Jahre \u00e4nderte sich, als es zu einem der kulturellen Zentren Berlins wurde, in der wiedervereinigten Stadt zentral gelegen und weltweit ber\u00fchmt f\u00fcr seine Gegenkultur und alternative Szene, in der sich die Stars des Rock und des New Wave, Iggy Pop und David Bowie oft wiederfanden.<\/p>\n<p>Bei Kreuzberg alter Einstellung, seinen Massen an Touristen und Clubs suchen die Anwohner des Kiezes nach Wegen der Entspannung, Erdung und Tatkraft. Kurse sind in Kreuzberg auf Anfrage buchbar, sobald es gen\u00fcgend Teilnehmer gibt.<\/p>\n<p>Wenn du in diesem Bezirk wohnst, bist du herzlich eingeladen, bei den Gruppenmeditationen mitzumachen, denn dort gibt es jeden Tag Menschen, die meditieren oder gib dir selbst die Chance, alleine zu meditieren &#8211; mit einem Privatkurs bei dir zu Hause.<\/p>\n<p>Es steht ein Lehrer zur Verf\u00fcgung, der in deinem Co-working-Raum, B\u00fcro, deiner Schule oder deinem Kleinunternehmen einen kostenlosen Vortrag \u00fcber Stressmanagement halten kann &#8211; dar\u00fcber, worum es bei Meditation geht, und warum sie so wertvoll ist.<\/p>\n<p>Gerne kannst du hier mit einem Lehrer Kontakt aufnehmen und deine Fragen stellen oder dir deinen Platz in einem Meditationskurs f\u00fcr Anf\u00e4nger sichern.<\/p>\n<\/div><\/div><\/div><\/div><div class = \"tatsu-column-bg-image-wrap\"><div class = \"tatsu-column-bg-image\" ><\/div><\/div><\/div><style>.tatsu-ic088uc7g7f3raeq.tatsu-column > .tatsu-column-inner > .tatsu-column-pad-wrap > .tatsu-column-pad{padding: 0px 0px 0px 0px;}.tatsu-ic088uc7g7f3raeq.tatsu-column > .tatsu-column-inner > .tatsu-column-overlay{mix-blend-mode: none;}.tatsu-ic088uc7g7f3raeq > .tatsu-column-inner > .tatsu-top-divider{z-index: 9999;}.tatsu-ic088uc7g7f3raeq > .tatsu-column-inner > .tatsu-bottom-divider{z-index: 9999;}.tatsu-ic088uc7g7f3raeq > .tatsu-column-inner > .tatsu-left-divider{z-index: 9999;}.tatsu-ic088uc7g7f3raeq > .tatsu-column-inner > .tatsu-right-divider{z-index: 9999;}.tatsu-ic088uc7g7f3raeq.tatsu-column{transform: translate3d(0px,0px, 0);}<\/style><\/div><div  class=\"tatsu-column  tatsu-column-no-bg tatsu-one-half tatsu-column-image- tatsu-column-effect-  tatsu-ic088uc7qycdbxfu\" data-animation=\"fadeIn\"   data-parallax-speed=\"0\" style=\"\"><div class=\"tatsu-column-inner \" ><div class=\"tatsu-column-pad-wrap\"><div class=\"tatsu-column-pad\" ><div  class=\"special-heading-wrap style3  tatsu-ic088uc7yreq828x oshine-module 1   tatsu-animate  \" data-animation=\"fadeIn\"  ><div class=\"caption-wrap top-caption\"><h6 class=\"caption \">Mach bei einer <span class=\"caption-inner\"><\/span><\/h6><\/div><div class=\"special-heading align-center\"><h4 class=\"special-h-tag\">kostenlosen Live-Frage-Antwort-Session <\/h4><\/div><div class=\"caption-wrap bottom-caption\"><h6 class=\"caption \">mit!<span class=\"caption-inner\"><\/span><\/h6><\/div><style>.tatsu-ic088uc7yreq828x .top-caption h6{color: #999999 ;font-size: 16px;}.tatsu-ic088uc7yreq828x .bottom-caption h6{color: #999999 ;font-size: 16px;}.tatsu-ic088uc7yreq828x.special-heading-wrap.style3 .top-caption .caption .caption-inner{background: #efefef;}.tatsu-ic088uc7yreq828x.special-heading-wrap.style3 .bottom-caption .caption .caption-inner{background: #efefef;}<\/style><\/div><div  class=\"tatsu-module tatsu-normal-button tatsu-button-wrap align-block block-center  tatsu-ic088uc81z3r3piw   \"><a class=\"tatsu-shortcode mediumbtn tatsu-button left-icon circular   bg-animation-slide-left  \" href=\"mailto:alison@dailymeditationberlin.de?Subject=When%27s%20the%20next%20intro%20available%3F&Body=Hi%20Ali%2C%20quick%20question%2C%20when%27s%20the%20next%20intro%20available%3F\" style= \"background-image: linear-gradient(to right, rgba(137,190,79,1) 50%, rgba(24,165,31,1) 50%);\" data-animation=\"fadeIn\"   aria-label=\"Contact & Book Here!\" data-gdpr-atts={} >Contact & Book Here!<\/a><style>.tatsu-ic088uc81z3r3piw .tatsu-button{color: #ffffff ;}<\/style><\/div><div  class=\"tatsu-empty-space  tatsu-ic088uc84tghkc2f  \" ><style>.tatsu-ic088uc84tghkc2f.tatsu-empty-space{height: 36px;}<\/style><\/div><\/div><\/div><div class = \"tatsu-column-bg-image-wrap\"><div class = \"tatsu-column-bg-image\" ><\/div><\/div><\/div><style>.tatsu-ic088uc7qycdbxfu.tatsu-column > .tatsu-column-inner > .tatsu-column-pad-wrap > .tatsu-column-pad{padding: 0px 0px 0px 0px;}.tatsu-ic088uc7qycdbxfu.tatsu-column > .tatsu-column-inner > .tatsu-column-overlay{mix-blend-mode: none;}.tatsu-ic088uc7qycdbxfu > .tatsu-column-inner > .tatsu-top-divider{z-index: 9999;}.tatsu-ic088uc7qycdbxfu > .tatsu-column-inner > .tatsu-bottom-divider{z-index: 9999;}.tatsu-ic088uc7qycdbxfu > .tatsu-column-inner > .tatsu-left-divider{z-index: 9999;}.tatsu-ic088uc7qycdbxfu > .tatsu-column-inner > .tatsu-right-divider{z-index: 9999;}.tatsu-ic088uc7qycdbxfu.tatsu-column{transform: translate3d(0px,0px, 0);}<\/style><\/div><\/div><\/div><\/div><div class=\"tatsu-section-background-wrap\"><div class = \"tatsu-section-background\" ><\/div><\/div><style>.tatsu-ic088uc72gggdmvx{border-width: 0px 0px px 0px;border-style: solid;}.tatsu-ic088uc72gggdmvx .tatsu-section-pad{padding: 90px 0% 90px 0%;}.tatsu-ic088uc72gggdmvx.tatsu-section{margin: 0px 0px 0px 0px;}.tatsu-ic088uc72gggdmvx > .tatsu-bottom-divider{z-index: 9999;}.tatsu-ic088uc72gggdmvx > .tatsu-top-divider{z-index: 9999;}@media only screen and (max-width:1377px) {.tatsu-ic088uc72gggdmvx{border-style: solid;}}@media only screen and (min-width:768px) and (max-width: 1024px) {.tatsu-ic088uc72gggdmvx{border-style: solid;}}@media only screen and (max-width: 767px) {.tatsu-ic088uc72gggdmvx{border-style: solid;}}<\/style><\/div>\n","protected":false},"excerpt":{"rendered":"<p><a href=\"https:\/\/dailymeditationberlin.de\/de\/meditation-kreuzberg\/\" class=\"more-link style2-button\">Weiterlesen<\/a><\/p>","protected":false},"author":1,"featured_media":0,"parent":0,"menu_order":0,"comment_status":"closed","ping_status":"closed","template":"","meta":{"footnotes":""},"class_list":["post-3492","page","type-page","status-publish","hentry"],"yoast_head":"<!-- This site is optimized with the Yoast SEO Premium plugin v24.5 (Yoast SEO v27.2) - https:\/\/yoast.com\/product\/yoast-seo-premium-wordpress\/ -->\n<title>Meditation: Unttericht &amp; Kurse in Kreuzberg | Daily Meditation Berlin<\/title>\n<meta name=\"description\" content=\"Erfahre mehr \u00fcber Meditation im Kreuzberg \u2013 Buche einen Kurs \u2013 Klare Anweisungen, die Meditation f\u00fcr dich effektiver, verst\u00e4ndlicher und einfacher machen.\" \/>\n<meta name=\"robots\" content=\"index, follow, max-snippet:-1, max-image-preview:large, max-video-preview:-1\" \/>\n<link rel=\"canonical\" href=\"https:\/\/dailymeditationberlin.de\/de\/meditation-kreuzberg\/\" \/>\n<meta property=\"og:locale\" content=\"de_DE\" \/>\n<meta property=\"og:type\" content=\"article\" \/>\n<meta property=\"og:title\" content=\"Kreuzberg\" \/>\n<meta property=\"og:description\" content=\"Erfahre mehr \u00fcber Meditation im Kreuzberg \u2013 Buche einen Kurs \u2013 Klare Anweisungen, die Meditation f\u00fcr dich effektiver, verst\u00e4ndlicher und einfacher machen.\" \/>\n<meta property=\"og:url\" content=\"https:\/\/dailymeditationberlin.de\/de\/meditation-kreuzberg\/\" \/>\n<meta property=\"og:site_name\" content=\"Daily Meditation Berlin\" \/>\n<meta property=\"article:modified_time\" content=\"2018-02-22T12:05:19+00:00\" \/>\n<meta name=\"twitter:card\" content=\"summary_large_image\" \/>\n<meta name=\"twitter:label1\" content=\"Gesch\u00e4tzte Lesezeit\" \/>\n\t<meta name=\"twitter:data1\" content=\"7\u00a0Minuten\" \/>\n<!-- \/ Yoast SEO Premium plugin. -->","yoast_head_json":{"title":"Meditation: Unttericht & Kurse in Kreuzberg | Daily Meditation Berlin","description":"Erfahre mehr \u00fcber Meditation im Kreuzberg \u2013 Buche einen Kurs \u2013 Klare Anweisungen, die Meditation f\u00fcr dich effektiver, verst\u00e4ndlicher und einfacher machen.","robots":{"index":"index","follow":"follow","max-snippet":"max-snippet:-1","max-image-preview":"max-image-preview:large","max-video-preview":"max-video-preview:-1"},"canonical":"https:\/\/dailymeditationberlin.de\/de\/meditation-kreuzberg\/","og_locale":"de_DE","og_type":"article","og_title":"Kreuzberg","og_description":"Erfahre mehr \u00fcber Meditation im Kreuzberg \u2013 Buche einen Kurs \u2013 Klare Anweisungen, die Meditation f\u00fcr dich effektiver, verst\u00e4ndlicher und einfacher machen.","og_url":"https:\/\/dailymeditationberlin.de\/de\/meditation-kreuzberg\/","og_site_name":"Daily Meditation Berlin","article_modified_time":"2018-02-22T12:05:19+00:00","twitter_card":"summary_large_image","twitter_misc":{"Gesch\u00e4tzte Lesezeit":"7\u00a0Minuten"},"schema":{"@context":"https:\/\/schema.org","@graph":[{"@type":"WebPage","@id":"https:\/\/dailymeditationberlin.de\/de\/meditation-kreuzberg\/","url":"https:\/\/dailymeditationberlin.de\/de\/meditation-kreuzberg\/","name":"Meditation: Unttericht & Kurse in Kreuzberg | Daily Meditation Berlin","isPartOf":{"@id":"https:\/\/dailymeditationberlin.de\/de\/#website"},"datePublished":"2016-05-29T06:45:18+00:00","dateModified":"2018-02-22T12:05:19+00:00","description":"Erfahre mehr \u00fcber Meditation im Kreuzberg \u2013 Buche einen Kurs \u2013 Klare Anweisungen, die Meditation f\u00fcr dich effektiver, verst\u00e4ndlicher und einfacher machen.","breadcrumb":{"@id":"https:\/\/dailymeditationberlin.de\/de\/meditation-kreuzberg\/#breadcrumb"},"inLanguage":"de","potentialAction":[{"@type":"ReadAction","target":["https:\/\/dailymeditationberlin.de\/de\/meditation-kreuzberg\/"]}]},{"@type":"BreadcrumbList","@id":"https:\/\/dailymeditationberlin.de\/de\/meditation-kreuzberg\/#breadcrumb","itemListElement":[{"@type":"ListItem","position":1,"name":"Home","item":"https:\/\/dailymeditationberlin.de\/de\/"},{"@type":"ListItem","position":2,"name":"Kreuzberg"}]},{"@type":"WebSite","@id":"https:\/\/dailymeditationberlin.de\/de\/#website","url":"https:\/\/dailymeditationberlin.de\/de\/","name":"Daily Meditation Berlin","description":"Book a Meditation Course in Berlin \u2013 Meet a Friendly &amp; Professional Meditation Teacher \u2013 Book a Course \u2013 Clear Instructions to Meditate Daily on your own.","potentialAction":[{"@type":"SearchAction","target":{"@type":"EntryPoint","urlTemplate":"https:\/\/dailymeditationberlin.de\/de\/?s={search_term_string}"},"query-input":{"@type":"PropertyValueSpecification","valueRequired":true,"valueName":"search_term_string"}}],"inLanguage":"de"}]}},"_links":{"self":[{"href":"https:\/\/dailymeditationberlin.de\/de\/wp-json\/wp\/v2\/pages\/3492","targetHints":{"allow":["GET"]}}],"collection":[{"href":"https:\/\/dailymeditationberlin.de\/de\/wp-json\/wp\/v2\/pages"}],"about":[{"href":"https:\/\/dailymeditationberlin.de\/de\/wp-json\/wp\/v2\/types\/page"}],"author":[{"embeddable":true,"href":"https:\/\/dailymeditationberlin.de\/de\/wp-json\/wp\/v2\/users\/1"}],"replies":[{"embeddable":true,"href":"https:\/\/dailymeditationberlin.de\/de\/wp-json\/wp\/v2\/comments?post=3492"}],"version-history":[{"count":0,"href":"https:\/\/dailymeditationberlin.de\/de\/wp-json\/wp\/v2\/pages\/3492\/revisions"}],"wp:attachment":[{"href":"https:\/\/dailymeditationberlin.de\/de\/wp-json\/wp\/v2\/media?parent=3492"}],"curies":[{"name":"wp","href":"https:\/\/api.w.org\/{rel}","templated":true}]}}