{"id":3495,"date":"2016-05-29T08:53:49","date_gmt":"2016-05-29T06:53:49","guid":{"rendered":"http:\/\/dailymeditationberlin.de\/?page_id=3495&#038;lang=de"},"modified":"2018-02-22T13:08:11","modified_gmt":"2018-02-22T12:08:11","slug":"meditation-neukoelln","status":"publish","type":"page","link":"https:\/\/dailymeditationberlin.de\/de\/meditation-neukoelln\/","title":{"rendered":"Neuk\u00f6lln"},"content":{"rendered":"<div  class=\"tatsu-ic07txh0fo2oyfzr tatsu-section    tatsu-clearfix\" data-title=\"\"  data-headerscheme=\"background--dark\"><div class='tatsu-section-pad clearfix' data-padding='90px 0% 90px 0%' data-padding-top='90px'><div class=\"tatsu-row-wrap  tatsu-wrap tatsu-row-one-col tatsu-row-has-one-cols tatsu-medium-gutter tatsu-reg-cols  tatsu-clearfix tatsu-ic07txh0tfclevel\" ><div  class=\"tatsu-row \" ><div  class=\"tatsu-column  tatsu-column-no-bg tatsu-one-col tatsu-column-image- tatsu-column-effect-  tatsu-ic07txh13n3dp9nz\" data-animation=\"fadeIn\"   data-parallax-speed=\"0\" style=\"\"><div class=\"tatsu-column-inner \" ><div class=\"tatsu-column-pad-wrap\"><div class=\"tatsu-column-pad\" ><div  class=\"special-heading-wrap style3  tatsu-ic07txh1ewa89vt3 oshine-module 1   tatsu-animate  \" data-animation=\"fadeIn\"  ><div class=\"special-heading align-center\"><h2 class=\"special-h-tag\">Willkommen bei Daily Meditation Berlin in Neuk\u00f6lln<\/h2><\/div><div class=\"caption-wrap bottom-caption\"><h6 class=\"caption \">Regul\u00e4re Kurse mit qualifizierten Meditationslehrern <span class=\"caption-inner\"><\/span><\/h6><\/div><style>.tatsu-ic07txh1ewa89vt3 .special-h-tag{color: #262626 ;}.tatsu-ic07txh1ewa89vt3 .top-caption h6{color: #999999 ;font-size: 16px;}.tatsu-ic07txh1ewa89vt3 .bottom-caption h6{color: #999999 ;font-size: 16px;}.tatsu-ic07txh1ewa89vt3.special-heading-wrap.style3 .top-caption .caption .caption-inner{background: #efefef;}.tatsu-ic07txh1ewa89vt3.special-heading-wrap.style3 .bottom-caption .caption .caption-inner{background: #efefef;}<\/style><\/div><\/div><\/div><div class = \"tatsu-column-bg-image-wrap\"><div class = \"tatsu-column-bg-image\" ><\/div><\/div><\/div><style>.tatsu-ic07txh13n3dp9nz.tatsu-column > .tatsu-column-inner > .tatsu-column-pad-wrap > .tatsu-column-pad{padding: 0px 0px 0px 0px;}.tatsu-ic07txh13n3dp9nz.tatsu-column > .tatsu-column-inner > .tatsu-column-overlay{mix-blend-mode: none;}.tatsu-ic07txh13n3dp9nz > .tatsu-column-inner > .tatsu-top-divider{z-index: 9999;}.tatsu-ic07txh13n3dp9nz > .tatsu-column-inner > .tatsu-bottom-divider{z-index: 9999;}.tatsu-ic07txh13n3dp9nz > .tatsu-column-inner > .tatsu-left-divider{z-index: 9999;}.tatsu-ic07txh13n3dp9nz > .tatsu-column-inner > .tatsu-right-divider{z-index: 9999;}.tatsu-ic07txh13n3dp9nz.tatsu-column{transform: translate3d(0px,0px, 0);}<\/style><\/div><\/div><\/div><div class=\"tatsu-row-wrap  tatsu-wrap tatsu-row-has-three-cols tatsu-medium-gutter tatsu-reg-cols  tatsu-clearfix tatsu-ic07txh1k82klxiy\" ><div  class=\"tatsu-row \" ><div  class=\"tatsu-column  tatsu-column-no-bg tatsu-one-third tatsu-column-image- tatsu-column-effect-  tatsu-ic07txh1sk2r7qmx\" data-animation=\"fadeIn\"   data-parallax-speed=\"0\" style=\"\"><div class=\"tatsu-column-inner \" ><div class=\"tatsu-column-pad-wrap\"><div class=\"tatsu-column-pad\" ><div  class=\"tatsu-module tatsu-normal-icon tatsu-icon-shortcode align-center tatsu-ic07txh22u1ifkdc   \"><style>.tatsu-ic07txh22u1ifkdc .tatsu-icon{color: #89be4f ;border-width: 1px;border-color: #89be4f; }<\/style><a href=\"#\"  class=\"tatsu-icon-wrap circle     \" data-animation=\"fadeIn\"   aria-label=\"icon-users\" data-gdpr-atts={}   ><i class=\"tatsu-icon tatsu-custom-icon tatsu-custom-icon-class icon-users medium circle\"  data-animation=\"fadeIn\" data-animation-delay=\"0\"><\/i><\/a><\/div><div  class=\"tatsu-module tatsu-text-block-wrap tatsu-ic07txh277fgc4l3  \"><div class=\"tatsu-text-inner tatsu-align-center  clearfix\" data-animation=\"fadeIn\"  >\n<h5 style=\"text-align: center\">Gruppenkurse<\/h5>\n<p style=\"text-align: center\">Gruppenkurse finden w\u00f6chentlich in Neuk\u00f6ln statt<\/p>\n<\/div><\/div><\/div><\/div><div class = \"tatsu-column-bg-image-wrap\"><div class = \"tatsu-column-bg-image\" ><\/div><\/div><\/div><style>.tatsu-ic07txh1sk2r7qmx.tatsu-column > .tatsu-column-inner > .tatsu-column-pad-wrap > .tatsu-column-pad{padding: 0px 0px 0px 0px;}.tatsu-ic07txh1sk2r7qmx.tatsu-column > .tatsu-column-inner > .tatsu-column-overlay{mix-blend-mode: none;}.tatsu-ic07txh1sk2r7qmx > .tatsu-column-inner > .tatsu-top-divider{z-index: 9999;}.tatsu-ic07txh1sk2r7qmx > .tatsu-column-inner > .tatsu-bottom-divider{z-index: 9999;}.tatsu-ic07txh1sk2r7qmx > .tatsu-column-inner > .tatsu-left-divider{z-index: 9999;}.tatsu-ic07txh1sk2r7qmx > .tatsu-column-inner > .tatsu-right-divider{z-index: 9999;}.tatsu-ic07txh1sk2r7qmx.tatsu-column{transform: translate3d(0px,0px, 0);}<\/style><\/div><div  class=\"tatsu-column  tatsu-column-no-bg tatsu-one-third tatsu-column-image- tatsu-column-effect-  tatsu-ic07txh2ay6ztn56\" data-animation=\"fadeIn\"   data-parallax-speed=\"0\" style=\"\"><div class=\"tatsu-column-inner \" ><div class=\"tatsu-column-pad-wrap\"><div class=\"tatsu-column-pad\" ><div  class=\"tatsu-module tatsu-normal-icon tatsu-icon-shortcode align-center tatsu-ic07txh2ji2f7t8y   \"><style>.tatsu-ic07txh2ji2f7t8y .tatsu-icon{color: #89be4f ;border-width: 1px;border-color: #89be4f; }<\/style><a href=\"#\"  class=\"tatsu-icon-wrap circle     \" data-animation=\"fadeIn\"   aria-label=\"icon-calendar3\" data-gdpr-atts={}   ><i class=\"tatsu-icon tatsu-custom-icon tatsu-custom-icon-class icon-calendar3 medium circle\"  data-animation=\"fadeIn\" data-animation-delay=\"0\"><\/i><\/a><\/div><div  class=\"tatsu-module tatsu-text-block-wrap tatsu-ic07txh2n4a9lfok  \"><div class=\"tatsu-text-inner tatsu-align-center  clearfix\" data-animation=\"fadeIn\"  >\n<h5 style=\"text-align: center\">W\u00f6chentliche Gruppenmeditation<\/h5>\n<p style=\"text-align: center\">Nimm Kontakt mit anderen Meditierenden auf<\/p>\n<\/div><\/div><\/div><\/div><div class = \"tatsu-column-bg-image-wrap\"><div class = \"tatsu-column-bg-image\" ><\/div><\/div><\/div><style>.tatsu-ic07txh2ay6ztn56.tatsu-column > .tatsu-column-inner > .tatsu-column-pad-wrap > .tatsu-column-pad{padding: 0px 0px 0px 0px;}.tatsu-ic07txh2ay6ztn56.tatsu-column > .tatsu-column-inner > .tatsu-column-overlay{mix-blend-mode: none;}.tatsu-ic07txh2ay6ztn56 > .tatsu-column-inner > .tatsu-top-divider{z-index: 9999;}.tatsu-ic07txh2ay6ztn56 > .tatsu-column-inner > .tatsu-bottom-divider{z-index: 9999;}.tatsu-ic07txh2ay6ztn56 > .tatsu-column-inner > .tatsu-left-divider{z-index: 9999;}.tatsu-ic07txh2ay6ztn56 > .tatsu-column-inner > .tatsu-right-divider{z-index: 9999;}.tatsu-ic07txh2ay6ztn56.tatsu-column{transform: translate3d(0px,0px, 0);}<\/style><\/div><div  class=\"tatsu-column  tatsu-column-no-bg tatsu-one-third tatsu-column-image- tatsu-column-effect-  tatsu-ic07txh2qb5mqaps\" data-animation=\"fadeIn\"   data-parallax-speed=\"0\" style=\"\"><div class=\"tatsu-column-inner \" ><div class=\"tatsu-column-pad-wrap\"><div class=\"tatsu-column-pad\" ><div  class=\"tatsu-module tatsu-normal-icon tatsu-icon-shortcode align-center tatsu-ic07txh2z7ch1ndn   \"><style>.tatsu-ic07txh2z7ch1ndn .tatsu-icon{color: #89be4f ;border-width: 1px;border-color: #89be4f; }<\/style><a href=\"#\"  class=\"tatsu-icon-wrap circle     \" data-animation=\"fadeIn\"   aria-label=\"icon-user\" data-gdpr-atts={}   ><i class=\"tatsu-icon tatsu-custom-icon tatsu-custom-icon-class icon-user medium circle\"  data-animation=\"fadeIn\" data-animation-delay=\"0\"><\/i><\/a><\/div><div  class=\"tatsu-module tatsu-text-block-wrap tatsu-ic07txh32remyb40  \"><div class=\"tatsu-text-inner tatsu-align-center  clearfix\" data-animation=\"fadeIn\"  >\n<h5 style=\"text-align: center\">Privatkurse<\/h5>\n<p style=\"text-align: center\">Einzelkurse sind in Neuk\u00f6lln buchbar<\/p>\n<\/div><\/div><\/div><\/div><div class = \"tatsu-column-bg-image-wrap\"><div class = \"tatsu-column-bg-image\" ><\/div><\/div><\/div><style>.tatsu-ic07txh2qb5mqaps.tatsu-column > .tatsu-column-inner > .tatsu-column-pad-wrap > .tatsu-column-pad{padding: 0px 0px 0px 0px;}.tatsu-ic07txh2qb5mqaps.tatsu-column > .tatsu-column-inner > .tatsu-column-overlay{mix-blend-mode: none;}.tatsu-ic07txh2qb5mqaps > .tatsu-column-inner > .tatsu-top-divider{z-index: 9999;}.tatsu-ic07txh2qb5mqaps > .tatsu-column-inner > .tatsu-bottom-divider{z-index: 9999;}.tatsu-ic07txh2qb5mqaps > .tatsu-column-inner > .tatsu-left-divider{z-index: 9999;}.tatsu-ic07txh2qb5mqaps > .tatsu-column-inner > .tatsu-right-divider{z-index: 9999;}.tatsu-ic07txh2qb5mqaps.tatsu-column{transform: translate3d(0px,0px, 0);}<\/style><\/div><\/div><\/div><\/div><div class=\"tatsu-section-background-wrap\"><div class = \"tatsu-section-background\" ><\/div><\/div><style>.tatsu-ic07txh0fo2oyfzr .tatsu-section-pad{padding: 90px 0% 90px 0%;}.tatsu-ic07txh0fo2oyfzr.tatsu-section{margin: 0px 0px 0px 0px;}.tatsu-ic07txh0fo2oyfzr > .tatsu-bottom-divider{z-index: 9999;}.tatsu-ic07txh0fo2oyfzr > .tatsu-top-divider{z-index: 9999;}<\/style><\/div><div  class=\"tatsu-ic07txh36y2l6hu5 tatsu-section    tatsu-clearfix\" data-title=\"\"  data-headerscheme=\"background--dark\"><div class='tatsu-section-pad clearfix' data-padding='90px 0% 90px 0%' data-padding-top='90px'><div class=\"tatsu-row-wrap  tatsu-wrap tatsu-row-has-one-half tatsu-row-has-two-cols tatsu-medium-gutter tatsu-reg-cols  tatsu-clearfix tatsu-ic07txh3lo7qmg1h\" ><div  class=\"tatsu-row \" ><div  class=\"tatsu-column  tatsu-column-no-bg tatsu-one-half tatsu-column-image- tatsu-column-effect-  tatsu-ic07txh3t0fze9nz\" data-animation=\"fadeIn\"   data-parallax-speed=\"0\" style=\"\"><div class=\"tatsu-column-inner \" ><div class=\"tatsu-column-pad-wrap\"><div class=\"tatsu-column-pad\" ><div  class=\"tatsu-module tatsu-text-block-wrap tatsu-ic07txh43t30o27r  \"><div class=\"tatsu-text-inner tatsu-align-center  clearfix\" data-animation=\"fadeIn\"  >\n<p>Daily Meditation Berlin hat seinen Sitz in Neuk\u00f6lln. Alle 14 Tage finden hier Meditationskurse f\u00fcr Anf\u00e4nger statt.<\/p>\n<p>Durch Neuk\u00f6llns Ruf als \u201cSzene-Kiez\u201d, die Co-working-Szene und die kulturell sehr unterschiedlichen Anwohner sind die Menschen hier von der Praxis der t\u00e4glichen Meditation fasziniert und so findet man hier eine ganze Gemeinde an Meditierenden im Kiez findet, die in Parks, \u00f6ffentlichen Verkehrsmitteln und am Arbeitsplatz meditieren.<\/p>\n<p>Wenn du gerade in der Gegend bist, gern an einer Gruppenmediation teilnehmen w\u00fcrdest, und mit anderen meditieren m\u00f6chtest, die es auch bei uns gelernt haben, nimm einfach \u00fcber den Link Mit einem Lehrer sprechen Kontakt mit uns auf.<\/p>\n<p>Es gibt fortlaufend kostenloses Einf\u00fchrungsvortr\u00e4ge \u00fcber Meditation, bei denen du alles \u00fcber Daily Meditation Berlin und die Lehrer, die mit uns zusammenarbeiten, erf\u00e4hrst.<\/p>\n<p>Ein Lehrer steht zur Verf\u00fcgung, um deinen Kollegen, Kunden oder Angestellten mit einer kurzen Pr\u00e4sentation Meditation vorzustellen. Dabei wird die Praxis besprochen und es werden einige Techniken vermittelt, mit denen die Menschen um dich herum besser und mit mehr Klarheit, Fokus und Ruhe arbeiten k\u00f6nnen.<\/p>\n<p>Kostenlose Auffrisch-Sessions gibt es fortlaufend in Neuk\u00f6lln f\u00fcr alle, die bei Daily Meditation Berlin einen Kurs belegt haben.<\/p>\n<p>Fortgeschrittene Kurse oder Beratungen k\u00f6nnen hier mit deutsch- und englischsprechenden Lehrern gebucht werden, und alles, was du wissen musst oder alle deine Fragen werden beantwortet.<\/p>\n<\/div><\/div><\/div><\/div><div class = \"tatsu-column-bg-image-wrap\"><div class = \"tatsu-column-bg-image\" ><\/div><\/div><\/div><style>.tatsu-ic07txh3t0fze9nz.tatsu-column > .tatsu-column-inner > .tatsu-column-pad-wrap > .tatsu-column-pad{padding: 0px 0px 0px 0px;}.tatsu-ic07txh3t0fze9nz.tatsu-column > .tatsu-column-inner > .tatsu-column-overlay{mix-blend-mode: none;}.tatsu-ic07txh3t0fze9nz > .tatsu-column-inner > .tatsu-top-divider{z-index: 9999;}.tatsu-ic07txh3t0fze9nz > .tatsu-column-inner > .tatsu-bottom-divider{z-index: 9999;}.tatsu-ic07txh3t0fze9nz > .tatsu-column-inner > .tatsu-left-divider{z-index: 9999;}.tatsu-ic07txh3t0fze9nz > .tatsu-column-inner > .tatsu-right-divider{z-index: 9999;}.tatsu-ic07txh3t0fze9nz.tatsu-column{transform: translate3d(0px,0px, 0);}<\/style><\/div><div  class=\"tatsu-column  tatsu-column-no-bg tatsu-one-half tatsu-column-image- tatsu-column-effect-  tatsu-ic07txh47qcgsu1v\" data-animation=\"fadeIn\"   data-parallax-speed=\"0\" style=\"\"><div class=\"tatsu-column-inner \" ><div class=\"tatsu-column-pad-wrap\"><div class=\"tatsu-column-pad\" ><div  class=\"special-heading-wrap style3  tatsu-ic07txh4hefa3stl oshine-module 1   tatsu-animate  \" data-animation=\"fadeIn\"  ><div class=\"caption-wrap top-caption\"><h6 class=\"caption \">Mach bei einer <span class=\"caption-inner\"><\/span><\/h6><\/div><div class=\"special-heading align-center\"><h4 class=\"special-h-tag\">kostenlosen Live-Frage-Antwort-Session <\/h4><\/div><div class=\"caption-wrap bottom-caption\"><h6 class=\"caption \">mit!<span class=\"caption-inner\"><\/span><\/h6><\/div><style>.tatsu-ic07txh4hefa3stl .top-caption h6{color: #999999 ;font-size: 16px;}.tatsu-ic07txh4hefa3stl .bottom-caption h6{color: #999999 ;font-size: 16px;}.tatsu-ic07txh4hefa3stl.special-heading-wrap.style3 .top-caption .caption .caption-inner{background: #efefef;}.tatsu-ic07txh4hefa3stl.special-heading-wrap.style3 .bottom-caption .caption .caption-inner{background: #efefef;}<\/style><\/div><div  class=\"tatsu-empty-space  tatsu-ic07txh4l356dmg3  \" ><style>.tatsu-ic07txh4l356dmg3.tatsu-empty-space{height: 35px;}<\/style><\/div><div  class=\"tatsu-module tatsu-normal-button tatsu-button-wrap align-block block-center  tatsu-ic07txh4noe23epf   \"><a class=\"tatsu-shortcode mediumbtn tatsu-button left-icon circular   bg-animation-none  \" href=\"mailto:alison@dailymeditationberlin.de?Subject=When%27s%20the%20next%20intro%20available%3F&Body=Hi%20Ali%2C%20quick%20question%2C%20when%27s%20the%20next%20intro%20available%3F\" style= \"\" data-animation=\"fadeIn\"   aria-label=\"Contact & book here!\" data-gdpr-atts={} >Contact & book here!<\/a><style>.tatsu-ic07txh4noe23epf .tatsu-button{background-color: rgba(137,190,79,1);color: #ffffff ;}.tatsu-ic07txh4noe23epf .tatsu-button:hover{background-color: rgba(24,165,31,1);}<\/style><\/div><\/div><\/div><div class = \"tatsu-column-bg-image-wrap\"><div class = \"tatsu-column-bg-image\" ><\/div><\/div><\/div><style>.tatsu-ic07txh47qcgsu1v.tatsu-column > .tatsu-column-inner > .tatsu-column-pad-wrap > .tatsu-column-pad{padding: 0px 0px 0px 0px;}.tatsu-ic07txh47qcgsu1v.tatsu-column > .tatsu-column-inner > .tatsu-column-overlay{mix-blend-mode: none;}.tatsu-ic07txh47qcgsu1v > .tatsu-column-inner > .tatsu-top-divider{z-index: 9999;}.tatsu-ic07txh47qcgsu1v > .tatsu-column-inner > .tatsu-bottom-divider{z-index: 9999;}.tatsu-ic07txh47qcgsu1v > .tatsu-column-inner > .tatsu-left-divider{z-index: 9999;}.tatsu-ic07txh47qcgsu1v > .tatsu-column-inner > .tatsu-right-divider{z-index: 9999;}.tatsu-ic07txh47qcgsu1v.tatsu-column{transform: translate3d(0px,0px, 0);}<\/style><\/div><\/div><\/div><\/div><div class=\"tatsu-section-background-wrap\"><div class = \"tatsu-section-background\" ><\/div><\/div><style>.tatsu-ic07txh36y2l6hu5{border-width: 0px 0px px 0px;border-style: solid;}.tatsu-ic07txh36y2l6hu5 .tatsu-section-pad{padding: 90px 0% 90px 0%;}.tatsu-ic07txh36y2l6hu5.tatsu-section{margin: 0px 0px 0px 0px;}.tatsu-ic07txh36y2l6hu5 > .tatsu-bottom-divider{z-index: 9999;}.tatsu-ic07txh36y2l6hu5 > .tatsu-top-divider{z-index: 9999;}@media only screen and (max-width:1377px) {.tatsu-ic07txh36y2l6hu5{border-style: solid;}}@media only screen and (min-width:768px) and (max-width: 1024px) {.tatsu-ic07txh36y2l6hu5{border-style: solid;}}@media only screen and (max-width: 767px) {.tatsu-ic07txh36y2l6hu5{border-style: solid;}}<\/style><\/div>\n","protected":false},"excerpt":{"rendered":"<p><a href=\"https:\/\/dailymeditationberlin.de\/de\/meditation-neukoelln\/\" class=\"more-link style2-button\">Weiterlesen<\/a><\/p>","protected":false},"author":1,"featured_media":0,"parent":0,"menu_order":0,"comment_status":"closed","ping_status":"closed","template":"","meta":{"footnotes":""},"class_list":["post-3495","page","type-page","status-publish","hentry"],"yoast_head":"<!-- This site is optimized with the Yoast SEO Premium plugin v24.5 (Yoast SEO v27.2) - https:\/\/yoast.com\/product\/yoast-seo-premium-wordpress\/ -->\n<title>Meditation in Neuk\u00f6lln | Daily Meditation Berlin<\/title>\n<meta name=\"description\" content=\"Erfahre mehr \u00fcber Meditation im Neuk\u00f6lln \u2013 Buche einen Kurs \u2013 Klare Anweisungen, die Meditation f\u00fcr dich effektiver, verst\u00e4ndlicher und einfacher machen.\" \/>\n<meta name=\"robots\" content=\"index, follow, max-snippet:-1, max-image-preview:large, max-video-preview:-1\" \/>\n<link rel=\"canonical\" href=\"https:\/\/dailymeditationberlin.de\/de\/meditation-neukoelln\/\" \/>\n<meta property=\"og:locale\" content=\"de_DE\" \/>\n<meta property=\"og:type\" content=\"article\" \/>\n<meta property=\"og:title\" content=\"Neuk\u00f6lln\" \/>\n<meta property=\"og:description\" content=\"Erfahre mehr \u00fcber Meditation im Neuk\u00f6lln \u2013 Buche einen Kurs \u2013 Klare Anweisungen, die Meditation f\u00fcr dich effektiver, verst\u00e4ndlicher und einfacher machen.\" \/>\n<meta property=\"og:url\" content=\"https:\/\/dailymeditationberlin.de\/de\/meditation-neukoelln\/\" \/>\n<meta property=\"og:site_name\" content=\"Daily Meditation Berlin\" \/>\n<meta property=\"article:modified_time\" content=\"2018-02-22T12:08:11+00:00\" \/>\n<meta name=\"twitter:card\" content=\"summary_large_image\" \/>\n<meta name=\"twitter:label1\" content=\"Gesch\u00e4tzte Lesezeit\" \/>\n\t<meta name=\"twitter:data1\" content=\"7\u00a0Minuten\" \/>\n<!-- \/ Yoast SEO Premium plugin. -->","yoast_head_json":{"title":"Meditation in Neuk\u00f6lln | Daily Meditation Berlin","description":"Erfahre mehr \u00fcber Meditation im Neuk\u00f6lln \u2013 Buche einen Kurs \u2013 Klare Anweisungen, die Meditation f\u00fcr dich effektiver, verst\u00e4ndlicher und einfacher machen.","robots":{"index":"index","follow":"follow","max-snippet":"max-snippet:-1","max-image-preview":"max-image-preview:large","max-video-preview":"max-video-preview:-1"},"canonical":"https:\/\/dailymeditationberlin.de\/de\/meditation-neukoelln\/","og_locale":"de_DE","og_type":"article","og_title":"Neuk\u00f6lln","og_description":"Erfahre mehr \u00fcber Meditation im Neuk\u00f6lln \u2013 Buche einen Kurs \u2013 Klare Anweisungen, die Meditation f\u00fcr dich effektiver, verst\u00e4ndlicher und einfacher machen.","og_url":"https:\/\/dailymeditationberlin.de\/de\/meditation-neukoelln\/","og_site_name":"Daily Meditation Berlin","article_modified_time":"2018-02-22T12:08:11+00:00","twitter_card":"summary_large_image","twitter_misc":{"Gesch\u00e4tzte Lesezeit":"7\u00a0Minuten"},"schema":{"@context":"https:\/\/schema.org","@graph":[{"@type":"WebPage","@id":"https:\/\/dailymeditationberlin.de\/de\/meditation-neukoelln\/","url":"https:\/\/dailymeditationberlin.de\/de\/meditation-neukoelln\/","name":"Meditation in Neuk\u00f6lln | Daily Meditation Berlin","isPartOf":{"@id":"https:\/\/dailymeditationberlin.de\/de\/#website"},"datePublished":"2016-05-29T06:53:49+00:00","dateModified":"2018-02-22T12:08:11+00:00","description":"Erfahre mehr \u00fcber Meditation im Neuk\u00f6lln \u2013 Buche einen Kurs \u2013 Klare Anweisungen, die Meditation f\u00fcr dich effektiver, verst\u00e4ndlicher und einfacher machen.","breadcrumb":{"@id":"https:\/\/dailymeditationberlin.de\/de\/meditation-neukoelln\/#breadcrumb"},"inLanguage":"de","potentialAction":[{"@type":"ReadAction","target":["https:\/\/dailymeditationberlin.de\/de\/meditation-neukoelln\/"]}]},{"@type":"BreadcrumbList","@id":"https:\/\/dailymeditationberlin.de\/de\/meditation-neukoelln\/#breadcrumb","itemListElement":[{"@type":"ListItem","position":1,"name":"Home","item":"https:\/\/dailymeditationberlin.de\/de\/"},{"@type":"ListItem","position":2,"name":"Neuk\u00f6lln"}]},{"@type":"WebSite","@id":"https:\/\/dailymeditationberlin.de\/de\/#website","url":"https:\/\/dailymeditationberlin.de\/de\/","name":"Daily Meditation Berlin","description":"Book a Meditation Course in Berlin \u2013 Meet a Friendly &amp; Professional Meditation Teacher \u2013 Book a Course \u2013 Clear Instructions to Meditate Daily on your own.","potentialAction":[{"@type":"SearchAction","target":{"@type":"EntryPoint","urlTemplate":"https:\/\/dailymeditationberlin.de\/de\/?s={search_term_string}"},"query-input":{"@type":"PropertyValueSpecification","valueRequired":true,"valueName":"search_term_string"}}],"inLanguage":"de"}]}},"_links":{"self":[{"href":"https:\/\/dailymeditationberlin.de\/de\/wp-json\/wp\/v2\/pages\/3495","targetHints":{"allow":["GET"]}}],"collection":[{"href":"https:\/\/dailymeditationberlin.de\/de\/wp-json\/wp\/v2\/pages"}],"about":[{"href":"https:\/\/dailymeditationberlin.de\/de\/wp-json\/wp\/v2\/types\/page"}],"author":[{"embeddable":true,"href":"https:\/\/dailymeditationberlin.de\/de\/wp-json\/wp\/v2\/users\/1"}],"replies":[{"embeddable":true,"href":"https:\/\/dailymeditationberlin.de\/de\/wp-json\/wp\/v2\/comments?post=3495"}],"version-history":[{"count":0,"href":"https:\/\/dailymeditationberlin.de\/de\/wp-json\/wp\/v2\/pages\/3495\/revisions"}],"wp:attachment":[{"href":"https:\/\/dailymeditationberlin.de\/de\/wp-json\/wp\/v2\/media?parent=3495"}],"curies":[{"name":"wp","href":"https:\/\/api.w.org\/{rel}","templated":true}]}}