{"id":3497,"date":"2016-05-29T08:57:57","date_gmt":"2016-05-29T06:57:57","guid":{"rendered":"http:\/\/dailymeditationberlin.de\/?page_id=3497&#038;lang=de"},"modified":"2018-02-22T13:06:56","modified_gmt":"2018-02-22T12:06:56","slug":"meditation-mitte","status":"publish","type":"page","link":"https:\/\/dailymeditationberlin.de\/de\/meditation-mitte\/","title":{"rendered":"Mitte"},"content":{"rendered":"<div  class=\"tatsu-ic07tppqjw6p07g6 tatsu-section    tatsu-clearfix\" data-title=\"\"  data-headerscheme=\"background--dark\"><div class='tatsu-section-pad clearfix' data-padding='90px 0% 90px 0%' data-padding-top='90px'><div class=\"tatsu-row-wrap  tatsu-wrap tatsu-row-one-col tatsu-row-has-one-cols tatsu-medium-gutter tatsu-reg-cols  tatsu-clearfix tatsu-ic07tppquj25vmh2\" ><div  class=\"tatsu-row \" ><div  class=\"tatsu-column  tatsu-column-no-bg tatsu-one-col tatsu-column-image- tatsu-column-effect-  tatsu-ic07tppr1m5m6y28\" data-animation=\"fadeIn\"   data-parallax-speed=\"0\" style=\"\"><div class=\"tatsu-column-inner \" ><div class=\"tatsu-column-pad-wrap\"><div class=\"tatsu-column-pad\" ><div  class=\"special-heading-wrap style3  tatsu-ic07tpprfv39kd7h oshine-module 1   tatsu-animate  \" data-animation=\"fadeIn\"  ><div class=\"special-heading align-center\"><h2 class=\"special-h-tag\">Daily Meditation Berlin, Mitte<\/h2><\/div><div class=\"caption-wrap bottom-caption\"><h6 class=\"caption \">Kurse & Unterricht von qualifizierten Meditationslehrern in Berlin Mitte <span class=\"caption-inner\"><\/span><\/h6><\/div><style>.tatsu-ic07tpprfv39kd7h .special-h-tag{color: #262626 ;}.tatsu-ic07tpprfv39kd7h .top-caption h6{color: #999999 ;font-size: 16px;}.tatsu-ic07tpprfv39kd7h .bottom-caption h6{color: #999999 ;font-size: 16px;}.tatsu-ic07tpprfv39kd7h.special-heading-wrap.style3 .top-caption .caption .caption-inner{background: #efefef;}.tatsu-ic07tpprfv39kd7h.special-heading-wrap.style3 .bottom-caption .caption .caption-inner{background: #efefef;}<\/style><\/div><\/div><\/div><div class = \"tatsu-column-bg-image-wrap\"><div class = \"tatsu-column-bg-image\" ><\/div><\/div><\/div><style>.tatsu-ic07tppr1m5m6y28.tatsu-column > .tatsu-column-inner > .tatsu-column-pad-wrap > .tatsu-column-pad{padding: 0px 0px 0px 0px;}.tatsu-ic07tppr1m5m6y28.tatsu-column > .tatsu-column-inner > .tatsu-column-overlay{mix-blend-mode: none;}.tatsu-ic07tppr1m5m6y28 > .tatsu-column-inner > .tatsu-top-divider{z-index: 9999;}.tatsu-ic07tppr1m5m6y28 > .tatsu-column-inner > .tatsu-bottom-divider{z-index: 9999;}.tatsu-ic07tppr1m5m6y28 > .tatsu-column-inner > .tatsu-left-divider{z-index: 9999;}.tatsu-ic07tppr1m5m6y28 > .tatsu-column-inner > .tatsu-right-divider{z-index: 9999;}.tatsu-ic07tppr1m5m6y28.tatsu-column{transform: translate3d(0px,0px, 0);}<\/style><\/div><\/div><\/div><div class=\"tatsu-row-wrap  tatsu-wrap tatsu-row-has-three-cols tatsu-medium-gutter tatsu-reg-cols  tatsu-clearfix tatsu-ic07tpprk43wj83v\" ><div  class=\"tatsu-row \" ><div  class=\"tatsu-column  tatsu-column-no-bg tatsu-one-third tatsu-column-image- tatsu-column-effect-  tatsu-ic07tpprq57dbnhy\" data-animation=\"fadeIn\"   data-parallax-speed=\"0\" style=\"\"><div class=\"tatsu-column-inner \" ><div class=\"tatsu-column-pad-wrap\"><div class=\"tatsu-column-pad\" ><div  class=\"tatsu-module tatsu-normal-icon tatsu-icon-shortcode align-center tatsu-ic07tppryubnaftq   \"><style>.tatsu-ic07tppryubnaftq .tatsu-icon{color: #89be4f ;border-width: 1px;border-color: #89be4f; }<\/style><a href=\"#\"  class=\"tatsu-icon-wrap circle     \" data-animation=\"fadeIn\"   aria-label=\"icon-users\" data-gdpr-atts={}   ><i class=\"tatsu-icon tatsu-custom-icon tatsu-custom-icon-class icon-users medium circle\"  data-animation=\"fadeIn\" data-animation-delay=\"0\"><\/i><\/a><\/div><div  class=\"tatsu-module tatsu-text-block-wrap tatsu-ic07tpps2i2ta9yq  \"><div class=\"tatsu-text-inner tatsu-align-center  clearfix\" data-animation=\"fadeIn\"  >\n<h5 style=\"text-align: center\">Gruppenkurse<\/h5>\n<p style=\"text-align: center\">Gruppenkurse sind in Mitte auf Anfrage buchbar<\/p>\n<\/div><\/div><\/div><\/div><div class = \"tatsu-column-bg-image-wrap\"><div class = \"tatsu-column-bg-image\" ><\/div><\/div><\/div><style>.tatsu-ic07tpprq57dbnhy.tatsu-column > .tatsu-column-inner > .tatsu-column-pad-wrap > .tatsu-column-pad{padding: 0px 0px 0px 0px;}.tatsu-ic07tpprq57dbnhy.tatsu-column > .tatsu-column-inner > .tatsu-column-overlay{mix-blend-mode: none;}.tatsu-ic07tpprq57dbnhy > .tatsu-column-inner > .tatsu-top-divider{z-index: 9999;}.tatsu-ic07tpprq57dbnhy > .tatsu-column-inner > .tatsu-bottom-divider{z-index: 9999;}.tatsu-ic07tpprq57dbnhy > .tatsu-column-inner > .tatsu-left-divider{z-index: 9999;}.tatsu-ic07tpprq57dbnhy > .tatsu-column-inner > .tatsu-right-divider{z-index: 9999;}.tatsu-ic07tpprq57dbnhy.tatsu-column{transform: translate3d(0px,0px, 0);}<\/style><\/div><div  class=\"tatsu-column  tatsu-column-no-bg tatsu-one-third tatsu-column-image- tatsu-column-effect-  tatsu-ic07tpps59filgo8\" data-animation=\"fadeIn\"   data-parallax-speed=\"0\" style=\"\"><div class=\"tatsu-column-inner \" ><div class=\"tatsu-column-pad-wrap\"><div class=\"tatsu-column-pad\" ><div  class=\"tatsu-module tatsu-normal-icon tatsu-icon-shortcode align-center tatsu-ic07tppsb14ck59n   \"><style>.tatsu-ic07tppsb14ck59n .tatsu-icon{color: #89be4f ;border-width: 1px;border-color: #89be4f; }<\/style><a href=\"#\"  class=\"tatsu-icon-wrap circle     \" data-animation=\"fadeIn\"   aria-label=\"icon-calendar3\" data-gdpr-atts={}   ><i class=\"tatsu-icon tatsu-custom-icon tatsu-custom-icon-class icon-calendar3 medium circle\"  data-animation=\"fadeIn\" data-animation-delay=\"0\"><\/i><\/a><\/div><div  class=\"tatsu-module tatsu-text-block-wrap tatsu-ic07tppsdk7z0coh  \"><div class=\"tatsu-text-inner tatsu-align-center  clearfix\" data-animation=\"fadeIn\"  >\n<h5 style=\"text-align: center\">Kostenlose Einf\u00fchrungs-Sessions<\/h5>\n<p style=\"text-align: center\">Erfahre mehr \u00fcber Daily Meditation in Berlin<\/p>\n<\/div><\/div><\/div><\/div><div class = \"tatsu-column-bg-image-wrap\"><div class = \"tatsu-column-bg-image\" ><\/div><\/div><\/div><style>.tatsu-ic07tpps59filgo8.tatsu-column > .tatsu-column-inner > .tatsu-column-pad-wrap > .tatsu-column-pad{padding: 0px 0px 0px 0px;}.tatsu-ic07tpps59filgo8.tatsu-column > .tatsu-column-inner > .tatsu-column-overlay{mix-blend-mode: none;}.tatsu-ic07tpps59filgo8 > .tatsu-column-inner > .tatsu-top-divider{z-index: 9999;}.tatsu-ic07tpps59filgo8 > .tatsu-column-inner > .tatsu-bottom-divider{z-index: 9999;}.tatsu-ic07tpps59filgo8 > .tatsu-column-inner > .tatsu-left-divider{z-index: 9999;}.tatsu-ic07tpps59filgo8 > .tatsu-column-inner > .tatsu-right-divider{z-index: 9999;}.tatsu-ic07tpps59filgo8.tatsu-column{transform: translate3d(0px,0px, 0);}<\/style><\/div><div  class=\"tatsu-column  tatsu-column-no-bg tatsu-one-third tatsu-column-image- tatsu-column-effect-  tatsu-ic07tppsfv7juqnc\" data-animation=\"fadeIn\"   data-parallax-speed=\"0\" style=\"\"><div class=\"tatsu-column-inner \" ><div class=\"tatsu-column-pad-wrap\"><div class=\"tatsu-column-pad\" ><div  class=\"tatsu-module tatsu-normal-icon tatsu-icon-shortcode align-center tatsu-ic07tppsmy14bvcu   \"><style>.tatsu-ic07tppsmy14bvcu .tatsu-icon{color: #89be4f ;border-width: 1px;border-color: #89be4f; }<\/style><a href=\"#\"  class=\"tatsu-icon-wrap circle     \" data-animation=\"fadeIn\"   aria-label=\"icon-user\" data-gdpr-atts={}   ><i class=\"tatsu-icon tatsu-custom-icon tatsu-custom-icon-class icon-user medium circle\"  data-animation=\"fadeIn\" data-animation-delay=\"0\"><\/i><\/a><\/div><div  class=\"tatsu-module tatsu-text-block-wrap tatsu-ic07tppsqs2tyiq2  \"><div class=\"tatsu-text-inner tatsu-align-center  clearfix\" data-animation=\"fadeIn\"  >\n<h5 style=\"text-align: center\">Privatkurse<\/h5>\n<p style=\"text-align: center\">Exklusive Privatkurse, oder Einzelstunden k\u00f6nnen in Mitte stattfinden<\/p>\n<\/div><\/div><\/div><\/div><div class = \"tatsu-column-bg-image-wrap\"><div class = \"tatsu-column-bg-image\" ><\/div><\/div><\/div><style>.tatsu-ic07tppsfv7juqnc.tatsu-column > .tatsu-column-inner > .tatsu-column-pad-wrap > .tatsu-column-pad{padding: 0px 0px 0px 0px;}.tatsu-ic07tppsfv7juqnc.tatsu-column > .tatsu-column-inner > .tatsu-column-overlay{mix-blend-mode: none;}.tatsu-ic07tppsfv7juqnc > .tatsu-column-inner > .tatsu-top-divider{z-index: 9999;}.tatsu-ic07tppsfv7juqnc > .tatsu-column-inner > .tatsu-bottom-divider{z-index: 9999;}.tatsu-ic07tppsfv7juqnc > .tatsu-column-inner > .tatsu-left-divider{z-index: 9999;}.tatsu-ic07tppsfv7juqnc > .tatsu-column-inner > .tatsu-right-divider{z-index: 9999;}.tatsu-ic07tppsfv7juqnc.tatsu-column{transform: translate3d(0px,0px, 0);}<\/style><\/div><\/div><\/div><\/div><div class=\"tatsu-section-background-wrap\"><div class = \"tatsu-section-background\" ><\/div><\/div><style>.tatsu-ic07tppqjw6p07g6 .tatsu-section-pad{padding: 90px 0% 90px 0%;}.tatsu-ic07tppqjw6p07g6.tatsu-section{margin: 0px 0px 0px 0px;}.tatsu-ic07tppqjw6p07g6 > .tatsu-bottom-divider{z-index: 9999;}.tatsu-ic07tppqjw6p07g6 > .tatsu-top-divider{z-index: 9999;}<\/style><\/div><div  class=\"tatsu-ic07tppsv0bb450o tatsu-section    tatsu-clearfix\" data-title=\"\"  data-headerscheme=\"background--dark\"><div class='tatsu-section-pad clearfix' data-padding='90px 0% 90px 0%' data-padding-top='90px'><div class=\"tatsu-row-wrap  tatsu-wrap tatsu-row-has-one-half tatsu-row-has-two-cols tatsu-medium-gutter tatsu-reg-cols  tatsu-clearfix tatsu-ic07tppt4qatkx5l\" ><div  class=\"tatsu-row \" ><div  class=\"tatsu-column  tatsu-column-no-bg tatsu-one-half tatsu-column-image- tatsu-column-effect-  tatsu-ic07tppt9vf11xp5\" data-animation=\"fadeIn\"   data-parallax-speed=\"0\" style=\"\"><div class=\"tatsu-column-inner \" ><div class=\"tatsu-column-pad-wrap\"><div class=\"tatsu-column-pad\" ><div  class=\"tatsu-module tatsu-text-block-wrap tatsu-ic07tppthzcgo11u  \"><div class=\"tatsu-text-inner tatsu-align-center  clearfix\" data-animation=\"fadeIn\"  >\n<p>Anf\u00e4nger-Meditationskurse k\u00f6nnen je nach Interesse jeden Monat stattfinden. Private Meditationskurse an einem vom Sch\u00fcler gew\u00e4hlten Ort k\u00f6nnen jederzeit in Berlin Mitte gebucht werden.<\/p>\n<p>Mitte, der \u00e4lteste Stadtteil Berlins entstand in alten Zeiten auf einer Sandbank an einer Gabelung der Spree, die es v\u00f6llig umgab, sodass es im gro\u00dfen Fluss eine kleine Insel bildete. Die ersten Siedler waren Fischer, f\u00fcr die dieser Standort mit seiner kleinen Insellage den perfekten Schutz und gleichzeitig viele M\u00f6glichkeiten zu Fischfang bot.<\/p>\n<p>In modernen Zeiten war Mitte einer von zwei Bezirken, die sowohl zum alten West- als auch zu Ostberlin geh\u00f6rten. Jetzt, da es in Mitte so viele Touristen, Nationalit\u00e4ten, Bars, Luxuswohnungen und Gesch\u00e4fte gibt, suchen die Anwohner von Mitte etwas mehr Klarheit, Ruhe und Fokus durch eine Technik t\u00e4glicher Meditation  \u2013 mehr als in jedem anderen Berliner Bezirk wird hier online nach Meditationstechniken oder Techniken f\u00fcr Stressreduzierung gesucht.<\/p>\n<p>Wenn du in Mitte wohnst, und bei uns einen Kurs gemacht hast, stehen dir den ganzen Monat \u00fcber kostenlose w\u00f6chentliche Gruppenkurse in diesem Bezirk offen.<\/p>\n<p>Lehrer arbeiten in diesem Bezirk oft mit Schulen, Firmen und Co-Working-R\u00e4umen und zeigen den Menschen, wie sie im Alltag effektiver und pr\u00e4senter werden kann. Also nicht gez\u00f6gert, frage heute noch nach einer kurzen Einf\u00fchrungssession mit einem Lehrer, es k\u00f6nnte einer ganz in der N\u00e4he sein!<\/p>\n<p>Wenn du Fragen dar\u00fcber hast, wie und wo man im Herzen von Berlin, in dieser faszinierenden ersten Ansiedlung Berlins Meditation lernen kann, nimm einfach hier mit uns Kontakt auf und unterhalte dich mit einem Lehrer.<\/p>\n<\/div><\/div><\/div><\/div><div class = \"tatsu-column-bg-image-wrap\"><div class = \"tatsu-column-bg-image\" ><\/div><\/div><\/div><style>.tatsu-ic07tppt9vf11xp5.tatsu-column > .tatsu-column-inner > .tatsu-column-pad-wrap > .tatsu-column-pad{padding: 0px 0px 0px 0px;}.tatsu-ic07tppt9vf11xp5.tatsu-column > .tatsu-column-inner > .tatsu-column-overlay{mix-blend-mode: none;}.tatsu-ic07tppt9vf11xp5 > .tatsu-column-inner > .tatsu-top-divider{z-index: 9999;}.tatsu-ic07tppt9vf11xp5 > .tatsu-column-inner > .tatsu-bottom-divider{z-index: 9999;}.tatsu-ic07tppt9vf11xp5 > .tatsu-column-inner > .tatsu-left-divider{z-index: 9999;}.tatsu-ic07tppt9vf11xp5 > .tatsu-column-inner > .tatsu-right-divider{z-index: 9999;}.tatsu-ic07tppt9vf11xp5.tatsu-column{transform: translate3d(0px,0px, 0);}<\/style><\/div><div  class=\"tatsu-column  tatsu-column-no-bg tatsu-one-half tatsu-column-image- tatsu-column-effect-  tatsu-ic07tpptkzipj7s\" data-animation=\"fadeIn\"   data-parallax-speed=\"0\" style=\"\"><div class=\"tatsu-column-inner \" ><div class=\"tatsu-column-pad-wrap\"><div class=\"tatsu-column-pad\" ><div  class=\"special-heading-wrap style3  tatsu-ic07tppty72us3lo oshine-module 1   tatsu-animate  \" data-animation=\"fadeIn\"  ><div class=\"caption-wrap top-caption\"><h6 class=\"caption \">Mach bei einer <span class=\"caption-inner\"><\/span><\/h6><\/div><div class=\"special-heading align-center\"><h4 class=\"special-h-tag\">kostenlosen Live-Frage-Antwort-Session <\/h4><\/div><div class=\"caption-wrap bottom-caption\"><h6 class=\"caption \">mit!<span class=\"caption-inner\"><\/span><\/h6><\/div><style>.tatsu-ic07tppty72us3lo .top-caption h6{color: #999999 ;font-size: 16px;}.tatsu-ic07tppty72us3lo .bottom-caption h6{color: #999999 ;font-size: 16px;}.tatsu-ic07tppty72us3lo.special-heading-wrap.style3 .top-caption .caption .caption-inner{background: #efefef;}.tatsu-ic07tppty72us3lo.special-heading-wrap.style3 .bottom-caption .caption .caption-inner{background: #efefef;}<\/style><\/div><div  class=\"tatsu-module tatsu-normal-button tatsu-button-wrap align-block block-center  tatsu-ic07tppu1nejtnla   \"><a class=\"tatsu-shortcode mediumbtn tatsu-button left-icon circular   bg-animation-slide-left  \" href=\"mailto:alison@dailymeditationberlin.de?Subject=When%27s%20the%20next%20intro%20available%3F&Body=Hi%20Ali%2C%20quick%20question%2C%20when%27s%20the%20next%20intro%20available%3F\" style= \"background-image: linear-gradient(to right, rgba(137,190,79,1) 50%, rgba(24,165,31,1) 50%);\" data-animation=\"fadeIn\"   aria-label=\"Contact & Book Here!\" data-gdpr-atts={} >Contact & Book Here!<\/a><style>.tatsu-ic07tppu1nejtnla .tatsu-button{color: #ffffff ;}<\/style><\/div><div  class=\"tatsu-empty-space  tatsu-ic07tppu52cfacl5  \" ><style>.tatsu-ic07tppu52cfacl5.tatsu-empty-space{height: 36px;}<\/style><\/div><\/div><\/div><div class = \"tatsu-column-bg-image-wrap\"><div class = \"tatsu-column-bg-image\" ><\/div><\/div><\/div><style>.tatsu-ic07tpptkzipj7s.tatsu-column > .tatsu-column-inner > .tatsu-column-pad-wrap > .tatsu-column-pad{padding: 0px 0px 0px 0px;}.tatsu-ic07tpptkzipj7s.tatsu-column > .tatsu-column-inner > .tatsu-column-overlay{mix-blend-mode: none;}.tatsu-ic07tpptkzipj7s > .tatsu-column-inner > .tatsu-top-divider{z-index: 9999;}.tatsu-ic07tpptkzipj7s > .tatsu-column-inner > .tatsu-bottom-divider{z-index: 9999;}.tatsu-ic07tpptkzipj7s > .tatsu-column-inner > .tatsu-left-divider{z-index: 9999;}.tatsu-ic07tpptkzipj7s > .tatsu-column-inner > .tatsu-right-divider{z-index: 9999;}.tatsu-ic07tpptkzipj7s.tatsu-column{transform: translate3d(0px,0px, 0);}<\/style><\/div><\/div><\/div><\/div><div class=\"tatsu-section-background-wrap\"><div class = \"tatsu-section-background\" ><\/div><\/div><style>.tatsu-ic07tppsv0bb450o{border-width: 0px 0px px 0px;border-style: solid;}.tatsu-ic07tppsv0bb450o .tatsu-section-pad{padding: 90px 0% 90px 0%;}.tatsu-ic07tppsv0bb450o.tatsu-section{margin: 0px 0px 0px 0px;}.tatsu-ic07tppsv0bb450o > .tatsu-bottom-divider{z-index: 9999;}.tatsu-ic07tppsv0bb450o > .tatsu-top-divider{z-index: 9999;}@media only screen and (max-width:1377px) {.tatsu-ic07tppsv0bb450o{border-style: solid;}}@media only screen and (min-width:768px) and (max-width: 1024px) {.tatsu-ic07tppsv0bb450o{border-style: solid;}}@media only screen and (max-width: 767px) {.tatsu-ic07tppsv0bb450o{border-style: solid;}}<\/style><\/div>\n","protected":false},"excerpt":{"rendered":"<p><a href=\"https:\/\/dailymeditationberlin.de\/de\/meditation-mitte\/\" class=\"more-link style2-button\">Weiterlesen<\/a><\/p>","protected":false},"author":1,"featured_media":0,"parent":0,"menu_order":0,"comment_status":"closed","ping_status":"closed","template":"","meta":{"footnotes":""},"class_list":["post-3497","page","type-page","status-publish","hentry"],"yoast_head":"<!-- This site is optimized with the Yoast SEO Premium plugin v24.5 (Yoast SEO v27.2) - https:\/\/yoast.com\/product\/yoast-seo-premium-wordpress\/ -->\n<title>Meditation in Mitte | Daily Meditation Berlin<\/title>\n<meta name=\"description\" content=\"Erfahre mehr \u00fcber Meditation im Mitte \u2013 Buche einen Kurs \u2013 Klare Anweisungen, die Meditation f\u00fcr dich effektiver, verst\u00e4ndlicher und einfacher machen.\" \/>\n<meta name=\"robots\" content=\"index, follow, max-snippet:-1, max-image-preview:large, max-video-preview:-1\" \/>\n<link rel=\"canonical\" href=\"https:\/\/dailymeditationberlin.de\/de\/meditation-mitte\/\" \/>\n<meta property=\"og:locale\" content=\"de_DE\" \/>\n<meta property=\"og:type\" content=\"article\" \/>\n<meta property=\"og:title\" content=\"Mitte\" \/>\n<meta property=\"og:description\" content=\"Erfahre mehr \u00fcber Meditation im Mitte \u2013 Buche einen Kurs \u2013 Klare Anweisungen, die Meditation f\u00fcr dich effektiver, verst\u00e4ndlicher und einfacher machen.\" \/>\n<meta property=\"og:url\" content=\"https:\/\/dailymeditationberlin.de\/de\/meditation-mitte\/\" \/>\n<meta property=\"og:site_name\" content=\"Daily Meditation Berlin\" \/>\n<meta property=\"article:modified_time\" content=\"2018-02-22T12:06:56+00:00\" \/>\n<meta name=\"twitter:card\" content=\"summary_large_image\" \/>\n<meta name=\"twitter:label1\" content=\"Gesch\u00e4tzte Lesezeit\" \/>\n\t<meta name=\"twitter:data1\" content=\"8\u00a0Minuten\" \/>\n<!-- \/ Yoast SEO Premium plugin. -->","yoast_head_json":{"title":"Meditation in Mitte | Daily Meditation Berlin","description":"Erfahre mehr \u00fcber Meditation im Mitte \u2013 Buche einen Kurs \u2013 Klare Anweisungen, die Meditation f\u00fcr dich effektiver, verst\u00e4ndlicher und einfacher machen.","robots":{"index":"index","follow":"follow","max-snippet":"max-snippet:-1","max-image-preview":"max-image-preview:large","max-video-preview":"max-video-preview:-1"},"canonical":"https:\/\/dailymeditationberlin.de\/de\/meditation-mitte\/","og_locale":"de_DE","og_type":"article","og_title":"Mitte","og_description":"Erfahre mehr \u00fcber Meditation im Mitte \u2013 Buche einen Kurs \u2013 Klare Anweisungen, die Meditation f\u00fcr dich effektiver, verst\u00e4ndlicher und einfacher machen.","og_url":"https:\/\/dailymeditationberlin.de\/de\/meditation-mitte\/","og_site_name":"Daily Meditation Berlin","article_modified_time":"2018-02-22T12:06:56+00:00","twitter_card":"summary_large_image","twitter_misc":{"Gesch\u00e4tzte Lesezeit":"8\u00a0Minuten"},"schema":{"@context":"https:\/\/schema.org","@graph":[{"@type":"WebPage","@id":"https:\/\/dailymeditationberlin.de\/de\/meditation-mitte\/","url":"https:\/\/dailymeditationberlin.de\/de\/meditation-mitte\/","name":"Meditation in Mitte | Daily Meditation Berlin","isPartOf":{"@id":"https:\/\/dailymeditationberlin.de\/de\/#website"},"datePublished":"2016-05-29T06:57:57+00:00","dateModified":"2018-02-22T12:06:56+00:00","description":"Erfahre mehr \u00fcber Meditation im Mitte \u2013 Buche einen Kurs \u2013 Klare Anweisungen, die Meditation f\u00fcr dich effektiver, verst\u00e4ndlicher und einfacher machen.","breadcrumb":{"@id":"https:\/\/dailymeditationberlin.de\/de\/meditation-mitte\/#breadcrumb"},"inLanguage":"de","potentialAction":[{"@type":"ReadAction","target":["https:\/\/dailymeditationberlin.de\/de\/meditation-mitte\/"]}]},{"@type":"BreadcrumbList","@id":"https:\/\/dailymeditationberlin.de\/de\/meditation-mitte\/#breadcrumb","itemListElement":[{"@type":"ListItem","position":1,"name":"Home","item":"https:\/\/dailymeditationberlin.de\/de\/"},{"@type":"ListItem","position":2,"name":"Mitte"}]},{"@type":"WebSite","@id":"https:\/\/dailymeditationberlin.de\/de\/#website","url":"https:\/\/dailymeditationberlin.de\/de\/","name":"Daily Meditation Berlin","description":"Book a Meditation Course in Berlin \u2013 Meet a Friendly &amp; Professional Meditation Teacher \u2013 Book a Course \u2013 Clear Instructions to Meditate Daily on your own.","potentialAction":[{"@type":"SearchAction","target":{"@type":"EntryPoint","urlTemplate":"https:\/\/dailymeditationberlin.de\/de\/?s={search_term_string}"},"query-input":{"@type":"PropertyValueSpecification","valueRequired":true,"valueName":"search_term_string"}}],"inLanguage":"de"}]}},"_links":{"self":[{"href":"https:\/\/dailymeditationberlin.de\/de\/wp-json\/wp\/v2\/pages\/3497","targetHints":{"allow":["GET"]}}],"collection":[{"href":"https:\/\/dailymeditationberlin.de\/de\/wp-json\/wp\/v2\/pages"}],"about":[{"href":"https:\/\/dailymeditationberlin.de\/de\/wp-json\/wp\/v2\/types\/page"}],"author":[{"embeddable":true,"href":"https:\/\/dailymeditationberlin.de\/de\/wp-json\/wp\/v2\/users\/1"}],"replies":[{"embeddable":true,"href":"https:\/\/dailymeditationberlin.de\/de\/wp-json\/wp\/v2\/comments?post=3497"}],"version-history":[{"count":0,"href":"https:\/\/dailymeditationberlin.de\/de\/wp-json\/wp\/v2\/pages\/3497\/revisions"}],"wp:attachment":[{"href":"https:\/\/dailymeditationberlin.de\/de\/wp-json\/wp\/v2\/media?parent=3497"}],"curies":[{"name":"wp","href":"https:\/\/api.w.org\/{rel}","templated":true}]}}