{"id":3499,"date":"2016-05-29T09:01:53","date_gmt":"2016-05-29T07:01:53","guid":{"rendered":"http:\/\/dailymeditationberlin.de\/?page_id=3499&#038;lang=de"},"modified":"2018-02-22T13:09:48","modified_gmt":"2018-02-22T12:09:48","slug":"meditation-prenzlauer-berg","status":"publish","type":"page","link":"https:\/\/dailymeditationberlin.de\/de\/meditation-prenzlauer-berg\/","title":{"rendered":"Prenzlauer Berg"},"content":{"rendered":"<div  class=\"tatsu-ic2lrosnlyerqb84 tatsu-section    tatsu-clearfix\" data-title=\"\"  data-headerscheme=\"background--dark\"><div class='tatsu-section-pad clearfix' data-padding='90px 0% 90px 0%' data-padding-top='90px'><div class=\"tatsu-row-wrap  tatsu-wrap tatsu-row-one-col tatsu-row-has-one-cols tatsu-medium-gutter tatsu-reg-cols  tatsu-clearfix tatsu-ic2lroso432ccvjw\" ><div  class=\"tatsu-row \" ><div  class=\"tatsu-column  tatsu-column-no-bg tatsu-one-col tatsu-column-image- tatsu-column-effect-  tatsu-ic2lrosoda1tpqyf\" data-animation=\"fadeIn\"   data-parallax-speed=\"0\" style=\"\"><div class=\"tatsu-column-inner \" ><div class=\"tatsu-column-pad-wrap\"><div class=\"tatsu-column-pad\" ><div  class=\"special-heading-wrap style3  tatsu-ic2lrosory9rnce4 oshine-module 1   tatsu-animate  \" data-animation=\"fadeIn\"  ><div class=\"special-heading align-center\"><h2 class=\"special-h-tag\">Meditationsunterricht, Kurse und kostenlose Einf\u00fchrungssessions<\/h2><\/div><div class=\"caption-wrap bottom-caption\"><h6 class=\"caption \">Qualifizierte Sessions von Lehrern im Prenzlauer Berg <span class=\"caption-inner\"><\/span><\/h6><\/div><style>.tatsu-ic2lrosory9rnce4 .special-h-tag{color: #262626 ;}.tatsu-ic2lrosory9rnce4 .top-caption h6{color: #999999 ;font-size: 16px;}.tatsu-ic2lrosory9rnce4 .bottom-caption h6{color: #999999 ;font-size: 16px;}.tatsu-ic2lrosory9rnce4.special-heading-wrap.style3 .top-caption .caption .caption-inner{background: #efefef;}.tatsu-ic2lrosory9rnce4.special-heading-wrap.style3 .bottom-caption .caption .caption-inner{background: #efefef;}<\/style><\/div><\/div><\/div><div class = \"tatsu-column-bg-image-wrap\"><div class = \"tatsu-column-bg-image\" ><\/div><\/div><\/div><style>.tatsu-ic2lrosoda1tpqyf.tatsu-column > .tatsu-column-inner > .tatsu-column-pad-wrap > .tatsu-column-pad{padding: 0px 0px 0px 0px;}.tatsu-ic2lrosoda1tpqyf.tatsu-column > .tatsu-column-inner > .tatsu-column-overlay{mix-blend-mode: none;}.tatsu-ic2lrosoda1tpqyf > .tatsu-column-inner > .tatsu-top-divider{z-index: 9999;}.tatsu-ic2lrosoda1tpqyf > .tatsu-column-inner > .tatsu-bottom-divider{z-index: 9999;}.tatsu-ic2lrosoda1tpqyf > .tatsu-column-inner > .tatsu-left-divider{z-index: 9999;}.tatsu-ic2lrosoda1tpqyf > .tatsu-column-inner > .tatsu-right-divider{z-index: 9999;}.tatsu-ic2lrosoda1tpqyf.tatsu-column{transform: translate3d(0px,0px, 0);}<\/style><\/div><\/div><\/div><div class=\"tatsu-row-wrap  tatsu-wrap tatsu-row-has-three-cols tatsu-medium-gutter tatsu-reg-cols  tatsu-clearfix tatsu-ic2lrosoypkgyxi\" ><div  class=\"tatsu-row \" ><div  class=\"tatsu-column  tatsu-column-no-bg tatsu-one-third tatsu-column-image- tatsu-column-effect-  tatsu-ic2lrosp7j2qc8c3\" data-animation=\"fadeIn\"   data-parallax-speed=\"0\" style=\"\"><div class=\"tatsu-column-inner \" ><div class=\"tatsu-column-pad-wrap\"><div class=\"tatsu-column-pad\" ><div  class=\"tatsu-module tatsu-normal-icon tatsu-icon-shortcode align-center tatsu-ic2lrospl02qwuiw   \"><style>.tatsu-ic2lrospl02qwuiw .tatsu-icon{color: #89be4f ;border-width: 1px;border-color: #89be4f; }<\/style><a href=\"#\"  class=\"tatsu-icon-wrap circle     \" data-animation=\"fadeIn\"   aria-label=\"icon-users\" data-gdpr-atts={}   ><i class=\"tatsu-icon tatsu-custom-icon tatsu-custom-icon-class icon-users medium circle\"  data-animation=\"fadeIn\" data-animation-delay=\"0\"><\/i><\/a><\/div><div  class=\"tatsu-module tatsu-text-block-wrap tatsu-ic2lrospqv7b9xn2  \"><div class=\"tatsu-text-inner tatsu-align-center  clearfix\" data-animation=\"fadeIn\"  >\n<h5 style=\"text-align: center\">Gruppenkurse<\/h5>\n<p style=\"text-align: center\">Gruppen-Meditationskurse sind auf Anfrage buchbar<\/p>\n<\/div><\/div><\/div><\/div><div class = \"tatsu-column-bg-image-wrap\"><div class = \"tatsu-column-bg-image\" ><\/div><\/div><\/div><style>.tatsu-ic2lrosp7j2qc8c3.tatsu-column > .tatsu-column-inner > .tatsu-column-pad-wrap > .tatsu-column-pad{padding: 0px 0px 0px 0px;}.tatsu-ic2lrosp7j2qc8c3.tatsu-column > .tatsu-column-inner > .tatsu-column-overlay{mix-blend-mode: none;}.tatsu-ic2lrosp7j2qc8c3 > .tatsu-column-inner > .tatsu-top-divider{z-index: 9999;}.tatsu-ic2lrosp7j2qc8c3 > .tatsu-column-inner > .tatsu-bottom-divider{z-index: 9999;}.tatsu-ic2lrosp7j2qc8c3 > .tatsu-column-inner > .tatsu-left-divider{z-index: 9999;}.tatsu-ic2lrosp7j2qc8c3 > .tatsu-column-inner > .tatsu-right-divider{z-index: 9999;}.tatsu-ic2lrosp7j2qc8c3.tatsu-column{transform: translate3d(0px,0px, 0);}<\/style><\/div><div  class=\"tatsu-column  tatsu-column-no-bg tatsu-one-third tatsu-column-image- tatsu-column-effect-  tatsu-ic2lrospvw7oezpc\" data-animation=\"fadeIn\"   data-parallax-speed=\"0\" style=\"\"><div class=\"tatsu-column-inner \" ><div class=\"tatsu-column-pad-wrap\"><div class=\"tatsu-column-pad\" ><div  class=\"tatsu-module tatsu-normal-icon tatsu-icon-shortcode align-center tatsu-ic2lrosq6jpzpye   \"><style>.tatsu-ic2lrosq6jpzpye .tatsu-icon{color: #89be4f ;border-width: 1px;border-color: #89be4f; }<\/style><a href=\"#\"  class=\"tatsu-icon-wrap circle     \" data-animation=\"fadeIn\"   aria-label=\"icon-calendar3\" data-gdpr-atts={}   ><i class=\"tatsu-icon tatsu-custom-icon tatsu-custom-icon-class icon-calendar3 medium circle\"  data-animation=\"fadeIn\" data-animation-delay=\"0\"><\/i><\/a><\/div><div  class=\"tatsu-module tatsu-text-block-wrap tatsu-ic2lrosqcaeni8ab  \"><div class=\"tatsu-text-inner tatsu-align-center  clearfix\" data-animation=\"fadeIn\"  >\n<h5 style=\"text-align: center\">Kostenlose Einf\u00fchrungssessions<\/h5>\n<p style=\"text-align: center\">Lerne Daily Meditation Berlin im Prenzlauer Berg kennen<\/p>\n<\/div><\/div><\/div><\/div><div class = \"tatsu-column-bg-image-wrap\"><div class = \"tatsu-column-bg-image\" ><\/div><\/div><\/div><style>.tatsu-ic2lrospvw7oezpc.tatsu-column > .tatsu-column-inner > .tatsu-column-pad-wrap > .tatsu-column-pad{padding: 0px 0px 0px 0px;}.tatsu-ic2lrospvw7oezpc.tatsu-column > .tatsu-column-inner > .tatsu-column-overlay{mix-blend-mode: none;}.tatsu-ic2lrospvw7oezpc > .tatsu-column-inner > .tatsu-top-divider{z-index: 9999;}.tatsu-ic2lrospvw7oezpc > .tatsu-column-inner > .tatsu-bottom-divider{z-index: 9999;}.tatsu-ic2lrospvw7oezpc > .tatsu-column-inner > .tatsu-left-divider{z-index: 9999;}.tatsu-ic2lrospvw7oezpc > .tatsu-column-inner > .tatsu-right-divider{z-index: 9999;}.tatsu-ic2lrospvw7oezpc.tatsu-column{transform: translate3d(0px,0px, 0);}<\/style><\/div><div  class=\"tatsu-column  tatsu-column-no-bg tatsu-one-third tatsu-column-image- tatsu-column-effect-  tatsu-ic2lrosqgs4ljuxc\" data-animation=\"fadeIn\"   data-parallax-speed=\"0\" style=\"\"><div class=\"tatsu-column-inner \" ><div class=\"tatsu-column-pad-wrap\"><div class=\"tatsu-column-pad\" ><div  class=\"tatsu-module tatsu-normal-icon tatsu-icon-shortcode align-center tatsu-ic2lrosqqh2zjbu9   \"><style>.tatsu-ic2lrosqqh2zjbu9 .tatsu-icon{color: #89be4f ;border-width: 1px;border-color: #89be4f; }<\/style><a href=\"#\"  class=\"tatsu-icon-wrap circle     \" data-animation=\"fadeIn\"   aria-label=\"icon-user\" data-gdpr-atts={}   ><i class=\"tatsu-icon tatsu-custom-icon tatsu-custom-icon-class icon-user medium circle\"  data-animation=\"fadeIn\" data-animation-delay=\"0\"><\/i><\/a><\/div><div  class=\"tatsu-module tatsu-text-block-wrap tatsu-ic2lrosqvu6wqlbp  \"><div class=\"tatsu-text-inner tatsu-align-center  clearfix\" data-animation=\"fadeIn\"  >\n<h5 style=\"text-align: center\">Privatkurse<\/h5>\n<p style=\"text-align: center\">Exklusive, private Meditationskurse k\u00f6nnen immer gebucht werden<\/p>\n<\/div><\/div><\/div><\/div><div class = \"tatsu-column-bg-image-wrap\"><div class = \"tatsu-column-bg-image\" ><\/div><\/div><\/div><style>.tatsu-ic2lrosqgs4ljuxc.tatsu-column > .tatsu-column-inner > .tatsu-column-pad-wrap > .tatsu-column-pad{padding: 0px 0px 0px 0px;}.tatsu-ic2lrosqgs4ljuxc.tatsu-column > .tatsu-column-inner > .tatsu-column-overlay{mix-blend-mode: none;}.tatsu-ic2lrosqgs4ljuxc > .tatsu-column-inner > .tatsu-top-divider{z-index: 9999;}.tatsu-ic2lrosqgs4ljuxc > .tatsu-column-inner > .tatsu-bottom-divider{z-index: 9999;}.tatsu-ic2lrosqgs4ljuxc > .tatsu-column-inner > .tatsu-left-divider{z-index: 9999;}.tatsu-ic2lrosqgs4ljuxc > .tatsu-column-inner > .tatsu-right-divider{z-index: 9999;}.tatsu-ic2lrosqgs4ljuxc.tatsu-column{transform: translate3d(0px,0px, 0);}<\/style><\/div><\/div><\/div><\/div><div class=\"tatsu-section-background-wrap\"><div class = \"tatsu-section-background\" ><\/div><\/div><style>.tatsu-ic2lrosnlyerqb84 .tatsu-section-pad{padding: 90px 0% 90px 0%;}.tatsu-ic2lrosnlyerqb84.tatsu-section{margin: 0px 0px 0px 0px;}.tatsu-ic2lrosnlyerqb84 > .tatsu-bottom-divider{z-index: 9999;}.tatsu-ic2lrosnlyerqb84 > .tatsu-top-divider{z-index: 9999;}<\/style><\/div><div  class=\"tatsu-ic2lrosr1k6e6u94 tatsu-section    tatsu-clearfix\" data-title=\"\"  data-headerscheme=\"background--dark\"><div class='tatsu-section-pad clearfix' data-padding='90px 0% 90px 0%' data-padding-top='90px'><div class=\"tatsu-row-wrap  tatsu-wrap tatsu-row-has-one-half tatsu-row-has-two-cols tatsu-medium-gutter tatsu-reg-cols  tatsu-clearfix tatsu-ic2lrosrf85dw0cq\" ><div  class=\"tatsu-row \" ><div  class=\"tatsu-column  tatsu-column-no-bg tatsu-one-half tatsu-column-image- tatsu-column-effect-  tatsu-ic2lrosrokc6y6z9\" data-animation=\"fadeIn\"   data-parallax-speed=\"0\" style=\"\"><div class=\"tatsu-column-inner \" ><div class=\"tatsu-column-pad-wrap\"><div class=\"tatsu-column-pad\" ><div  class=\"tatsu-module tatsu-text-block-wrap tatsu-ic2lross0md2r0xj  \"><div class=\"tatsu-text-inner tatsu-align-center  clearfix\" data-animation=\"fadeIn\"  >\n<p>Meditationskurse f\u00fcr Anf\u00e4nger werden oft jeden Monat im Prenzlauer Berg abgehalten, wobei die Kurse allerdings vom Interesse im Bezirk abh\u00e4ngen. Private Meditationskurse gibt es immer und \u00fcberall im Prenzlauer Berg.<\/p>\n<p>Prenzlauer Berg liegt in einem ehemals gro\u00dfes Gletschertal, das den Gro\u00dfteil von Berlin durchzog. Es ist bekannt f\u00fcr seine Altbauwohnungen, da atemberaubende 80 % aller Geb\u00e4ude vor 1948 entstanden und irgendwie der Zerst\u00f6rung durch die Bombardierung Berlins entkommen sind und au\u00dferdem die DDR \u00fcberlebt haben, die die meisten Geb\u00e4ude in diesem Viertel vernachl\u00e4ssigte. Durch dieses andauernde Gl\u00fcck konnten viele wundersch\u00f6ne alte Geb\u00e4ude bis heute erhalten bleiben.<\/p>\n<p>Heute hat sich der Gro\u00dfteil von Prenzlauer Berg wegbewegt von seiner Vergangenheit der krassen Gegenkultur, und hat sich zu einem wundersch\u00f6nen Bezirk mit Bastell\u00e4den, Kinderg\u00e4rten, Co-Working-R\u00e4umen und Eckcaf\u00e9s entwickelt. Viele Menschen in diesem Bezirk lernen Meditation, um mit den Strapazen des Elternseins, eines eigenen Gesch\u00e4fts und der Arbeit in k\u00fcnstlerischen Bereichen fertigzuwerden, und damit sie alles N\u00f6tige erledigen und kreativer sein k\u00f6nnen und um sich die dringend n\u00f6tige Zeit f\u00fcr sich selbst zu nehmen.<\/p>\n<p>Wenn du in diesem Bezirk wohnst und bei Daily Meditation Berlin einen Kurs belegt hast, bist du bei den kostenlosen w\u00f6chentlichen Gruppenmeditation in diesem Bezirk herzlich willkommen, wann immer sie stattfinden.<\/p>\n<p>Nimm Kontakt mit einem Meditationslehrer auf, der mit deiner Firma reden, deinen Kindern Meditation beibringen oder dir eine kostenlose unterst\u00fctzende Session gegen den Alltagsstress anbieten kann.<\/p>\n<p>Wenn du Fragen hast, hinterlasse gern eine Nachricht und \u00fcberlege dir, ob du nicht einen Anf\u00e4ngerkurs in dieser Meditationstechnik und -praxis belegen kannst!<\/p>\n<\/div><\/div><\/div><\/div><div class = \"tatsu-column-bg-image-wrap\"><div class = \"tatsu-column-bg-image\" ><\/div><\/div><\/div><style>.tatsu-ic2lrosrokc6y6z9.tatsu-column > .tatsu-column-inner > .tatsu-column-pad-wrap > .tatsu-column-pad{padding: 0px 0px 0px 0px;}.tatsu-ic2lrosrokc6y6z9.tatsu-column > .tatsu-column-inner > .tatsu-column-overlay{mix-blend-mode: none;}.tatsu-ic2lrosrokc6y6z9 > .tatsu-column-inner > .tatsu-top-divider{z-index: 9999;}.tatsu-ic2lrosrokc6y6z9 > .tatsu-column-inner > .tatsu-bottom-divider{z-index: 9999;}.tatsu-ic2lrosrokc6y6z9 > .tatsu-column-inner > .tatsu-left-divider{z-index: 9999;}.tatsu-ic2lrosrokc6y6z9 > .tatsu-column-inner > .tatsu-right-divider{z-index: 9999;}.tatsu-ic2lrosrokc6y6z9.tatsu-column{transform: translate3d(0px,0px, 0);}<\/style><\/div><div  class=\"tatsu-column  tatsu-column-no-bg tatsu-one-half tatsu-column-image- tatsu-column-effect-  tatsu-ic2lross5i3rrf7r\" data-animation=\"fadeIn\"   data-parallax-speed=\"0\" style=\"\"><div class=\"tatsu-column-inner \" ><div class=\"tatsu-column-pad-wrap\"><div class=\"tatsu-column-pad\" ><div  class=\"special-heading-wrap style3  tatsu-ic2lrossi239swng oshine-module 1   tatsu-animate  \" data-animation=\"fadeIn\"  ><div class=\"caption-wrap top-caption\"><h6 class=\"caption \">Mach bei einer <span class=\"caption-inner\"><\/span><\/h6><\/div><div class=\"special-heading align-center\"><h4 class=\"special-h-tag\">kostenlosen Live-Frage-Antwort-Session <\/h4><\/div><div class=\"caption-wrap bottom-caption\"><h6 class=\"caption \">mit!<span class=\"caption-inner\"><\/span><\/h6><\/div><style>.tatsu-ic2lrossi239swng .top-caption h6{color: #999999 ;font-size: 16px;}.tatsu-ic2lrossi239swng .bottom-caption h6{color: #999999 ;font-size: 16px;}.tatsu-ic2lrossi239swng.special-heading-wrap.style3 .top-caption .caption .caption-inner{background: #efefef;}.tatsu-ic2lrossi239swng.special-heading-wrap.style3 .bottom-caption .caption .caption-inner{background: #efefef;}<\/style><\/div><div  class=\"tatsu-module tatsu-normal-button tatsu-button-wrap align-block block-center  tatsu-ic2lrossng5gsnod   \"><a class=\"tatsu-shortcode mediumbtn tatsu-button left-icon circular   bg-animation-slide-left  \" href=\"mailto:alison@dailymeditationberlin.de?Subject=When%27s%20the%20next%20intro%20available%3F&Body=Hi%20Ali%2C%20quick%20question%2C%20when%27s%20the%20next%20intro%20available%3F\" style= \"background-image: linear-gradient(to right, rgba(137,190,79,1) 50%, rgba(24,165,31,1) 50%);\" data-animation=\"fadeIn\"   aria-label=\"contact & book here\" data-gdpr-atts={} >contact & book here<\/a><style>.tatsu-ic2lrossng5gsnod .tatsu-button{color: #ffffff ;}<\/style><\/div><div  class=\"tatsu-empty-space  tatsu-ic2lrosssi32cdct  \" ><style>.tatsu-ic2lrosssi32cdct.tatsu-empty-space{height: 36px;}<\/style><\/div><\/div><\/div><div class = \"tatsu-column-bg-image-wrap\"><div class = \"tatsu-column-bg-image\" ><\/div><\/div><\/div><style>.tatsu-ic2lross5i3rrf7r.tatsu-column > .tatsu-column-inner > .tatsu-column-pad-wrap > .tatsu-column-pad{padding: 0px 0px 0px 0px;}.tatsu-ic2lross5i3rrf7r.tatsu-column > .tatsu-column-inner > .tatsu-column-overlay{mix-blend-mode: none;}.tatsu-ic2lross5i3rrf7r > .tatsu-column-inner > .tatsu-top-divider{z-index: 9999;}.tatsu-ic2lross5i3rrf7r > .tatsu-column-inner > .tatsu-bottom-divider{z-index: 9999;}.tatsu-ic2lross5i3rrf7r > .tatsu-column-inner > .tatsu-left-divider{z-index: 9999;}.tatsu-ic2lross5i3rrf7r > .tatsu-column-inner > .tatsu-right-divider{z-index: 9999;}.tatsu-ic2lross5i3rrf7r.tatsu-column{transform: translate3d(0px,0px, 0);}<\/style><\/div><\/div><\/div><\/div><div class=\"tatsu-section-background-wrap\"><div class = \"tatsu-section-background\" ><\/div><\/div><style>.tatsu-ic2lrosr1k6e6u94{border-width: 0px 0px px 0px;border-style: solid;}.tatsu-ic2lrosr1k6e6u94 .tatsu-section-pad{padding: 90px 0% 90px 0%;}.tatsu-ic2lrosr1k6e6u94.tatsu-section{margin: 0px 0px 0px 0px;}.tatsu-ic2lrosr1k6e6u94 > .tatsu-bottom-divider{z-index: 9999;}.tatsu-ic2lrosr1k6e6u94 > .tatsu-top-divider{z-index: 9999;}@media only screen and (max-width:1377px) {.tatsu-ic2lrosr1k6e6u94{border-style: solid;}}@media only screen and (min-width:768px) and (max-width: 1024px) {.tatsu-ic2lrosr1k6e6u94{border-style: solid;}}@media only screen and (max-width: 767px) {.tatsu-ic2lrosr1k6e6u94{border-style: solid;}}<\/style><\/div>\n","protected":false},"excerpt":{"rendered":"<p><a href=\"https:\/\/dailymeditationberlin.de\/de\/meditation-prenzlauer-berg\/\" class=\"more-link style2-button\">Weiterlesen<\/a><\/p>","protected":false},"author":1,"featured_media":0,"parent":0,"menu_order":0,"comment_status":"closed","ping_status":"closed","template":"","meta":{"footnotes":""},"class_list":["post-3499","page","type-page","status-publish","hentry"],"yoast_head":"<!-- This site is optimized with the Yoast SEO Premium plugin v24.5 (Yoast SEO v27.2) - https:\/\/yoast.com\/product\/yoast-seo-premium-wordpress\/ -->\n<title>Meditation in Prenzlauer Berg | Daily Meditation Berlin<\/title>\n<meta name=\"description\" content=\"Meditation im Prenzlauer Berg \u2013 Buche einen Kurs \u2013 Klare Anweisungen, die Meditation f\u00fcr dich effektiver, verst\u00e4ndlicher und einfacher machen.\" \/>\n<meta name=\"robots\" content=\"index, follow, max-snippet:-1, max-image-preview:large, max-video-preview:-1\" \/>\n<link rel=\"canonical\" href=\"https:\/\/dailymeditationberlin.de\/de\/meditation-prenzlauer-berg\/\" \/>\n<meta property=\"og:locale\" content=\"de_DE\" \/>\n<meta property=\"og:type\" content=\"article\" \/>\n<meta property=\"og:title\" content=\"Prenzlauer Berg\" \/>\n<meta property=\"og:description\" content=\"Meditation im Prenzlauer Berg \u2013 Buche einen Kurs \u2013 Klare Anweisungen, die Meditation f\u00fcr dich effektiver, verst\u00e4ndlicher und einfacher machen.\" \/>\n<meta property=\"og:url\" content=\"https:\/\/dailymeditationberlin.de\/de\/meditation-prenzlauer-berg\/\" \/>\n<meta property=\"og:site_name\" content=\"Daily Meditation Berlin\" \/>\n<meta property=\"article:modified_time\" content=\"2018-02-22T12:09:48+00:00\" \/>\n<meta name=\"twitter:card\" content=\"summary_large_image\" \/>\n<meta name=\"twitter:label1\" content=\"Gesch\u00e4tzte Lesezeit\" \/>\n\t<meta name=\"twitter:data1\" content=\"8\u00a0Minuten\" \/>\n<!-- \/ Yoast SEO Premium plugin. -->","yoast_head_json":{"title":"Meditation in Prenzlauer Berg | Daily Meditation Berlin","description":"Meditation im Prenzlauer Berg \u2013 Buche einen Kurs \u2013 Klare Anweisungen, die Meditation f\u00fcr dich effektiver, verst\u00e4ndlicher und einfacher machen.","robots":{"index":"index","follow":"follow","max-snippet":"max-snippet:-1","max-image-preview":"max-image-preview:large","max-video-preview":"max-video-preview:-1"},"canonical":"https:\/\/dailymeditationberlin.de\/de\/meditation-prenzlauer-berg\/","og_locale":"de_DE","og_type":"article","og_title":"Prenzlauer Berg","og_description":"Meditation im Prenzlauer Berg \u2013 Buche einen Kurs \u2013 Klare Anweisungen, die Meditation f\u00fcr dich effektiver, verst\u00e4ndlicher und einfacher machen.","og_url":"https:\/\/dailymeditationberlin.de\/de\/meditation-prenzlauer-berg\/","og_site_name":"Daily Meditation Berlin","article_modified_time":"2018-02-22T12:09:48+00:00","twitter_card":"summary_large_image","twitter_misc":{"Gesch\u00e4tzte Lesezeit":"8\u00a0Minuten"},"schema":{"@context":"https:\/\/schema.org","@graph":[{"@type":"WebPage","@id":"https:\/\/dailymeditationberlin.de\/de\/meditation-prenzlauer-berg\/","url":"https:\/\/dailymeditationberlin.de\/de\/meditation-prenzlauer-berg\/","name":"Meditation in Prenzlauer Berg | Daily Meditation Berlin","isPartOf":{"@id":"https:\/\/dailymeditationberlin.de\/de\/#website"},"datePublished":"2016-05-29T07:01:53+00:00","dateModified":"2018-02-22T12:09:48+00:00","description":"Meditation im Prenzlauer Berg \u2013 Buche einen Kurs \u2013 Klare Anweisungen, die Meditation f\u00fcr dich effektiver, verst\u00e4ndlicher und einfacher machen.","breadcrumb":{"@id":"https:\/\/dailymeditationberlin.de\/de\/meditation-prenzlauer-berg\/#breadcrumb"},"inLanguage":"de","potentialAction":[{"@type":"ReadAction","target":["https:\/\/dailymeditationberlin.de\/de\/meditation-prenzlauer-berg\/"]}]},{"@type":"BreadcrumbList","@id":"https:\/\/dailymeditationberlin.de\/de\/meditation-prenzlauer-berg\/#breadcrumb","itemListElement":[{"@type":"ListItem","position":1,"name":"Home","item":"https:\/\/dailymeditationberlin.de\/de\/"},{"@type":"ListItem","position":2,"name":"Prenzlauer Berg"}]},{"@type":"WebSite","@id":"https:\/\/dailymeditationberlin.de\/de\/#website","url":"https:\/\/dailymeditationberlin.de\/de\/","name":"Daily Meditation Berlin","description":"Book a Meditation Course in Berlin \u2013 Meet a Friendly &amp; Professional Meditation Teacher \u2013 Book a Course \u2013 Clear Instructions to Meditate Daily on your own.","potentialAction":[{"@type":"SearchAction","target":{"@type":"EntryPoint","urlTemplate":"https:\/\/dailymeditationberlin.de\/de\/?s={search_term_string}"},"query-input":{"@type":"PropertyValueSpecification","valueRequired":true,"valueName":"search_term_string"}}],"inLanguage":"de"}]}},"_links":{"self":[{"href":"https:\/\/dailymeditationberlin.de\/de\/wp-json\/wp\/v2\/pages\/3499","targetHints":{"allow":["GET"]}}],"collection":[{"href":"https:\/\/dailymeditationberlin.de\/de\/wp-json\/wp\/v2\/pages"}],"about":[{"href":"https:\/\/dailymeditationberlin.de\/de\/wp-json\/wp\/v2\/types\/page"}],"author":[{"embeddable":true,"href":"https:\/\/dailymeditationberlin.de\/de\/wp-json\/wp\/v2\/users\/1"}],"replies":[{"embeddable":true,"href":"https:\/\/dailymeditationberlin.de\/de\/wp-json\/wp\/v2\/comments?post=3499"}],"version-history":[{"count":0,"href":"https:\/\/dailymeditationberlin.de\/de\/wp-json\/wp\/v2\/pages\/3499\/revisions"}],"wp:attachment":[{"href":"https:\/\/dailymeditationberlin.de\/de\/wp-json\/wp\/v2\/media?parent=3499"}],"curies":[{"name":"wp","href":"https:\/\/api.w.org\/{rel}","templated":true}]}}