{"id":3501,"date":"2016-05-29T09:04:04","date_gmt":"2016-05-29T07:04:04","guid":{"rendered":"http:\/\/dailymeditationberlin.de\/?page_id=3501&#038;lang=de"},"modified":"2018-01-29T08:29:17","modified_gmt":"2018-01-29T07:29:17","slug":"standorte","status":"publish","type":"page","link":"https:\/\/dailymeditationberlin.de\/de\/standorte\/","title":{"rendered":"Standorte"},"content":{"rendered":"<div id=\"orte\" class=\"tatsu-ic07trgebo2vcqoh tatsu-section  tatsu-bg-overlay   tatsu-clearfix\" data-title=\"\"  data-headerscheme=\"background--light\"><div class='tatsu-section-pad clearfix' data-padding='90px 0% 90px 0%' data-padding-top='90px'><div class=\"tatsu-row-wrap  tatsu-wrap tatsu-row-one-col tatsu-row-has-one-cols tatsu-medium-gutter tatsu-reg-cols  tatsu-clearfix tatsu-ic07trgemx8jbtn6\" ><div  class=\"tatsu-row \" ><div  class=\"tatsu-column  tatsu-column-no-bg tatsu-one-col tatsu-column-image- tatsu-column-effect-  tatsu-ic07trgerx3a6x3b\" data-animation=\"fadeIn\"   data-parallax-speed=\"0\" style=\"\"><div class=\"tatsu-column-inner \" ><div class=\"tatsu-column-pad-wrap\"><div class=\"tatsu-column-pad\" ><div  class=\"special-subtitle-wrap  tatsu-ic07trgf0r99j48   tatsu-animate \" data-animation=\"fadeIn\"   ><div class=\"align-center\"><span class=\"special-subtitle\" >Standorte<\/span><\/div><style>.tatsu-ic07trgf0r99j48 .special-subtitle{font-size: 18px;color: #ffffff ;width: 100%;}.tatsu-ic07trgf0r99j48.special-subtitle-wrap{margin-bottom: 30px;}<\/style><\/div><\/div><\/div><div class = \"tatsu-column-bg-image-wrap\"><div class = \"tatsu-column-bg-image\" ><\/div><\/div><\/div><style>.tatsu-ic07trgerx3a6x3b.tatsu-column > .tatsu-column-inner > .tatsu-column-pad-wrap > .tatsu-column-pad{padding: 0px 0px 0px 0px;}.tatsu-ic07trgerx3a6x3b.tatsu-column > .tatsu-column-inner{border-width: 0 0 0 0;}.tatsu-ic07trgerx3a6x3b.tatsu-column > .tatsu-column-inner > .tatsu-column-overlay{mix-blend-mode: none;}.tatsu-ic07trgerx3a6x3b > .tatsu-column-inner > .tatsu-top-divider{z-index: 9999;}.tatsu-ic07trgerx3a6x3b > .tatsu-column-inner > .tatsu-bottom-divider{z-index: 9999;}.tatsu-ic07trgerx3a6x3b > .tatsu-column-inner > .tatsu-left-divider{z-index: 9999;}.tatsu-ic07trgerx3a6x3b > .tatsu-column-inner > .tatsu-right-divider{z-index: 9999;}.tatsu-ic07trgerx3a6x3b.tatsu-column{transform: translate3d(0px,0px, 0);}<\/style><\/div><\/div><\/div><div class=\"tatsu-row-wrap  tatsu-wrap tatsu-row-has-one-half tatsu-row-has-two-cols tatsu-medium-gutter tatsu-reg-cols  tatsu-clearfix tatsu-ic07trgf4cbo5dvc\" ><div  class=\"tatsu-row \" ><div  class=\"tatsu-column  tatsu-column-no-bg tatsu-one-half tatsu-column-image- tatsu-column-effect-  tatsu-ic07trgf8x711khq\" data-animation=\"fadeIn\"   data-parallax-speed=\"0\" style=\"\"><div class=\"tatsu-column-inner \" ><div class=\"tatsu-column-pad-wrap\"><div class=\"tatsu-column-pad\" ><div  class=\"tatsu-module tatsu-title-icon  tatsu-ic07trgffpbvidrj  \" data-animation=\"fadeInUp\"  ><span class=\"tatsu-ti-wrap tatsu-ti medium plain align-left\" ><i class=\"icon-map-pin tatsu-ti tatsu-ti-icon\"><\/i><\/span><div class=\"tatsu-tc tatsu-tc-custom-space align-left medium plain\">\n<h3><a href=\"https:\/\/dailymeditationberlin.de\/de\/meditation-neukoelln\/\"><span style=\"color: #f2f2f2\">Neuk\u00f6lln<\/span><\/a><\/h3>\n<\/div><style>.tatsu-ic07trgffpbvidrj .tatsu-ti-icon{color: #2baaff ;}<\/style><\/div><div  class=\"tatsu-module tatsu-title-icon  tatsu-ic07trgfi833r021  \" data-animation=\"fadeIn\"  ><span class=\"tatsu-ti-wrap tatsu-ti medium plain align-left\" ><i class=\"icon-map-pin tatsu-ti tatsu-ti-icon\"><\/i><\/span><div class=\"tatsu-tc tatsu-tc-custom-space align-left medium plain\">\n<h3><a href=\"https:\/\/dailymeditationberlin.de\/de\/meditation-kreuzberg\/\"><span style=\"color: #f2f2f2\">Kreuzberg<\/span><\/a><\/h3>\n<\/div><style>.tatsu-ic07trgfi833r021 .tatsu-ti-icon{color: #2baaff ;}<\/style><\/div><\/div><\/div><div class = \"tatsu-column-bg-image-wrap\"><div class = \"tatsu-column-bg-image\" ><\/div><\/div><\/div><style>.tatsu-ic07trgf8x711khq.tatsu-column > .tatsu-column-inner > .tatsu-column-pad-wrap > .tatsu-column-pad{padding: 0px 0px 0px 0px;}.tatsu-ic07trgf8x711khq.tatsu-column > .tatsu-column-inner{border-width: 0 0 0 0;}.tatsu-ic07trgf8x711khq.tatsu-column > .tatsu-column-inner > .tatsu-column-overlay{mix-blend-mode: none;}.tatsu-ic07trgf8x711khq > .tatsu-column-inner > .tatsu-top-divider{z-index: 9999;}.tatsu-ic07trgf8x711khq > .tatsu-column-inner > .tatsu-bottom-divider{z-index: 9999;}.tatsu-ic07trgf8x711khq > .tatsu-column-inner > .tatsu-left-divider{z-index: 9999;}.tatsu-ic07trgf8x711khq > .tatsu-column-inner > .tatsu-right-divider{z-index: 9999;}.tatsu-ic07trgf8x711khq.tatsu-column{transform: translate3d(0px,0px, 0);}<\/style><\/div><div  class=\"tatsu-column  tatsu-column-no-bg tatsu-one-half tatsu-column-image- tatsu-column-effect-  tatsu-ic07trgfkbvyecb\" data-animation=\"fadeIn\"   data-parallax-speed=\"0\" style=\"\"><div class=\"tatsu-column-inner \" ><div class=\"tatsu-column-pad-wrap\"><div class=\"tatsu-column-pad\" ><div  class=\"tatsu-module tatsu-title-icon  tatsu-ic07trgfpwbru84e  \" data-animation=\"fadeIn\"  ><span class=\"tatsu-ti-wrap tatsu-ti medium plain align-left\" ><i class=\"icon-map-pin tatsu-ti tatsu-ti-icon\"><\/i><\/span><div class=\"tatsu-tc tatsu-tc-custom-space align-left medium plain\">\n<h3><a href=\"https:\/\/dailymeditationberlin.de\/de\/meditation-mitte\/\"><span style=\"color: #f2f2f2\">Mitte<\/span><\/a><\/h3>\n<\/div><style>.tatsu-ic07trgfpwbru84e .tatsu-ti-icon{color: #2baaff ;}<\/style><\/div><div  class=\"tatsu-module tatsu-title-icon  tatsu-ic07trgfsi3hrl38  \" data-animation=\"fadeIn\"  ><span class=\"tatsu-ti-wrap tatsu-ti medium plain align-left\" ><i class=\"icon-map-pin tatsu-ti tatsu-ti-icon\"><\/i><\/span><div class=\"tatsu-tc tatsu-tc-custom-space align-left medium plain\">\n<h3><a href=\"https:\/\/dailymeditationberlin.de\/de\/meditation-prenzlauer-berg\/\"><span style=\"color: #f2f2f2\">Prenzlauer Berg<\/span><\/a><\/h3>\n<\/div><style>.tatsu-ic07trgfsi3hrl38 .tatsu-ti-icon{color: #2baaff ;}<\/style><\/div><\/div><\/div><div class = \"tatsu-column-bg-image-wrap\"><div class = \"tatsu-column-bg-image\" ><\/div><\/div><\/div><style>.tatsu-ic07trgfkbvyecb.tatsu-column > .tatsu-column-inner > .tatsu-column-pad-wrap > .tatsu-column-pad{padding: 0px 0px 0px 0px;}.tatsu-ic07trgfkbvyecb.tatsu-column > .tatsu-column-inner{border-width: 0 0 0 0;}.tatsu-ic07trgfkbvyecb.tatsu-column > .tatsu-column-inner > .tatsu-column-overlay{mix-blend-mode: none;}.tatsu-ic07trgfkbvyecb > .tatsu-column-inner > .tatsu-top-divider{z-index: 9999;}.tatsu-ic07trgfkbvyecb > .tatsu-column-inner > .tatsu-bottom-divider{z-index: 9999;}.tatsu-ic07trgfkbvyecb > .tatsu-column-inner > .tatsu-left-divider{z-index: 9999;}.tatsu-ic07trgfkbvyecb > .tatsu-column-inner > .tatsu-right-divider{z-index: 9999;}.tatsu-ic07trgfkbvyecb.tatsu-column{transform: translate3d(0px,0px, 0);}<\/style><\/div><\/div><\/div><div class=\"tatsu-row-wrap  tatsu-wrap tatsu-row-has-three-cols tatsu-medium-gutter tatsu-reg-cols  tatsu-clearfix tatsu-ic07trgfus72y7m5\" ><div  class=\"tatsu-row \" ><div  class=\"tatsu-column  tatsu-column-no-bg tatsu-one-third tatsu-column-image- tatsu-column-effect-  tatsu-ic07trgfzmeqt99g\" data-animation=\"fadeIn\"   data-parallax-speed=\"0\" style=\"\"><div class=\"tatsu-column-inner \" ><div class=\"tatsu-column-pad-wrap\"><div class=\"tatsu-column-pad\" ><div  class = \" tatsu-ic07trgg67ahznry accordion-wrap oshine-module\" ><div class = \"accordion\" data-collapsed=\"1\"><h3 class=\"accordion-head no-bg tatsu-ic07trggax1a2j1j\" style=\"\">Du findest deinen Kiez nicht?<style>.tatsu-ic07trggax1a2j1j.accordion-head{color: #eaeaea ;}<\/style><\/h3><div><span style=\"color: #f2f2f2\">Hinterlass deine Daten &amp; wir kommen zu dir!<\/span><br \/>\n[contact-form-7 id=&#8221;3446&#8243; title=&#8221;Locations \u2013 come to me&#8221;]<\/div><\/div><\/div><\/div><\/div><div class = \"tatsu-column-bg-image-wrap\"><div class = \"tatsu-column-bg-image\" ><\/div><\/div><\/div><style>.tatsu-ic07trgfzmeqt99g.tatsu-column > .tatsu-column-inner > .tatsu-column-pad-wrap > .tatsu-column-pad{padding: 0px 0px 0px 0px;}.tatsu-ic07trgfzmeqt99g.tatsu-column > .tatsu-column-inner{border-width: 0 0 0 0;}.tatsu-ic07trgfzmeqt99g.tatsu-column > .tatsu-column-inner > .tatsu-column-overlay{mix-blend-mode: none;}.tatsu-ic07trgfzmeqt99g > .tatsu-column-inner > .tatsu-top-divider{z-index: 9999;}.tatsu-ic07trgfzmeqt99g > .tatsu-column-inner > .tatsu-bottom-divider{z-index: 9999;}.tatsu-ic07trgfzmeqt99g > .tatsu-column-inner > .tatsu-left-divider{z-index: 9999;}.tatsu-ic07trgfzmeqt99g > .tatsu-column-inner > .tatsu-right-divider{z-index: 9999;}.tatsu-ic07trgfzmeqt99g.tatsu-column{transform: translate3d(0px,0px, 0);}<\/style><\/div><div  class=\"tatsu-column  tatsu-column-no-bg tatsu-one-third tatsu-column-image- tatsu-column-effect-  tatsu-ic07trggej6lxfnj\" data-animation=\"fadeIn\"   data-parallax-speed=\"0\" style=\"\"><div class=\"tatsu-column-inner \" ><div class=\"tatsu-column-pad-wrap\"><div class=\"tatsu-column-pad\" ><div  class=\"tatsu-empty-space  tatsu-ic07trggmfewc1g5  \" ><style>.tatsu-ic07trggmfewc1g5.tatsu-empty-space{height: 1px;}<\/style><\/div><\/div><\/div><div class = \"tatsu-column-bg-image-wrap\"><div class = \"tatsu-column-bg-image\" ><\/div><\/div><\/div><style>.tatsu-ic07trggej6lxfnj.tatsu-column > .tatsu-column-inner > .tatsu-column-pad-wrap > .tatsu-column-pad{padding: 0px 0px 0px 0px;}.tatsu-ic07trggej6lxfnj.tatsu-column > .tatsu-column-inner{border-width: 0 0 0 0;}.tatsu-ic07trggej6lxfnj.tatsu-column > .tatsu-column-inner > .tatsu-column-overlay{mix-blend-mode: none;}.tatsu-ic07trggej6lxfnj > .tatsu-column-inner > .tatsu-top-divider{z-index: 9999;}.tatsu-ic07trggej6lxfnj > .tatsu-column-inner > .tatsu-bottom-divider{z-index: 9999;}.tatsu-ic07trggej6lxfnj > .tatsu-column-inner > .tatsu-left-divider{z-index: 9999;}.tatsu-ic07trggej6lxfnj > .tatsu-column-inner > .tatsu-right-divider{z-index: 9999;}.tatsu-ic07trggej6lxfnj.tatsu-column{transform: translate3d(0px,0px, 0);}<\/style><\/div><div  class=\"tatsu-column  tatsu-column-no-bg tatsu-one-third tatsu-column-image- tatsu-column-effect-  tatsu-ic07trggog5r8tn7\" data-animation=\"fadeIn\"   data-parallax-speed=\"0\" style=\"\"><div class=\"tatsu-column-inner \" ><div class=\"tatsu-column-pad-wrap\"><div class=\"tatsu-column-pad\" ><div  class=\"tatsu-empty-space  tatsu-ic07trggted95eox  \" ><style>.tatsu-ic07trggted95eox.tatsu-empty-space{height: 1px;}<\/style><\/div><\/div><\/div><div class = \"tatsu-column-bg-image-wrap\"><div class = \"tatsu-column-bg-image\" ><\/div><\/div><\/div><style>.tatsu-ic07trggog5r8tn7.tatsu-column > .tatsu-column-inner > .tatsu-column-pad-wrap > .tatsu-column-pad{padding: 0px 0px 0px 0px;}.tatsu-ic07trggog5r8tn7.tatsu-column > .tatsu-column-inner{border-width: 0 0 0 0;}.tatsu-ic07trggog5r8tn7.tatsu-column > .tatsu-column-inner > .tatsu-column-overlay{mix-blend-mode: none;}.tatsu-ic07trggog5r8tn7 > .tatsu-column-inner > .tatsu-top-divider{z-index: 9999;}.tatsu-ic07trggog5r8tn7 > .tatsu-column-inner > .tatsu-bottom-divider{z-index: 9999;}.tatsu-ic07trggog5r8tn7 > .tatsu-column-inner > .tatsu-left-divider{z-index: 9999;}.tatsu-ic07trggog5r8tn7 > .tatsu-column-inner > .tatsu-right-divider{z-index: 9999;}.tatsu-ic07trggog5r8tn7.tatsu-column{transform: translate3d(0px,0px, 0);}<\/style><\/div><\/div><\/div><\/div><div class=\"tatsu-section-background-wrap\"><div class = \"tatsu-section-background\" ><\/div><\/div><div class=\"tatsu-overlay tatsu-section-overlay\"><\/div><style>.tatsu-ic07trgebo2vcqoh .tatsu-section-background{background-image: url(https:\/\/dailymeditationberlin.de\/wp-content\/uploads\/2016\/05\/Daily-Meditation-Berin-Locations.jpg);background-repeat: repeat;background-attachment: scroll;background-position: center center;background-size: cover;}.tatsu-ic07trgebo2vcqoh .tatsu-bg-blur{background-repeat: repeat;background-attachment: scroll;background-position: center center;background-size: cover;}.tatsu-ic07trgebo2vcqoh{border-width: 0px 0px px 0px;border-style: solid;}.tatsu-ic07trgebo2vcqoh .tatsu-section-pad{padding: 90px 0% 90px 0%;}.tatsu-ic07trgebo2vcqoh.tatsu-section{margin: 0px 0px 0px 0px;}.tatsu-ic07trgebo2vcqoh > .tatsu-bottom-divider{z-index: 9999;}.tatsu-ic07trgebo2vcqoh > .tatsu-top-divider{z-index: 9999;}.tatsu-ic07trgebo2vcqoh .tatsu-section-overlay{background: rgba(0,59,104,0.5);}@media only screen and (max-width:1377px) {.tatsu-ic07trgebo2vcqoh{border-style: solid;}}@media only screen and (min-width:768px) and (max-width: 1024px) {.tatsu-ic07trgebo2vcqoh{border-style: solid;}}@media only screen and (max-width: 767px) {.tatsu-ic07trgebo2vcqoh{border-style: solid;}}<\/style><\/div>\n","protected":false},"excerpt":{"rendered":"<p><a href=\"https:\/\/dailymeditationberlin.de\/de\/standorte\/\" class=\"more-link style2-button\">Weiterlesen<\/a><\/p>","protected":false},"author":1,"featured_media":0,"parent":0,"menu_order":0,"comment_status":"closed","ping_status":"closed","template":"","meta":{"footnotes":""},"class_list":["post-3501","page","type-page","status-publish","hentry"],"yoast_head":"<!-- This site is optimized with the Yoast SEO Premium plugin v24.5 (Yoast SEO v27.2) - https:\/\/yoast.com\/product\/yoast-seo-premium-wordpress\/ -->\n<title>Einf\u00fchrung in die Meditation Veranstaltungsorte in Berlin | Daily Meditation<\/title>\n<meta name=\"description\" content=\"Besuche einen Meditationskurs f\u00fcr Anf\u00e4nger in Berlin \u2013 Lerne einen echten Meditationslehrer bei einer Live-Frage-Antwort-Session in Berlin kennen\" \/>\n<meta name=\"robots\" content=\"index, follow, max-snippet:-1, max-image-preview:large, max-video-preview:-1\" \/>\n<link rel=\"canonical\" href=\"https:\/\/dailymeditationberlin.de\/de\/standorte\/\" \/>\n<meta property=\"og:locale\" content=\"de_DE\" \/>\n<meta property=\"og:type\" content=\"article\" \/>\n<meta property=\"og:title\" content=\"Standorte\" \/>\n<meta property=\"og:description\" content=\"Besuche einen Meditationskurs f\u00fcr Anf\u00e4nger in Berlin \u2013 Lerne einen echten Meditationslehrer bei einer Live-Frage-Antwort-Session in Berlin kennen\" \/>\n<meta property=\"og:url\" content=\"https:\/\/dailymeditationberlin.de\/de\/standorte\/\" \/>\n<meta property=\"og:site_name\" content=\"Daily Meditation Berlin\" \/>\n<meta property=\"article:modified_time\" content=\"2018-01-29T07:29:17+00:00\" \/>\n<meta name=\"twitter:card\" content=\"summary_large_image\" \/>\n<meta name=\"twitter:label1\" content=\"Gesch\u00e4tzte Lesezeit\" \/>\n\t<meta name=\"twitter:data1\" content=\"1\u00a0Minute\" \/>\n<!-- \/ Yoast SEO Premium plugin. -->","yoast_head_json":{"title":"Einf\u00fchrung in die Meditation Veranstaltungsorte in Berlin | Daily Meditation","description":"Besuche einen Meditationskurs f\u00fcr Anf\u00e4nger in Berlin \u2013 Lerne einen echten Meditationslehrer bei einer Live-Frage-Antwort-Session in Berlin kennen","robots":{"index":"index","follow":"follow","max-snippet":"max-snippet:-1","max-image-preview":"max-image-preview:large","max-video-preview":"max-video-preview:-1"},"canonical":"https:\/\/dailymeditationberlin.de\/de\/standorte\/","og_locale":"de_DE","og_type":"article","og_title":"Standorte","og_description":"Besuche einen Meditationskurs f\u00fcr Anf\u00e4nger in Berlin \u2013 Lerne einen echten Meditationslehrer bei einer Live-Frage-Antwort-Session in Berlin kennen","og_url":"https:\/\/dailymeditationberlin.de\/de\/standorte\/","og_site_name":"Daily Meditation Berlin","article_modified_time":"2018-01-29T07:29:17+00:00","twitter_card":"summary_large_image","twitter_misc":{"Gesch\u00e4tzte Lesezeit":"1\u00a0Minute"},"schema":{"@context":"https:\/\/schema.org","@graph":[{"@type":"WebPage","@id":"https:\/\/dailymeditationberlin.de\/de\/standorte\/","url":"https:\/\/dailymeditationberlin.de\/de\/standorte\/","name":"Einf\u00fchrung in die Meditation Veranstaltungsorte in Berlin | Daily Meditation","isPartOf":{"@id":"https:\/\/dailymeditationberlin.de\/de\/#website"},"datePublished":"2016-05-29T07:04:04+00:00","dateModified":"2018-01-29T07:29:17+00:00","description":"Besuche einen Meditationskurs f\u00fcr Anf\u00e4nger in Berlin \u2013 Lerne einen echten Meditationslehrer bei einer Live-Frage-Antwort-Session in Berlin kennen","breadcrumb":{"@id":"https:\/\/dailymeditationberlin.de\/de\/standorte\/#breadcrumb"},"inLanguage":"de","potentialAction":[{"@type":"ReadAction","target":["https:\/\/dailymeditationberlin.de\/de\/standorte\/"]}]},{"@type":"BreadcrumbList","@id":"https:\/\/dailymeditationberlin.de\/de\/standorte\/#breadcrumb","itemListElement":[{"@type":"ListItem","position":1,"name":"Home","item":"https:\/\/dailymeditationberlin.de\/de\/"},{"@type":"ListItem","position":2,"name":"Standorte"}]},{"@type":"WebSite","@id":"https:\/\/dailymeditationberlin.de\/de\/#website","url":"https:\/\/dailymeditationberlin.de\/de\/","name":"Daily Meditation Berlin","description":"Book a Meditation Course in Berlin \u2013 Meet a Friendly &amp; Professional Meditation Teacher \u2013 Book a Course \u2013 Clear Instructions to Meditate Daily on your own.","potentialAction":[{"@type":"SearchAction","target":{"@type":"EntryPoint","urlTemplate":"https:\/\/dailymeditationberlin.de\/de\/?s={search_term_string}"},"query-input":{"@type":"PropertyValueSpecification","valueRequired":true,"valueName":"search_term_string"}}],"inLanguage":"de"}]}},"_links":{"self":[{"href":"https:\/\/dailymeditationberlin.de\/de\/wp-json\/wp\/v2\/pages\/3501","targetHints":{"allow":["GET"]}}],"collection":[{"href":"https:\/\/dailymeditationberlin.de\/de\/wp-json\/wp\/v2\/pages"}],"about":[{"href":"https:\/\/dailymeditationberlin.de\/de\/wp-json\/wp\/v2\/types\/page"}],"author":[{"embeddable":true,"href":"https:\/\/dailymeditationberlin.de\/de\/wp-json\/wp\/v2\/users\/1"}],"replies":[{"embeddable":true,"href":"https:\/\/dailymeditationberlin.de\/de\/wp-json\/wp\/v2\/comments?post=3501"}],"version-history":[{"count":0,"href":"https:\/\/dailymeditationberlin.de\/de\/wp-json\/wp\/v2\/pages\/3501\/revisions"}],"wp:attachment":[{"href":"https:\/\/dailymeditationberlin.de\/de\/wp-json\/wp\/v2\/media?parent=3501"}],"curies":[{"name":"wp","href":"https:\/\/api.w.org\/{rel}","templated":true}]}}