{"id":4549,"date":"2019-10-10T14:28:41","date_gmt":"2019-10-10T12:28:41","guid":{"rendered":"https:\/\/dailymeditationberlin.de\/?page_id=4549"},"modified":"2019-10-22T18:40:00","modified_gmt":"2019-10-22T16:40:00","slug":"angst","status":"publish","type":"page","link":"https:\/\/dailymeditationberlin.de\/de\/vorteile-meditation\/mediation-kommt-deinem-verstand-zugute\/angst\/","title":{"rendered":"Angstst\u00f6rung"},"content":{"rendered":"<div  class=\"tatsu-ByWQsenntB tatsu-section    tatsu-clearfix\" data-title=\"\"  data-headerscheme=\"background--dark\"><div class='tatsu-section-pad clearfix' data-padding='{\"d\":\"16px 0px 90px 0px\"}' data-padding-top='16px'><div class=\"tatsu-row-wrap  tatsu-wrap tatsu-row-one-col tatsu-row-has-one-cols tatsu-medium-gutter tatsu-reg-cols  tatsu-clearfix tatsu-SJxXix22KB\" ><div  class=\"tatsu-row \" ><div  class=\"tatsu-column  tatsu-column-no-bg tatsu-one-col tatsu-column-image-none tatsu-column-effect-none  tatsu-HkXog3hFr\" data-animation=\"fadeIn\"   data-parallax-speed=\"0\" style=\"\"><div class=\"tatsu-column-inner \" ><div class=\"tatsu-column-pad-wrap\"><div class=\"tatsu-column-pad\" ><div  class=\"tatsu-shortcode-module tatsu-module tatsu-Byr3l32KB   \"  ><span><span><a href=\"https:\/\/dailymeditationberlin.de\/de\/\">Home<\/a><\/span><\/span><\/div><\/div><\/div><div class = \"tatsu-column-bg-image-wrap\"><div class = \"tatsu-column-bg-image\" ><\/div><\/div><\/div><style>.tatsu-row > .tatsu-HkXog3hFr.tatsu-column{width: 100%;}.tatsu-HkXog3hFr.tatsu-column > .tatsu-column-inner > .tatsu-column-overlay{mix-blend-mode: none;}.tatsu-HkXog3hFr > .tatsu-column-inner > .tatsu-top-divider{z-index: 9999;}.tatsu-HkXog3hFr > .tatsu-column-inner > .tatsu-bottom-divider{z-index: 9999;}.tatsu-HkXog3hFr > .tatsu-column-inner > .tatsu-left-divider{z-index: 9999;}.tatsu-HkXog3hFr > .tatsu-column-inner > .tatsu-right-divider{z-index: 9999;}.tatsu-HkXog3hFr.tatsu-column{transform: translate3d(0px,0px, 0);}@media only screen and (max-width:1377px) {.tatsu-row > .tatsu-HkXog3hFr.tatsu-column{width: 100%;}}@media only screen and (min-width:768px) and (max-width: 1024px) {.tatsu-row > .tatsu-HkXog3hFr.tatsu-column{width: 100%;}}@media only screen and (max-width: 767px) {.tatsu-row > .tatsu-HkXog3hFr.tatsu-column{width: 100%;}}<\/style><\/div><\/div><\/div><\/div><div class=\"tatsu-section-background-wrap\"><div class = \"tatsu-section-background\" ><\/div><\/div><style>.tatsu-ByWQsenntB .tatsu-section-pad{padding: 16px 0px 90px 0px;}.tatsu-ByWQsenntB > .tatsu-bottom-divider{z-index: 9999;}.tatsu-ByWQsenntB > .tatsu-top-divider{z-index: 9999;}<\/style><\/div><div  class=\"tatsu-ryWxcVs2OB tatsu-section    tatsu-clearfix\" data-title=\"\"  data-headerscheme=\"background--dark\"><div class='tatsu-section-pad clearfix' data-padding='{\"d\":\"90px 0px 90px 0px\"}' data-padding-top='90px'><div class=\"tatsu-row-wrap  tatsu-wrap tatsu-row-has-two-cols tatsu-medium-gutter tatsu-reg-cols  tatsu-clearfix tatsu-Bygl5Voh_B\" ><div  class=\"tatsu-row \" ><div  class=\"tatsu-column  tatsu-column-no-bg tatsu-column-empty tatsu-one-third tatsu-column-image-none tatsu-column-effect-none  tatsu-SyX94shdH\" data-animation=\"fadeIn\"   data-parallax-speed=\"0\" style=\"\"><div class=\"tatsu-column-inner \" ><div class=\"tatsu-column-pad-wrap\"><div class=\"tatsu-column-pad\" ><\/div><\/div><div class = \"tatsu-column-bg-image-wrap\"><div class = \"tatsu-column-bg-image\" ><\/div><\/div><\/div><style>.tatsu-row > .tatsu-SyX94shdH.tatsu-column{width: 33.33%;}.tatsu-SyX94shdH.tatsu-column > .tatsu-column-inner > .tatsu-column-overlay{mix-blend-mode: none;}.tatsu-SyX94shdH > .tatsu-column-inner > .tatsu-top-divider{z-index: 9999;}.tatsu-SyX94shdH > .tatsu-column-inner > .tatsu-bottom-divider{z-index: 9999;}.tatsu-SyX94shdH > .tatsu-column-inner > .tatsu-left-divider{z-index: 9999;}.tatsu-SyX94shdH > .tatsu-column-inner > .tatsu-right-divider{z-index: 9999;}.tatsu-SyX94shdH.tatsu-column{transform: translate3d(0px,0px, 0);}@media only screen and (max-width:1377px) {.tatsu-row > .tatsu-SyX94shdH.tatsu-column{width: 33.33%;}}@media only screen and (min-width:768px) and (max-width: 1024px) {.tatsu-row > .tatsu-SyX94shdH.tatsu-column{width: 33.33%;}}@media only screen and (max-width: 767px) {.tatsu-row > .tatsu-SyX94shdH.tatsu-column{width: 100%;}}<\/style><\/div><div  class=\"tatsu-column  tatsu-column-no-bg tatsu-two-third tatsu-column-image-none tatsu-column-effect-none  tatsu-rkxm9Es3_H\" data-animation=\"fadeIn\"   data-parallax-speed=\"0\" style=\"\"><div class=\"tatsu-column-inner \" ><div class=\"tatsu-column-pad-wrap\"><div class=\"tatsu-column-pad\" ><div  class=\"tatsu-module tatsu-text-block-wrap tatsu-r1w9Ej3dr  \"><div class=\"tatsu-text-inner tatsu-align-center  clearfix\" data-animation=\"fadeIn\"  ><style>.tatsu-r1w9Ej3dr.tatsu-text-block-wrap .tatsu-text-inner{width: 100%;text-align: left;}<\/style>\n<h2>Angst ist \u00fcberw\u00e4ltigend \u2013 lerne wie du mit Meditation Angst besser bew\u00e4ltigen kannst<\/h2>\n<\/div><\/div><div  class=\"tatsu-module tatsu-text-block-wrap tatsu-BJbxBj3dB  \"><div class=\"tatsu-text-inner tatsu-align-center  clearfix\" data-animation=\"fadeIn\"  ><style>.tatsu-BJbxBj3dB.tatsu-text-block-wrap .tatsu-text-inner{width: 100%;text-align: left;}<\/style>\n<p style=\"text-align: center;\">&#8211; Schnelle \u00dcbersicht &#8211;<\/p>\n<\/div><\/div><ul  class=\"tatsu-module tatsu-list tatsu-r1NJBBjhuB    tatsu-lists-icon\" ><style>.tatsu-r1NJBBjhuB{margin: 0 0 60px 0;}.tatsu-r1NJBBjhuB .tatsu-list-content{margin: 0 0 12px 0px;}.tatsu-r1NJBBjhuB .tatsu-list-content::before, .tatsu-r1NJBBjhuB .tatsu-icon{color: rgba(34,147,215,1) ;}<\/style><li  class=\"tatsu-list-content tatsu-B1Jrro2_r   \" ><div class=\"tatsu-list-icon-wrap\" ><i class=\"tatsu-icon icon-icon_circle-empty \"><\/i><\/div><div class=\"tatsu-list-inner\">\n<p>Das Erleben von Angst ist heutzutage weit verbreitet und f\u00fchrt dazu, dass viele von uns das Verlangen versp\u00fcren sich <strong>ruhiger und geerdeter zu f\u00fchlen<\/strong>.<\/p>\n<\/div><style>.tatsu-B1Jrro2_r .tatsu-icon, .tatsu-B1Jrro2_r.tatsu-list-content::before{color: rgba(245,166,35,1) ;}.tatsu-B1Jrro2_r{border-style: {\"d\":\"solid\",\"l\":\"solid\",\"t\":\"solid\",\"m\":\"solid\"};}<\/style><\/li><li  class=\"tatsu-list-content tatsu-Syg1BHsnOB   \" ><div class=\"tatsu-list-icon-wrap\" ><i class=\"tatsu-icon icon-icon_circle-empty \"><\/i><\/div><div class=\"tatsu-list-inner\">\n<p>Chronische Angst kann <em>Energielosigkeit, mehr M\u00fcdigkeit, Schlafst\u00f6rungen, zwanghaftes Denken und mangelnder Konzentration f\u00fchren<\/em><\/p>\n<\/div><style>.tatsu-Syg1BHsnOB .tatsu-icon, .tatsu-Syg1BHsnOB.tatsu-list-content::before{color: rgba(245,166,35,1) ;}.tatsu-Syg1BHsnOB{border-style: {\"d\":\"solid\",\"l\":\"solid\",\"t\":\"solid\",\"m\":\"solid\"};}<\/style><\/li><li  class=\"tatsu-list-content tatsu-SkbySBindS   \" ><div class=\"tatsu-list-icon-wrap\" ><i class=\"tatsu-icon icon-icon_circle-empty \"><\/i><\/div><div class=\"tatsu-list-inner\">\n<p>Meditation kann Angst lindern. Es ist kein Zauberstab und es erfordert \u00dcbung, aber eine Minderung der \u00e4ngstlichen Gedanken und Gef\u00fchle sind mit dieser <strong>einfachen Entspannungs\u00fcbung<\/strong> m\u00f6glich.<\/p>\n<\/div><style>.tatsu-SkbySBindS .tatsu-icon, .tatsu-SkbySBindS.tatsu-list-content::before{color: rgba(245,166,35,1) ;}.tatsu-SkbySBindS{border-style: {\"d\":\"solid\",\"l\":\"solid\",\"t\":\"solid\",\"m\":\"solid\"};}<\/style><\/li><\/ul><div  class=\"tatsu-module tatsu-text-block-wrap tatsu-ryFVojnOr  \"><div class=\"tatsu-text-inner tatsu-align-center  clearfix\" data-animation=\"fadeIn\"  ><style>.tatsu-ryFVojnOr.tatsu-text-block-wrap .tatsu-text-inner{width: 100%;text-align: left;}<\/style>\n<h4><span style=\"color: #003366;\">Warum f\u00fchlen wir uns \u00e4ngstlich?<\/span><\/h4>\n<\/div><\/div><div  class=\"tatsu-module tatsu-text-block-wrap tatsu-Sy6vis3uS  \"><div class=\"tatsu-text-inner tatsu-align-center  clearfix\" data-animation=\"fadeIn\"  ><style>.tatsu-Sy6vis3uS.tatsu-text-block-wrap .tatsu-text-inner{width: 100%;text-align: left;}<\/style>\n<p>Das Gehirn empfindet <a href=\"https:\/\/dailymeditationberlin.de\/why-meditate-daily\/mind\/stress\/\">Stress<\/a> und Angst unterschiedlich, obwohl bei beiden Empfindungen \u00e4hnliche Regionen des Gehirns aktiv werden.<\/p>\n<p>Eine Angstst\u00f6rung wird diagnostiziert, wenn das Gef\u00fchl von Angst so stark und allgegenw\u00e4rtig ist, dass es das t\u00e4gliche Leben beeintr\u00e4chtigt.<\/p>\n<p>Wir alle k\u00f6nnen Momente haben, in denen wir uns \u00e4ngstlich f\u00fchlen, aber wenn wir diese \u00fcber l\u00e4ngere Zeitr\u00e4ume hinweg erleben und die H\u00e4ufigkeit zunimmt, kann es anfangen uns zu kontrollieren und unser Leben zu erschweren &#8230; Das ist oft der Beginn der Angstst\u00f6rung.<\/p>\n<p>Gef\u00fchle von Besorgnis oder Furcht, <a href=\"https:\/\/dailymeditationberlin.de\/de\/vorteile-meditation\/produktivitaet\/konzentation\/\">Konzentrationsschwierigkeiten<\/a>, <a href=\"https:\/\/dailymeditationberlin.de\/de\/vorteile-meditation\/lebensstil\/entspannung\/\">Anspannung oder Unruhe<\/a>, immer mit dem Schlimmsten rechnen, Gereiztheit, das Beobachten (und Abwarten) von Anzeichen, die auf Probleme oder Gefahren hindeuten &#8230; das Gef\u00fchl, dein Geist sei leer \u2013 all das sind m\u00f6gliche Symptome einer Angstst\u00f6rung<\/p>\n<p>Zus\u00e4tzlich k\u00f6nnen Albtr\u00e4ume, das Gef\u00fchl, in dem eigenem Verstand gefangen zu sein oder das Erleben einer allgegenw\u00e4rtigen Gefahr Teil der empfundenen Realit\u00e4t eines Angstpatienten werden.<\/p>\n<p>Bei eignen Erkrankten kann eine h\u00f6here biologische Anf\u00e4lligkeit f\u00fcr Angstst\u00f6rungen vorliegen. Das ist der Fall, wenn eine Person mehr Rezeptoren f\u00fcr Glukokortikoide (ein Neurotransmitter, der Angst vermittelt) im Gehirn hat und weniger Rezeptoren f\u00fcr Chemikalien, die Angst reduziert.<\/p>\n<p>Weltweit nimmt die chronische Angst zu. Derzeit leidet e<em>iner von sechs Menschen in Europa an einer klinisch definierten Angstst\u00f6rung<\/em>.<\/p>\n<\/div><\/div><div  class=\"tatsu-module tatsu-text-block-wrap tatsu-HJFLg3h_B  \"><div class=\"tatsu-text-inner tatsu-align-center  clearfix\" data-animation=\"fadeIn\"  ><style>.tatsu-HJFLg3h_B.tatsu-text-block-wrap .tatsu-text-inner{width: 100%;text-align: left;}<\/style>\n<h4><span style=\"color: #003366;\">Hilfe im Umgang mit der Angst<\/span><\/h4>\n<\/div><\/div><div  class=\"tatsu-module tatsu-text-block-wrap tatsu-H1Rhlhn_B  \"><div class=\"tatsu-text-inner tatsu-align-center  clearfix\" data-animation=\"fadeIn\"  ><style>.tatsu-H1Rhlhn_B.tatsu-text-block-wrap .tatsu-text-inner{width: 100%;text-align: left;}<\/style>\n<p>Es ist nicht einfach eine Angstst\u00f6rung in den Griff zu bekommen.<\/p>\n<p>Es gibt viele M\u00f6glichkeiten mit Angst umzugehen, aber die meisten Menschen haben das Gef\u00fchl, dass nichts oder wenig hilft. Was nat\u00fcrlich mehr Angst ausl\u00f6st.<\/p>\n<p>Ich k\u00f6nnte hier sitzen und aus Wikipedia-Artikel zitieren, oder ich k\u00f6nnte deine Zeit so gut wie m\u00f6glich nutzen und zumindest etwas anderes sagen als das, was du zuvor geh\u00f6rt hast.<\/p>\n<p>Als Erstes:<\/p>\n<p>Wenn du eine \u00e4ngstliche Person bist, wirst du immer das Potenzial haben, eine \u00e4ngstliche Person zu sein. Und du k\u00f6nntest immer eine \u00e4ngstliche Person bleiben.<\/p>\n<p>Ich wei\u00df, dass es nicht das ist, was du wirklich h\u00f6ren m\u00f6chtest, aber bleibe dran&#8230;<\/p>\n<p>Ich werde eine M\u00f6glichkeit unterbreiten.<\/p>\n<p>In meiner Zeit <a href=\"https:\/\/dailymeditationberlin.de\/de\/\">als Lehrer<\/a> habe ich mich mit Hunderten von Menschen befasst, die unter Angstzust\u00e4nden leiden. Ich habe viel gesehen und versucht ihnen mit einer t\u00e4glichen Mediationspraxis zu helfen.<\/p>\n<p>Es ist wahr, dass Meditation <em>gegen Angstzust\u00e4nden mehr ausrichten kann als gegen jede andere <a href=\"https:\/\/dailymeditationberlin.de\/de\/vorteile-meditation\/mediation-kommt-deinem-verstand-zugute\/\">psychische St\u00f6rung<\/a>.<\/em><\/p>\n<p>Trotzdem kann Meditation die Erfahrung von Angst bei Menschen nicht komplett zerst\u00f6ren.<\/p>\n<p>Hier ist warum:<\/p>\n<p>Obwohl Meditation ein m\u00e4chtiges Werkzeug ist, das die Funktionsweisen des Gehirn ver\u00e4ndern kann, wird es dir kein neues Gehirn herzaubern k\u00f6nnen.<\/p>\n<p>Du wirst mit Meditation immer noch du sein (ich w\u00fcrde es nicht lehren, wenn es zerst\u00f6ren w\u00fcrde, wer du bist).<\/p>\n<p><span style=\"color: #003366;\"><strong>Wobei dir die t\u00e4gliche Meditation am meisten helfen kann &#8230;<\/strong><\/span><\/p>\n<p>&#8211; dich nicht mehr in Geschichten zu verstricken, die dir dein Verstand erz\u00e4hlt (z.B. Ah, hier ist wieder die Geschichte &#8220;Ich sterbe an Darmkrebs&#8221; &#8230;)<\/p>\n<p>&#8211; die Dauer einer \u00e4ngstlichen Episode zu verk\u00fcrzen<\/p>\n<p>&#8211; Verbesserung deiner F\u00e4higkeit wiederholende Gedankenmuster zu vermeiden (z.B.. Traurig dar\u00fcber zusein, dass es dich w\u00fctend macht, dass du Angst hast vorm Angsthaben)<\/p>\n<p>&#8211; deine F\u00e4higkeit zur Selbstbeobachtung (du bemerkst die Gedanken, die zu einer \u00e4ngstlichen Episode f\u00fchren, und setzen sich mit ihnen auseinander, bevor die &#8220;Abw\u00e4rtsspirale&#8221; beginnt)<\/p>\n<p lang=\"de-DE\">Es gibt eine Menge von wissenschaftlichen Studien zu dem Thema. Ich habe vor Jahren viel dar\u00fcber recherchiert, als ich einen Blog \u00fcber Wissenschaft und Meditation betrieben habe.<\/p>\n<p lang=\"de-DE\">Mittlerweile habe ich den Blog eingestellt, da mir aufgefallen ist, dass es zu leicht ist, sich nur die Informationen herauszupicken, die dem eigenen Argument dienen &#8211; und au\u00dferdem gibt es kaum jemanden der voreingenommener ist in Bezug auf die Vorteile von Meditation als ich. Warum solltest du auf mich h\u00f6ren?<\/p>\n<p lang=\"de-DE\">Eine schnelle Google-Suche von Angst und Meditation wird dich zu zehntausenden (hunderttausenden?) Ergebnissen f\u00fchren. Probiere es aus &#8211; und \u00fcberzeuge dich selbst.<\/p>\n<p lang=\"de-DE\">In meinen <a href=\"https:\/\/dailymeditationberlin.de\/de\/meditationskurs-berlin\/\">Meditationskursen<\/a>, erkl\u00e4re ich auf einer klaren, logischen und rationalen Weise wie Meditation funktioniert, damit du selbst verstehen kannst, wie die t\u00e4gliche Meditation eine wirksame Form der Angstreduktion darstellt.<\/p>\n<p lang=\"de-DE\">Meditation wird die Angst nicht beenden. Aber es wird dir helfen.<\/p>\n<p lang=\"de-DE\">Du wirst aufrichtig \u00fcberrascht sein.<\/p>\n<p lang=\"de-DE\">Und manchmal ist das genug.<\/p>\n<\/div><\/div><div class=\"tatsu_testimonial_wrap tatsu-Hk4_V23_H clearfix bubble_left  \" data-animation=\"fadeIn\"  ><div class=\"tatsu_testimonial_wrap\"><div class=\"tatsu_testimonial_inner_wrap\"><i class=\"tatsu-icon icon-quote\"><\/i><div class=\"tatsu_testimonial_content\"><div class=\"tatsu_testimonial_description\">Obwohl ich keine Medikamente mehr einnehme, bin ich nicht 100% angstfrei (niemand ist v\u00f6llig frei davon). Aber die Angst schleicht sich selten ein und wenn doch, ist sie extrem fl\u00fcchtig und verschwindet in dem Moment, in dem ich mich ihr innerlich stelle. Ich wei\u00df jetzt wie ich am besten mit Angst umgehe und habe ein besseres Verst\u00e4ndnis f\u00fcr die inneren Abl\u00e4ufe meines Geistes.<\/div><\/div><\/div><\/div><div class=\"tatsu_testimonial_info_wrap clearfix\"><div class=\"tatsu_testimonial_info\"><h6 class=\"tatsu_testimonial_author\">Ali Woo<\/h6><div class=\"tatsu_testimonial_role\">2017, Medium Article<\/div><\/div><\/div><style>.tatsu-Hk4_V23_H .icon-quote, .tatsu-Hk4_V23_H .tatsu_testimonial_description{color: #ffffff ;}.tatsu-Hk4_V23_H .tatsu_testimonial_inner_wrap{border-color: rgba(44,110,187,1); }.tatsu-Hk4_V23_H .tatsu_testimonial_content{background-color: rgba(44,110,187,1);}<\/style><\/div><\/div><\/div><div class = \"tatsu-column-bg-image-wrap\"><div class = \"tatsu-column-bg-image\" ><\/div><\/div><\/div><style>.tatsu-row > .tatsu-rkxm9Es3_H.tatsu-column{width: 66.67%;}.tatsu-rkxm9Es3_H.tatsu-column > .tatsu-column-inner > .tatsu-column-overlay{mix-blend-mode: none;}.tatsu-rkxm9Es3_H > .tatsu-column-inner > .tatsu-top-divider{z-index: 9999;}.tatsu-rkxm9Es3_H > .tatsu-column-inner > .tatsu-bottom-divider{z-index: 9999;}.tatsu-rkxm9Es3_H > .tatsu-column-inner > .tatsu-left-divider{z-index: 9999;}.tatsu-rkxm9Es3_H > .tatsu-column-inner > .tatsu-right-divider{z-index: 9999;}.tatsu-rkxm9Es3_H.tatsu-column{transform: translate3d(0px,0px, 0);}@media only screen and (max-width:1377px) {.tatsu-row > .tatsu-rkxm9Es3_H.tatsu-column{width: 66.67%;}}@media only screen and (min-width:768px) and (max-width: 1024px) {.tatsu-row > .tatsu-rkxm9Es3_H.tatsu-column{width: 66.67%;}}@media only screen and (max-width: 767px) {.tatsu-row > .tatsu-rkxm9Es3_H.tatsu-column{width: 100%;}}<\/style><\/div><\/div><\/div><\/div><div class=\"tatsu-section-background-wrap\"><div class = \"tatsu-section-background\" ><\/div><\/div><style>.tatsu-ryWxcVs2OB .tatsu-section-pad{padding: 90px 0px 90px 0px;}.tatsu-ryWxcVs2OB > .tatsu-bottom-divider{z-index: 9999;}.tatsu-ryWxcVs2OB > .tatsu-top-divider{z-index: 9999;}<\/style><\/div>\n","protected":false},"excerpt":{"rendered":"<p><a href=\"https:\/\/dailymeditationberlin.de\/de\/vorteile-meditation\/mediation-kommt-deinem-verstand-zugute\/angst\/\" class=\"more-link style2-button\">Weiterlesen<\/a><\/p>","protected":false},"author":1,"featured_media":0,"parent":4726,"menu_order":0,"comment_status":"closed","ping_status":"closed","template":"","meta":{"footnotes":""},"class_list":["post-4549","page","type-page","status-publish","hentry"],"yoast_head":"<!-- This site is optimized with the Yoast SEO Premium plugin v24.5 (Yoast SEO v27.2) - https:\/\/yoast.com\/product\/yoast-seo-premium-wordpress\/ -->\n<title>Angstst\u00f6rung - Daily Meditation Berlin<\/title>\n<meta name=\"robots\" content=\"index, follow, max-snippet:-1, max-image-preview:large, max-video-preview:-1\" \/>\n<link rel=\"canonical\" href=\"https:\/\/dailymeditationberlin.de\/de\/vorteile-meditation\/mediation-kommt-deinem-verstand-zugute\/angst\/\" \/>\n<meta property=\"og:locale\" content=\"de_DE\" \/>\n<meta property=\"og:type\" content=\"article\" \/>\n<meta property=\"og:title\" content=\"Angstst\u00f6rung\" \/>\n<meta property=\"og:url\" content=\"https:\/\/dailymeditationberlin.de\/de\/vorteile-meditation\/mediation-kommt-deinem-verstand-zugute\/angst\/\" \/>\n<meta property=\"og:site_name\" content=\"Daily Meditation Berlin\" \/>\n<meta property=\"article:modified_time\" content=\"2019-10-22T16:40:00+00:00\" \/>\n<meta name=\"twitter:card\" content=\"summary_large_image\" \/>\n<meta name=\"twitter:label1\" content=\"Gesch\u00e4tzte Lesezeit\" \/>\n\t<meta name=\"twitter:data1\" content=\"13\u00a0Minuten\" \/>\n<!-- \/ Yoast SEO Premium plugin. -->","yoast_head_json":{"title":"Angstst\u00f6rung - Daily Meditation Berlin","robots":{"index":"index","follow":"follow","max-snippet":"max-snippet:-1","max-image-preview":"max-image-preview:large","max-video-preview":"max-video-preview:-1"},"canonical":"https:\/\/dailymeditationberlin.de\/de\/vorteile-meditation\/mediation-kommt-deinem-verstand-zugute\/angst\/","og_locale":"de_DE","og_type":"article","og_title":"Angstst\u00f6rung","og_url":"https:\/\/dailymeditationberlin.de\/de\/vorteile-meditation\/mediation-kommt-deinem-verstand-zugute\/angst\/","og_site_name":"Daily Meditation Berlin","article_modified_time":"2019-10-22T16:40:00+00:00","twitter_card":"summary_large_image","twitter_misc":{"Gesch\u00e4tzte Lesezeit":"13\u00a0Minuten"},"schema":{"@context":"https:\/\/schema.org","@graph":[{"@type":"WebPage","@id":"https:\/\/dailymeditationberlin.de\/de\/vorteile-meditation\/mediation-kommt-deinem-verstand-zugute\/angst\/","url":"https:\/\/dailymeditationberlin.de\/de\/vorteile-meditation\/mediation-kommt-deinem-verstand-zugute\/angst\/","name":"Angstst\u00f6rung - Daily Meditation Berlin","isPartOf":{"@id":"https:\/\/dailymeditationberlin.de\/de\/#website"},"datePublished":"2019-10-10T12:28:41+00:00","dateModified":"2019-10-22T16:40:00+00:00","breadcrumb":{"@id":"https:\/\/dailymeditationberlin.de\/de\/vorteile-meditation\/mediation-kommt-deinem-verstand-zugute\/angst\/#breadcrumb"},"inLanguage":"de","potentialAction":[{"@type":"ReadAction","target":["https:\/\/dailymeditationberlin.de\/de\/vorteile-meditation\/mediation-kommt-deinem-verstand-zugute\/angst\/"]}]},{"@type":"BreadcrumbList","@id":"https:\/\/dailymeditationberlin.de\/de\/vorteile-meditation\/mediation-kommt-deinem-verstand-zugute\/angst\/#breadcrumb","itemListElement":[{"@type":"ListItem","position":1,"name":"Home","item":"https:\/\/dailymeditationberlin.de\/de\/"},{"@type":"ListItem","position":2,"name":"Vorteile","item":"https:\/\/dailymeditationberlin.de\/de\/why-meditate-daily\/"},{"@type":"ListItem","position":3,"name":"Verstand","item":"https:\/\/dailymeditationberlin.de\/de\/why-meditate-daily\/mind\/"},{"@type":"ListItem","position":4,"name":"Angstst\u00f6rung"}]},{"@type":"WebSite","@id":"https:\/\/dailymeditationberlin.de\/de\/#website","url":"https:\/\/dailymeditationberlin.de\/de\/","name":"Daily Meditation Berlin","description":"Book a Meditation Course in Berlin \u2013 Meet a Friendly &amp; Professional Meditation Teacher \u2013 Book a Course \u2013 Clear Instructions to Meditate Daily on your own.","potentialAction":[{"@type":"SearchAction","target":{"@type":"EntryPoint","urlTemplate":"https:\/\/dailymeditationberlin.de\/de\/?s={search_term_string}"},"query-input":{"@type":"PropertyValueSpecification","valueRequired":true,"valueName":"search_term_string"}}],"inLanguage":"de"}]}},"_links":{"self":[{"href":"https:\/\/dailymeditationberlin.de\/de\/wp-json\/wp\/v2\/pages\/4549","targetHints":{"allow":["GET"]}}],"collection":[{"href":"https:\/\/dailymeditationberlin.de\/de\/wp-json\/wp\/v2\/pages"}],"about":[{"href":"https:\/\/dailymeditationberlin.de\/de\/wp-json\/wp\/v2\/types\/page"}],"author":[{"embeddable":true,"href":"https:\/\/dailymeditationberlin.de\/de\/wp-json\/wp\/v2\/users\/1"}],"replies":[{"embeddable":true,"href":"https:\/\/dailymeditationberlin.de\/de\/wp-json\/wp\/v2\/comments?post=4549"}],"version-history":[{"count":0,"href":"https:\/\/dailymeditationberlin.de\/de\/wp-json\/wp\/v2\/pages\/4549\/revisions"}],"up":[{"embeddable":true,"href":"https:\/\/dailymeditationberlin.de\/de\/wp-json\/wp\/v2\/pages\/4726"}],"wp:attachment":[{"href":"https:\/\/dailymeditationberlin.de\/de\/wp-json\/wp\/v2\/media?parent=4549"}],"curies":[{"name":"wp","href":"https:\/\/api.w.org\/{rel}","templated":true}]}}