{"id":4620,"date":"2019-10-15T12:06:23","date_gmt":"2019-10-15T10:06:23","guid":{"rendered":"https:\/\/dailymeditationberlin.de\/?page_id=4620"},"modified":"2019-10-24T11:01:18","modified_gmt":"2019-10-24T09:01:18","slug":"entspannung","status":"publish","type":"page","link":"https:\/\/dailymeditationberlin.de\/de\/vorteile-meditation\/lebensstil\/entspannung\/","title":{"rendered":"Entspannung"},"content":{"rendered":"<div  class=\"tatsu-r1ZJBO1y9B tatsu-section    tatsu-clearfix\" data-title=\"\"  data-headerscheme=\"background--dark\"><div class='tatsu-section-pad clearfix' data-padding='{\"d\":\"16px 0px 90px 0px\"}' data-padding-top='16px'><div class=\"tatsu-row-wrap  tatsu-wrap tatsu-row-one-col tatsu-row-has-one-cols tatsu-medium-gutter tatsu-reg-cols  tatsu-clearfix tatsu-SJgyBd1ycr\" ><div  class=\"tatsu-row \" ><div  class=\"tatsu-column  tatsu-column-no-bg tatsu-one-col tatsu-column-image-none tatsu-column-effect-none  tatsu-SJJHu115B\" data-animation=\"fadeIn\"   data-parallax-speed=\"0\" style=\"\"><div class=\"tatsu-column-inner \" ><div class=\"tatsu-column-pad-wrap\"><div class=\"tatsu-column-pad\" ><div  class=\"tatsu-shortcode-module tatsu-module tatsu-HkSH_kJ9H   \"  ><span><span><a href=\"https:\/\/dailymeditationberlin.de\/de\/\">Home<\/a><\/span><\/span><\/div><\/div><\/div><div class = \"tatsu-column-bg-image-wrap\"><div class = \"tatsu-column-bg-image\" ><\/div><\/div><\/div><style>.tatsu-row > .tatsu-SJJHu115B.tatsu-column{width: 100%;}.tatsu-SJJHu115B.tatsu-column > .tatsu-column-inner > .tatsu-column-overlay{mix-blend-mode: none;}.tatsu-SJJHu115B > .tatsu-column-inner > .tatsu-top-divider{z-index: 9999;}.tatsu-SJJHu115B > .tatsu-column-inner > .tatsu-bottom-divider{z-index: 9999;}.tatsu-SJJHu115B > .tatsu-column-inner > .tatsu-left-divider{z-index: 9999;}.tatsu-SJJHu115B > .tatsu-column-inner > .tatsu-right-divider{z-index: 9999;}.tatsu-SJJHu115B.tatsu-column{transform: translate3d(0px,0px, 0);}@media only screen and (max-width:1377px) {.tatsu-row > .tatsu-SJJHu115B.tatsu-column{width: 100%;}}@media only screen and (min-width:768px) and (max-width: 1024px) {.tatsu-row > .tatsu-SJJHu115B.tatsu-column{width: 100%;}}@media only screen and (max-width: 767px) {.tatsu-row > .tatsu-SJJHu115B.tatsu-column{width: 100%;}}<\/style><\/div><\/div><\/div><\/div><div class=\"tatsu-section-background-wrap\"><div class = \"tatsu-section-background\" ><\/div><\/div><style>.tatsu-r1ZJBO1y9B .tatsu-section-pad{padding: 16px 0px 90px 0px;}.tatsu-r1ZJBO1y9B > .tatsu-bottom-divider{z-index: 9999;}.tatsu-r1ZJBO1y9B > .tatsu-top-divider{z-index: 9999;}<\/style><\/div><div  class=\"tatsu-rkWZNqfmtS tatsu-section    tatsu-clearfix\" data-title=\"\"  data-headerscheme=\"background--dark\"><div class='tatsu-section-pad clearfix' data-padding='{\"d\":\"90px 0px 90px 0px\"}' data-padding-top='90px'><div class=\"tatsu-row-wrap  tatsu-wrap tatsu-row-has-two-cols tatsu-medium-gutter tatsu-reg-cols  tatsu-clearfix tatsu-rJxbEcfXKH\" ><div  class=\"tatsu-row \" ><div  class=\"tatsu-column  tatsu-column-no-bg tatsu-column-empty tatsu-one-third tatsu-column-image-none tatsu-column-effect-none  tatsu-rJVE5zQtH\" data-animation=\"fadeIn\"   data-parallax-speed=\"0\" style=\"\"><div class=\"tatsu-column-inner \" ><div class=\"tatsu-column-pad-wrap\"><div class=\"tatsu-column-pad\" ><\/div><\/div><div class = \"tatsu-column-bg-image-wrap\"><div class = \"tatsu-column-bg-image\" ><\/div><\/div><\/div><style>.tatsu-row > .tatsu-rJVE5zQtH.tatsu-column{width: 33.33%;}.tatsu-rJVE5zQtH.tatsu-column > .tatsu-column-inner > .tatsu-column-overlay{mix-blend-mode: none;}.tatsu-rJVE5zQtH > .tatsu-column-inner > .tatsu-top-divider{z-index: 9999;}.tatsu-rJVE5zQtH > .tatsu-column-inner > .tatsu-bottom-divider{z-index: 9999;}.tatsu-rJVE5zQtH > .tatsu-column-inner > .tatsu-left-divider{z-index: 9999;}.tatsu-rJVE5zQtH > .tatsu-column-inner > .tatsu-right-divider{z-index: 9999;}.tatsu-rJVE5zQtH.tatsu-column{transform: translate3d(0px,0px, 0);}@media only screen and (max-width:1377px) {.tatsu-row > .tatsu-rJVE5zQtH.tatsu-column{width: 33.33%;}}@media only screen and (min-width:768px) and (max-width: 1024px) {.tatsu-row > .tatsu-rJVE5zQtH.tatsu-column{width: 33.33%;}}@media only screen and (max-width: 767px) {.tatsu-row > .tatsu-rJVE5zQtH.tatsu-column{width: 100%;}}<\/style><\/div><div  class=\"tatsu-column  tatsu-column-no-bg tatsu-two-third tatsu-column-image-none tatsu-column-effect-none  tatsu-r1lNVcfXYB\" data-animation=\"fadeIn\"   data-parallax-speed=\"0\" style=\"\"><div class=\"tatsu-column-inner \" ><div class=\"tatsu-column-pad-wrap\"><div class=\"tatsu-column-pad\" ><div  class=\"tatsu-module tatsu-text-block-wrap tatsu-r1_PqMQtr  \"><div class=\"tatsu-text-inner tatsu-align-center  clearfix\" data-animation=\"fadeIn\"  ><style>.tatsu-r1_PqMQtr.tatsu-text-block-wrap .tatsu-text-inner{width: 100%;text-align: left;}<\/style>\n<h2>Meditation &#8211; ein gro\u00dfartiges Enspannungswerkzeug<\/h2>\n<\/div><\/div><div  class=\"tatsu-module tatsu-text-block-wrap tatsu-HkcqcGmtr  \"><div class=\"tatsu-text-inner tatsu-align-center  clearfix\" data-animation=\"fadeIn\"  ><style>.tatsu-HkcqcGmtr.tatsu-text-block-wrap .tatsu-text-inner{width: 100%;text-align: left;}<\/style>\n<p style=\"text-align: center;\">&#8211; Schnelle \u00dcbersicht &#8211;<\/p>\n<\/div><\/div><ul  class=\"tatsu-module tatsu-list tatsu-S141T9MmYH    tatsu-lists-icon\" ><style>.tatsu-S141T9MmYH{margin: 0 0 60px 0;}.tatsu-S141T9MmYH .tatsu-list-content{margin: 0 0 12px 0px;}.tatsu-S141T9MmYH .tatsu-list-content::before, .tatsu-S141T9MmYH .tatsu-icon{color: rgba(34,147,215,1) ;}<\/style><li  class=\"tatsu-list-content tatsu-HJkaqMmtS   \" ><div class=\"tatsu-list-icon-wrap\" ><i class=\"tatsu-icon icon-icon_circle-empty \"><\/i><\/div><div class=\"tatsu-list-inner\">\n<p>Du hast Freizeit, kannst dich aber einfach nicht entspannen? Du bist nicht allein! In unserer hyperaktiven Welt f\u00e4llt es vielen Menschen schwer, den Aus-Knopf zu finden<\/p>\n<\/div><style>.tatsu-HJkaqMmtS .tatsu-icon, .tatsu-HJkaqMmtS.tatsu-list-content::before{color: rgba(245,166,35,1) ;}.tatsu-HJkaqMmtS{border-style: {\"d\":\"solid\",\"l\":\"solid\",\"t\":\"solid\",\"m\":\"solid\"};}<\/style><\/li><li  class=\"tatsu-list-content tatsu-rkeJT9z7Yr   \" ><div class=\"tatsu-list-icon-wrap\" ><i class=\"tatsu-icon icon-icon_circle-empty \"><\/i><\/div><div class=\"tatsu-list-inner\">\n<p><span class=\"tlid-translation translation\" lang=\"de\"><span class=\"\" title=\"\">Mediation erm\u00f6glicht es uns, wirklich loszulassen, innere Widerstandsschichten zu durchbrechen und alten Stress abzubauen<\/span><\/span><\/p>\n<\/div><style>.tatsu-rkeJT9z7Yr .tatsu-icon, .tatsu-rkeJT9z7Yr.tatsu-list-content::before{color: rgba(245,166,35,1) ;}.tatsu-rkeJT9z7Yr{border-style: {\"d\":\"solid\",\"l\":\"solid\",\"t\":\"solid\",\"m\":\"solid\"};}<\/style><\/li><\/ul><div  class=\"tatsu-module tatsu-text-block-wrap tatsu-B1LfizmKr  \"><div class=\"tatsu-text-inner tatsu-align-center  clearfix\" data-animation=\"fadeIn\"  ><style>.tatsu-B1LfizmKr.tatsu-text-block-wrap .tatsu-text-inner{width: 100%;text-align: left;}<\/style>\n<h4><span style=\"color: #003366;\">Reiz\u00fcberflutung &#8211; ein modernes Problem<\/span><\/h4>\n<\/div><\/div><div  class=\"tatsu-module tatsu-text-block-wrap tatsu-HJd8of7YH  \"><div class=\"tatsu-text-inner tatsu-align-center  clearfix\" data-animation=\"fadeIn\"  ><style>.tatsu-HJd8of7YH.tatsu-text-block-wrap .tatsu-text-inner{width: 100%;text-align: left;}<\/style>\n<p>F\u00e4llt es dir schwer, dich zu entspannen?<\/p>\n<p>F\u00fchlst du dich abends oft unruhig und dir f\u00e4llt es schwer, ein Buch zu lesen, fernzusehen oder einem Gespr\u00e4ch zu folgen?<\/p>\n<p>Bist du immer abgelenkt und kannst dich nicht mehr zu 100% auf Aktivit\u00e4ten einlassen, auch nicht mehr auf die, die dir fr\u00fcher Freude bereitet haben?<\/p>\n<p>Denkst du in deiner Freizeit oft an die Arbeit?<\/p>\n<p>Kehrst du am Montagmorgen m\u00fcde und <a href=\"https:\/\/dailymeditationberlin.de\/de\/vorteile-meditation\/produktivitaet\/energie\/\">ersch\u00f6pft<\/a> zur\u00fcck ins B\u00fcro zur\u00fcck, anstatt ausgeruht und mit neuer Kraft?<\/p>\n<p>Wenn die Antwort &#8220;Ja&#8221; lautet, dann kann es sein, dass dein Nervensystem nach Jahren in einem adrenalingetriebenen Tempo seine nat\u00fcrliche F\u00e4higkeit verloren hat, in den Ruhe- und Erholungsmodus zur\u00fcckzukehren.<\/p>\n<p>Die Grenze, wie viel <a href=\"https:\/\/dailymeditationberlin.de\/de\/vorteile-meditation\/mediation-kommt-deinem-verstand-zugute\/stress-2\/\">Stress<\/a> ein Mensch aushalten kann, bevor es gef\u00e4hrlich wird und seine geistige und k\u00f6rperliche Gesundheit gef\u00e4hrdet ist, ist h\u00f6chst individuell.<\/p>\n<p>Es gibt Indizien, die andeuten, wann die individuelle Grenze einer Person \u00fcberschritten ist.<\/p>\n<p>Neben Einschlafst\u00f6rungen oder <a href=\"https:\/\/dailymeditationberlin.de\/de\/vorteile-meditation\/lebensstil\/schlaflosigkeit\/\">Schlaflosigkeit<\/a> k\u00f6nnen innere Unruhe, Angespanntheit und die Schwierigkeit, sich zu entspannen solche Anzeichen sein.<\/p>\n<p>Unabh\u00e4ngig davon, wie viel Freizeit du zur Verf\u00fcgung hast, scheint es nie genug zu sein, um einfach mal die Seele baumeln zu lassen und dein Energiehaushalt wieder aufzuladen.<\/p>\n<p>Stress ist eine Anpassungsreaktion des K\u00f6rpers. Wenn das Leben gef\u00e4hrlich oder schwierig wird, setzt der K\u00f6rper zus\u00e4tzliche Energie frei.<\/p>\n<p>Die Durchblutung von Magen und Darm wird eingestellt: Verdauung kann warten.<\/p>\n<p>Stattdessen pumpt das Herz mehr Blut in die Muskeln.<\/p>\n<p>Sie sollten genug N\u00e4hrstoffe und Sauerstoff haben, um wegzulaufen oder zu k\u00e4mpfen.<\/p>\n<p>Stresshormone erh\u00f6hen den Blutzucker und den Blutdruck.<\/p>\n<p>Wenn man gestresst ist, kann man es effizienter mit dem Gegnern aufnehmen oder davonlaufen.<\/p>\n<p>Evolution\u00e4r gesehen war das alles notwendig: Ohne Stress h\u00e4tte sich der Mensch wie viele andere Tierarten niemals auf der Erde behaupten k\u00f6nnen.<\/p>\n<p>Auch wenn in unserer heutigen Zeit die Stressreaktion nicht mehr die gleiche evolution\u00e4re Bedeutung inne hat, betrachten viele von uns Stress als etwas Positives, das uns wachsam h\u00e4lt und dabei hilft, uns in einem sehr anspruchsvollen Umfeld zu behaupten.<\/p>\n<p>Manche Menschen werden sogar s\u00fcchtig nach Stress und setzen sich ihm freiwillig aus, um mehr leisten zu k\u00f6nnen.<\/p>\n<p>Und ja, Stress kann berauschen und hilfreich sein, wenn wir Dinge erledigen wollen.<\/p>\n<p>Die Gefahr f\u00fcr Geist und K\u00f6rper setzt ein, wenn Stress zu einem chronischen Zustand wird, aus dem es kein Entrinnen mehr gibt.<\/p>\n<p>Im Laufe der Zeit kann chronischer Stress sogar zu <a href=\"https:\/\/dailymeditationberlin.de\/de\/vorteile-meditation\/mediation-kommt-deinem-verstand-zugute\/\">psychischen Erkrankung<\/a> wie Depressionen oder Angstzust\u00e4nden oder einer Vielzahl von <a href=\"https:\/\/dailymeditationberlin.de\/de\/vorteile-meditation\/gesundheit\/\">k\u00f6rperlichen Erkrankungen<\/a> wie Herzkrankheiten, Schlaganf\u00e4llen, Krebs und Diabetes f\u00fchren.<\/p>\n<\/div><\/div><div  class=\"tatsu-module tatsu-text-block-wrap tatsu-SkRxg7mYB  \"><div class=\"tatsu-text-inner tatsu-align-center  clearfix\" data-animation=\"fadeIn\"  ><style>.tatsu-SkRxg7mYB.tatsu-text-block-wrap .tatsu-text-inner{width: 100%;text-align: left;}<\/style>\n<h3><span style=\"color: #003366;\">Upgrade deine Entspannungstechnik<\/span><\/h3>\n<\/div><\/div><div  class=\"tatsu-module tatsu-text-block-wrap tatsu-HJkulmmYr  \"><div class=\"tatsu-text-inner tatsu-align-center  clearfix\" data-animation=\"fadeIn\"  ><style>.tatsu-HJkulmmYr.tatsu-text-block-wrap .tatsu-text-inner{width: 100%;text-align: left;}<\/style>\n<p>Deshalb ist es wichtig, dass wir handeln, bevor unser pers\u00f6nliches Limit \u00fcberschritten wird, und unserem Nervensystem die Ruhepause erm\u00f6glicht, die es ben\u00f6tigt um zu seinem nat\u00fcrlichen Gleichgewicht zur\u00fcckzufinden.<\/p>\n<p>Mit <a href=\"https:\/\/dailymeditationberlin.de\/de\/\">Daily Meditation<\/a> k\u00f6nnen wir die Schichten des inneren Widerstands durchbrechen, die uns davon abhalten, wirklich loszulassen und uns zu entspannen.<\/p>\n<p>Der Klang des <a href=\"https:\/\/dailymeditationberlin.de\/de\/meditationskurs-berlin\/#orte\">Mantras<\/a> ist nat\u00fcrlich anziehend f\u00fcr den Geist.\u2028\u2028<\/p>\n<p>Wenn der Geist dem Mantra folgt, stellt er sich allm\u00e4hlich und automatisch auf einen ruhigeren und friedlicheren Bewusstseinszustand ein.<\/p>\n<p>Gleichzeitig kann sich auch unser K\u00f6rper tief entspannen.<\/p>\n<p>Alte Anspannungen l\u00f6sen sich auf und nach der Meditation f\u00fchlst du sich bereit, dich den Herausforderungen des Tages zu stellen oder deine Freizeit wirklich zu genie\u00dfen, ohne dass angestauter Stress deine Erfahrung beeintr\u00e4chtigt.<\/p>\n<\/div><\/div><\/div><\/div><div class = \"tatsu-column-bg-image-wrap\"><div class = \"tatsu-column-bg-image\" ><\/div><\/div><\/div><style>.tatsu-row > .tatsu-r1lNVcfXYB.tatsu-column{width: 66.67%;}.tatsu-r1lNVcfXYB.tatsu-column > .tatsu-column-inner > .tatsu-column-overlay{mix-blend-mode: none;}.tatsu-r1lNVcfXYB > .tatsu-column-inner > .tatsu-top-divider{z-index: 9999;}.tatsu-r1lNVcfXYB > .tatsu-column-inner > .tatsu-bottom-divider{z-index: 9999;}.tatsu-r1lNVcfXYB > .tatsu-column-inner > .tatsu-left-divider{z-index: 9999;}.tatsu-r1lNVcfXYB > .tatsu-column-inner > .tatsu-right-divider{z-index: 9999;}.tatsu-r1lNVcfXYB.tatsu-column{transform: translate3d(0px,0px, 0);}@media only screen and (max-width:1377px) {.tatsu-row > .tatsu-r1lNVcfXYB.tatsu-column{width: 66.67%;}}@media only screen and (min-width:768px) and (max-width: 1024px) {.tatsu-row > .tatsu-r1lNVcfXYB.tatsu-column{width: 66.67%;}}@media only screen and (max-width: 767px) {.tatsu-row > .tatsu-r1lNVcfXYB.tatsu-column{width: 100%;}}<\/style><\/div><\/div><\/div><\/div><div class=\"tatsu-section-background-wrap\"><div class = \"tatsu-section-background\" ><\/div><\/div><style>.tatsu-rkWZNqfmtS .tatsu-section-pad{padding: 90px 0px 90px 0px;}.tatsu-rkWZNqfmtS > .tatsu-bottom-divider{z-index: 9999;}.tatsu-rkWZNqfmtS > .tatsu-top-divider{z-index: 9999;}<\/style><\/div>\n","protected":false},"excerpt":{"rendered":"<p><a href=\"https:\/\/dailymeditationberlin.de\/de\/vorteile-meditation\/lebensstil\/entspannung\/\" class=\"more-link style2-button\">Weiterlesen<\/a><\/p>","protected":false},"author":1,"featured_media":0,"parent":4734,"menu_order":0,"comment_status":"closed","ping_status":"closed","template":"","meta":{"footnotes":""},"class_list":["post-4620","page","type-page","status-publish","hentry"],"yoast_head":"<!-- This site is optimized with the Yoast SEO Premium plugin v24.5 (Yoast SEO v27.2) - https:\/\/yoast.com\/product\/yoast-seo-premium-wordpress\/ -->\n<title>Entspannung - Daily Meditation Berlin<\/title>\n<meta name=\"robots\" content=\"index, follow, max-snippet:-1, max-image-preview:large, max-video-preview:-1\" \/>\n<link rel=\"canonical\" href=\"https:\/\/dailymeditationberlin.de\/de\/vorteile-meditation\/lebensstil\/entspannung\/\" \/>\n<meta property=\"og:locale\" content=\"de_DE\" \/>\n<meta property=\"og:type\" content=\"article\" \/>\n<meta property=\"og:title\" content=\"Entspannung\" \/>\n<meta property=\"og:url\" content=\"https:\/\/dailymeditationberlin.de\/de\/vorteile-meditation\/lebensstil\/entspannung\/\" \/>\n<meta property=\"og:site_name\" content=\"Daily Meditation Berlin\" \/>\n<meta property=\"article:modified_time\" content=\"2019-10-24T09:01:18+00:00\" \/>\n<meta name=\"twitter:card\" content=\"summary_large_image\" \/>\n<meta name=\"twitter:label1\" content=\"Gesch\u00e4tzte Lesezeit\" \/>\n\t<meta name=\"twitter:data1\" content=\"11\u00a0Minuten\" \/>\n<!-- \/ Yoast SEO Premium plugin. -->","yoast_head_json":{"title":"Entspannung - Daily Meditation Berlin","robots":{"index":"index","follow":"follow","max-snippet":"max-snippet:-1","max-image-preview":"max-image-preview:large","max-video-preview":"max-video-preview:-1"},"canonical":"https:\/\/dailymeditationberlin.de\/de\/vorteile-meditation\/lebensstil\/entspannung\/","og_locale":"de_DE","og_type":"article","og_title":"Entspannung","og_url":"https:\/\/dailymeditationberlin.de\/de\/vorteile-meditation\/lebensstil\/entspannung\/","og_site_name":"Daily Meditation Berlin","article_modified_time":"2019-10-24T09:01:18+00:00","twitter_card":"summary_large_image","twitter_misc":{"Gesch\u00e4tzte Lesezeit":"11\u00a0Minuten"},"schema":{"@context":"https:\/\/schema.org","@graph":[{"@type":"WebPage","@id":"https:\/\/dailymeditationberlin.de\/de\/vorteile-meditation\/lebensstil\/entspannung\/","url":"https:\/\/dailymeditationberlin.de\/de\/vorteile-meditation\/lebensstil\/entspannung\/","name":"Entspannung - Daily Meditation Berlin","isPartOf":{"@id":"https:\/\/dailymeditationberlin.de\/de\/#website"},"datePublished":"2019-10-15T10:06:23+00:00","dateModified":"2019-10-24T09:01:18+00:00","breadcrumb":{"@id":"https:\/\/dailymeditationberlin.de\/de\/vorteile-meditation\/lebensstil\/entspannung\/#breadcrumb"},"inLanguage":"de","potentialAction":[{"@type":"ReadAction","target":["https:\/\/dailymeditationberlin.de\/de\/vorteile-meditation\/lebensstil\/entspannung\/"]}]},{"@type":"BreadcrumbList","@id":"https:\/\/dailymeditationberlin.de\/de\/vorteile-meditation\/lebensstil\/entspannung\/#breadcrumb","itemListElement":[{"@type":"ListItem","position":1,"name":"Home","item":"https:\/\/dailymeditationberlin.de\/de\/"},{"@type":"ListItem","position":2,"name":"Vorteile","item":"https:\/\/dailymeditationberlin.de\/de\/why-meditate-daily\/"},{"@type":"ListItem","position":3,"name":"Lebensweise","item":"https:\/\/dailymeditationberlin.de\/de\/why-meditate-daily\/get-out-of-a-rut\/"},{"@type":"ListItem","position":4,"name":"Entspannung"}]},{"@type":"WebSite","@id":"https:\/\/dailymeditationberlin.de\/de\/#website","url":"https:\/\/dailymeditationberlin.de\/de\/","name":"Daily Meditation Berlin","description":"Book a Meditation Course in Berlin \u2013 Meet a Friendly &amp; Professional Meditation Teacher \u2013 Book a Course \u2013 Clear Instructions to Meditate Daily on your own.","potentialAction":[{"@type":"SearchAction","target":{"@type":"EntryPoint","urlTemplate":"https:\/\/dailymeditationberlin.de\/de\/?s={search_term_string}"},"query-input":{"@type":"PropertyValueSpecification","valueRequired":true,"valueName":"search_term_string"}}],"inLanguage":"de"}]}},"_links":{"self":[{"href":"https:\/\/dailymeditationberlin.de\/de\/wp-json\/wp\/v2\/pages\/4620","targetHints":{"allow":["GET"]}}],"collection":[{"href":"https:\/\/dailymeditationberlin.de\/de\/wp-json\/wp\/v2\/pages"}],"about":[{"href":"https:\/\/dailymeditationberlin.de\/de\/wp-json\/wp\/v2\/types\/page"}],"author":[{"embeddable":true,"href":"https:\/\/dailymeditationberlin.de\/de\/wp-json\/wp\/v2\/users\/1"}],"replies":[{"embeddable":true,"href":"https:\/\/dailymeditationberlin.de\/de\/wp-json\/wp\/v2\/comments?post=4620"}],"version-history":[{"count":0,"href":"https:\/\/dailymeditationberlin.de\/de\/wp-json\/wp\/v2\/pages\/4620\/revisions"}],"up":[{"embeddable":true,"href":"https:\/\/dailymeditationberlin.de\/de\/wp-json\/wp\/v2\/pages\/4734"}],"wp:attachment":[{"href":"https:\/\/dailymeditationberlin.de\/de\/wp-json\/wp\/v2\/media?parent=4620"}],"curies":[{"name":"wp","href":"https:\/\/api.w.org\/{rel}","templated":true}]}}