{"id":5015,"date":"2019-12-09T18:41:29","date_gmt":"2019-12-09T17:41:29","guid":{"rendered":"https:\/\/dailymeditationberlin.de\/?page_id=5015"},"modified":"2025-12-04T07:24:19","modified_gmt":"2025-12-04T06:24:19","slug":"meditation-gutschein-kaufen-berlin","status":"publish","type":"page","link":"https:\/\/dailymeditationberlin.de\/de\/meditation-gutschein-kaufen-berlin\/","title":{"rendered":"Privat: Gutscheine"},"content":{"rendered":"<div  class=\"tatsu-i7yufx5ej74owvxi tatsu-section  tatsu-bg-overlay   tatsu-clearfix\" data-title=\"\"  data-headerscheme=\"background--dark\"><div class='tatsu-section-pad clearfix' data-padding='{\"d\":\"90px 0px 15px 0px\"}' data-padding-top='90px'><div class=\"tatsu-row-wrap  tatsu-wrap tatsu-row-one-col tatsu-row-has-one-cols tatsu-medium-gutter tatsu-reg-cols  tatsu-clearfix tatsu-i7yufx5elogf349i\" ><div  class=\"tatsu-row \" ><div  class=\"tatsu-column  tatsu-bg-overlay tatsu-one-col tatsu-column-image-none tatsu-column-effect-none  tatsu-i7yufx5eowflhq67\"  data-parallax-speed=\"0\" style=\"\"><div class=\"tatsu-column-inner \" ><div class=\"tatsu-column-pad-wrap\"><div class=\"tatsu-column-pad\" ><div  class=\"tatsu-module tatsu-text-block-wrap tatsu-i7yufx5er3207tjt  \"><div class=\"tatsu-text-inner tatsu-align-center  clearfix\" ><style>.tatsu-i7yufx5er3207tjt.tatsu-text-block-wrap .tatsu-text-inner{width: 100%;text-align: left;}<\/style><p>\n<\/div><\/div><\/div><\/div><div class = \"tatsu-column-bg-image-wrap\"><div class = \"tatsu-column-bg-image\" ><\/div><\/div><div class=\"tatsu-overlay tatsu-column-overlay tatsu-animate-none\" ><\/div><\/div><style>.tatsu-row > .tatsu-i7yufx5eowflhq67.tatsu-column{width: 100%;}.tatsu-i7yufx5eowflhq67.tatsu-column > .tatsu-column-inner > .tatsu-column-overlay{mix-blend-mode: normal;}.tatsu-i7yufx5eowflhq67 > .tatsu-column-inner > .tatsu-top-divider{z-index: 9999;}.tatsu-i7yufx5eowflhq67 > .tatsu-column-inner > .tatsu-bottom-divider{z-index: 9999;}.tatsu-i7yufx5eowflhq67 > .tatsu-column-inner > .tatsu-left-divider{z-index: 9999;}.tatsu-i7yufx5eowflhq67 > .tatsu-column-inner > .tatsu-right-divider{z-index: 9999;}<\/style><\/div><\/div><\/div><\/div><div class=\"tatsu-section-background-wrap\"><div class = \"tatsu-section-background\" ><\/div><\/div><div class=\"tatsu-overlay tatsu-section-overlay\"><\/div><style>.tatsu-i7yufx5ej74owvxi .tatsu-section-pad{padding: 90px 0px 15px 0px;}.tatsu-i7yufx5ej74owvxi > .tatsu-bottom-divider{z-index: 9999;}.tatsu-i7yufx5ej74owvxi > .tatsu-top-divider{z-index: 9999;}.tatsu-i7yufx5ej74owvxi .tatsu-section-overlay{mix-blend-mode: normal;}<\/style><\/div><div  class=\"tatsu-rkbmvjXIRB tatsu-section    tatsu-clearfix\" data-title=\"\"  data-headerscheme=\"background--dark\"><div class='tatsu-section-pad clearfix' data-padding='{\"d\":\"90px 0px 90px 0px\"}' data-padding-top='90px'><div class=\"tatsu-row-wrap  tatsu-wrap tatsu-row-has-two-cols tatsu-medium-gutter tatsu-reg-cols  tatsu-clearfix tatsu-SkgQwjXURB\" ><div  class=\"tatsu-row \" ><div  class=\"tatsu-column  tatsu-column-no-bg tatsu-one-third tatsu-column-image-none tatsu-column-effect-none  tatsu-HkvPsm8Rr\"  data-parallax-speed=\"0\" style=\"\"><div class=\"tatsu-column-inner \" ><div class=\"tatsu-column-pad-wrap\"><div class=\"tatsu-column-pad\" ><div  class=\"tatsu-module tatsu-text-block-wrap tatsu-HJ8jujAWbl  \"><div class=\"tatsu-text-inner tatsu-align-center  clearfix\" ><style>.tatsu-HJ8jujAWbl.tatsu-text-block-wrap .tatsu-text-inner{width: 100%;text-align: left;}<\/style><p>For English version,<a href=\"https:\/\/dailymeditationberlin.de\/meditation-gift-card-berlin\/\"> click here<\/a> or the image below\u00a0<\/p><\/div><\/div><div  class=\"tatsu-single-image tatsu-module tatsu-image-lazyload tatsu-r1y9uoCW-l  \" ><div class=\"tatsu-single-image-inner \" style=\"width : 128px;\" ><div class = \"tatsu-single-image-padding-wrap\" style = \"padding-bottom : 100%;\" ><\/div><a href = \"https:\/\/dailymeditationberlin.de\/meditation-gift-card-berlin\/\" ><img wpfc-lazyload-disable=\"true\" class = \"tatsu-gradient-border\" alt = \"\" title = \"united-kingdom-min\" data-src = \"https:\/\/dailymeditationberlin.de\/wp-content\/uploads\/2014\/12\/united-kingdom-min.png\" src =\"data:image\/png;base64,iVBORw0KGgoAAAANSUhEUgAAAAEAAAABCAQAAAC1HAwCAAAAC0lEQVR42mNkYAAAAAYAAjCB0C8AAAAASUVORK5CYII=\"  \/><\/a><\/div><style>.tatsu-r1y9uoCW-l .tatsu-single-image-inner{border-style: solid;}.tatsu-r1y9uoCW-l.tatsu-single-image{transform: translate3d(0px,0px, 0);}<\/style><\/div><\/div><\/div><div class = \"tatsu-column-bg-image-wrap\"><div class = \"tatsu-column-bg-image\" ><\/div><\/div><\/div><style>.tatsu-row > .tatsu-HkvPsm8Rr.tatsu-column{width: 33.33%;}.tatsu-HkvPsm8Rr.tatsu-column > .tatsu-column-inner > .tatsu-column-overlay{mix-blend-mode: none;}.tatsu-HkvPsm8Rr > .tatsu-column-inner > .tatsu-top-divider{z-index: 9999;}.tatsu-HkvPsm8Rr > .tatsu-column-inner > .tatsu-bottom-divider{z-index: 9999;}.tatsu-HkvPsm8Rr > .tatsu-column-inner > .tatsu-left-divider{z-index: 9999;}.tatsu-HkvPsm8Rr > .tatsu-column-inner > .tatsu-right-divider{z-index: 9999;}@media only screen and (max-width:1377px) {.tatsu-row > .tatsu-HkvPsm8Rr.tatsu-column{width: 33.33%;}}@media only screen and (min-width:768px) and (max-width: 1024px) {.tatsu-row > .tatsu-HkvPsm8Rr.tatsu-column{width: 33.33%;}}@media only screen and (max-width: 767px) {.tatsu-row > .tatsu-HkvPsm8Rr.tatsu-column{width: 100%;}}<\/style><\/div><div  class=\"tatsu-column  tatsu-column-no-bg tatsu-two-third tatsu-column-image-none tatsu-column-effect-none  tatsu-S1lDviXI0S\"  data-parallax-speed=\"0\" style=\"\"><div class=\"tatsu-column-inner \" ><div class=\"tatsu-column-pad-wrap\"><div class=\"tatsu-column-pad\" ><div  class=\"tatsu-module tatsu-text-block-wrap tatsu-BJ5DoX8Cr  \"><div class=\"tatsu-text-inner tatsu-align-center  clearfix\" ><style>.tatsu-BJ5DoX8Cr.tatsu-text-block-wrap .tatsu-text-inner{width: 100%;text-align: left;}<\/style>\n<h1><span style=\"color: #003366;\">Ein Geschenk f\u00fcrs Leben<\/span><\/h1>\n<p>\n<\/div><\/div><div  class=\"tatsu-module tatsu-text-block-wrap tatsu-S1ItimUCH  \"><div class=\"tatsu-text-inner tatsu-align-center  clearfix\" ><style>.tatsu-S1ItimUCH.tatsu-text-block-wrap .tatsu-text-inner{width: 100%;text-align: left;}<\/style>\n<p>Bist du auf der Suche nach einem besonderen Geschenk f\u00fcr einen Freund, ein Familienmitglied oder einem Kollegen?<\/p>\n<p>Macht jemand, der dir nah steht, momentan eine schwierige Zeit durch und k\u00f6nnte von der Unterst\u00fctzung einer t\u00e4glichen Meditationspraxis profitieren?<\/p>\n<p>Oder vielleicht gib es eine Person in deinem Leben, die sich schon immer f\u00fcr Meditation interessiert hat, aber nie dazu gekommen ist, dem nachzugehen und einen Kurs zu belegen.<\/p>\n<p>In jedem Fall ist Meditation ein Geschenk f\u00fcrs Leben.<\/p>\n<p>Meditation ist ein machtvolles Werkzeugzeug, das Menschen hilft, das Leben zu leben, das sie leben m\u00f6chten.<\/p>\n<p>Viele unserer Sch\u00fcler sind nachdem sie die zahlreichen <a href=\"https:\/\/dailymeditationberlin.de\/de\/vorteile-meditation\/\">Vorteile<\/a> der Meditation selbst erlebt haben, sehr bestrebt, auch ihre Lieben zum Meditieren zu bewegen.<\/p>\n<p>Dies ist eine gro\u00dfartige Sache. Seit Tausenden von Jahren verbreitet sich die Meditationspraxis durch Mundpropaganda.<\/p>\n<p>Unsere Erfahrung ist jedoch, dass der\/die Sch\u00fcler\/in selbst ein ernstes Interesse daran haben muss, Meditation zu lernen, um Meditation zu einer lebenslangen Gewohnheit zu machen.<\/p>\n<p>Behalte das im Hinterkopf, wenn du vorhast jemanden ein Meditationgutschein zu schenken.<\/p>\n<p>Ein kleiner Stups kann jedoch nicht schaden.<\/p>\n<p>\n<\/div><\/div><div  class=\"tatsu-module tatsu-text-block-wrap tatsu-B1NonmICH  \"><div class=\"tatsu-text-inner tatsu-align-center  clearfix\" ><style>.tatsu-B1NonmICH.tatsu-text-block-wrap .tatsu-text-inner{width: 100%;text-align: left;}<\/style>\n<h3><span style=\"color: #003366;\">Gutscheine f\u00fcr unsere Meditationskurse<\/span><\/h3>\n<p>\n<\/div><\/div><div  class=\"tatsu-module tatsu-text-block-wrap tatsu-SJFGRmUAr  \"><div class=\"tatsu-text-inner tatsu-align-center  clearfix\" ><style>.tatsu-SJFGRmUAr.tatsu-text-block-wrap .tatsu-text-inner{width: 100%;text-align: left;}<\/style>\n<p>Unser Geschenkgutschein-System ist einfach und problemlos.<\/p>\n<p>Gutscheine gibt es f\u00fcr Anf\u00e4ngerkurse in der Gruppe oder Privatkurse in <a href=\"https:\/\/dailymeditationberlin.de\/de\/standorte\/\">Berlin<\/a>.<\/p>\n<p>Wie \u00fcblich umfassen unsere Kurse <a href=\"https:\/\/dailymeditationberlin.de\/de\/meditationskurs-berlin\/\">kostenlosen Support auf Lebenszeit<\/a>, kostenlosen Zugang zu w\u00f6chentlichen Gruppenmeditationen, kostenlose Auffrischungskurse und einen E-Mail-Kurs, der dich in deiner Angewohnheit zu meditieren unterst\u00fctzt.<\/p>\n<p>\n<\/div><\/div><div  class=\"tatsu-module tatsu-normal-button tatsu-button-wrap align-block block-center  tatsu-HJdeyrIAS   \"><a class=\"tatsu-shortcode blockbtn tatsu-button left-icon circular   bg-animation-none  \" href=\"https:\/\/dailymeditationberlin.vouchercart.com\/app\/\" style= \"\"  aria-label=\"Gutschein hier kaufen\" data-gdpr-atts={} target=\"_blank\">Gutschein hier kaufen<\/a><style>.tatsu-HJdeyrIAS .tatsu-button{background-color: #b87d2b;color: #ffffff ;}<\/style><\/div><\/div><\/div><div class = \"tatsu-column-bg-image-wrap\"><div class = \"tatsu-column-bg-image\" ><\/div><\/div><\/div><style>.tatsu-row > .tatsu-S1lDviXI0S.tatsu-column{width: 66.67%;}.tatsu-S1lDviXI0S.tatsu-column > .tatsu-column-inner > .tatsu-column-overlay{mix-blend-mode: none;}.tatsu-S1lDviXI0S > .tatsu-column-inner > .tatsu-top-divider{z-index: 9999;}.tatsu-S1lDviXI0S > .tatsu-column-inner > .tatsu-bottom-divider{z-index: 9999;}.tatsu-S1lDviXI0S > .tatsu-column-inner > .tatsu-left-divider{z-index: 9999;}.tatsu-S1lDviXI0S > .tatsu-column-inner > .tatsu-right-divider{z-index: 9999;}@media only screen and (max-width:1377px) {.tatsu-row > .tatsu-S1lDviXI0S.tatsu-column{width: 66.67%;}}@media only screen and (min-width:768px) and (max-width: 1024px) {.tatsu-row > .tatsu-S1lDviXI0S.tatsu-column{width: 66.67%;}}@media only screen and (max-width: 767px) {.tatsu-row > .tatsu-S1lDviXI0S.tatsu-column{width: 100%;}}<\/style><\/div><\/div><\/div><\/div><div class=\"tatsu-section-background-wrap\"><div class = \"tatsu-section-background\" ><\/div><\/div><style>.tatsu-rkbmvjXIRB .tatsu-section-pad{padding: 90px 0px 90px 0px;}.tatsu-rkbmvjXIRB > .tatsu-bottom-divider{z-index: 9999;}.tatsu-rkbmvjXIRB > .tatsu-top-divider{z-index: 9999;}<\/style><\/div><div  class=\"tatsu-i7yufx5g4m7qtqm8 tatsu-section  tatsu-bg-overlay   tatsu-clearfix\" data-title=\"\"  data-headerscheme=\"background--dark\"><div class='tatsu-section-pad clearfix' data-padding='{\"d\":\"15px 0px 90px 0px\"}' data-padding-top='15px'><div class=\"tatsu-row-wrap  tatsu-wrap tatsu-row-one-col tatsu-row-has-one-cols tatsu-medium-gutter tatsu-reg-cols  tatsu-clearfix tatsu-i7yufx5g7e2tgypu\" ><div  class=\"tatsu-row \" ><div  class=\"tatsu-column  tatsu-bg-overlay tatsu-one-col tatsu-column-image-none tatsu-column-effect-none  tatsu-i7yufx5ga0b9z74a\"  data-parallax-speed=\"0\" style=\"\"><div class=\"tatsu-column-inner \" ><div class=\"tatsu-column-pad-wrap\"><div class=\"tatsu-column-pad\" ><div  class=\"tatsu-module tatsu-text-block-wrap tatsu-i7yufx5gbyghudn1  \"><div class=\"tatsu-text-inner tatsu-align-center  clearfix\" ><style>.tatsu-i7yufx5gbyghudn1.tatsu-text-block-wrap .tatsu-text-inner{width: 100%;text-align: left;}<\/style>\n<p><\/p>\n<p><\/p>\n<\/div><\/div><\/div><\/div><div class = \"tatsu-column-bg-image-wrap\"><div class = \"tatsu-column-bg-image\" ><\/div><\/div><div class=\"tatsu-overlay tatsu-column-overlay tatsu-animate-none\" ><\/div><\/div><style>.tatsu-row > .tatsu-i7yufx5ga0b9z74a.tatsu-column{width: 100%;}.tatsu-i7yufx5ga0b9z74a.tatsu-column > .tatsu-column-inner > .tatsu-column-overlay{mix-blend-mode: normal;}.tatsu-i7yufx5ga0b9z74a > .tatsu-column-inner > .tatsu-top-divider{z-index: 9999;}.tatsu-i7yufx5ga0b9z74a > .tatsu-column-inner > .tatsu-bottom-divider{z-index: 9999;}.tatsu-i7yufx5ga0b9z74a > .tatsu-column-inner > .tatsu-left-divider{z-index: 9999;}.tatsu-i7yufx5ga0b9z74a > .tatsu-column-inner > .tatsu-right-divider{z-index: 9999;}<\/style><\/div><\/div><\/div><\/div><div class=\"tatsu-section-background-wrap\"><div class = \"tatsu-section-background\" ><\/div><\/div><div class=\"tatsu-overlay tatsu-section-overlay\"><\/div><style>.tatsu-i7yufx5g4m7qtqm8 .tatsu-section-pad{padding: 15px 0px 90px 0px;}.tatsu-i7yufx5g4m7qtqm8 > .tatsu-bottom-divider{z-index: 9999;}.tatsu-i7yufx5g4m7qtqm8 > .tatsu-top-divider{z-index: 9999;}.tatsu-i7yufx5g4m7qtqm8 .tatsu-section-overlay{mix-blend-mode: normal;}<\/style><\/div>","protected":false},"excerpt":{"rendered":"<p><a href=\"https:\/\/dailymeditationberlin.de\/de\/meditation-gutschein-kaufen-berlin\/\" class=\"more-link style2-button\">Weiterlesen<\/a><\/p>","protected":false},"author":1,"featured_media":0,"parent":0,"menu_order":0,"comment_status":"closed","ping_status":"closed","template":"","meta":{"footnotes":""},"class_list":["post-5015","page","type-page","status-publish","hentry"],"yoast_head":"<!-- This site is optimized with the Yoast SEO Premium plugin v24.5 (Yoast SEO v27.2) - https:\/\/yoast.com\/product\/yoast-seo-premium-wordpress\/ -->\n<title>Meditationsgutscheine in Berlin \u2013 Das perfekte Geschenk!<\/title>\n<meta name=\"description\" content=\"Verschenke Entspannung mit einer Meditations-Geschenkkarte von Daily Meditation Berlin! Perfekt f\u00fcr Stressabbau, Achtsamkeit und innere Ruhe.\" \/>\n<meta name=\"robots\" content=\"index, follow, max-snippet:-1, max-image-preview:large, max-video-preview:-1\" \/>\n<link rel=\"canonical\" href=\"https:\/\/dailymeditationberlin.de\/de\/meditation-gutschein-kaufen-berlin\/\" \/>\n<meta property=\"og:locale\" content=\"de_DE\" \/>\n<meta property=\"og:type\" content=\"article\" \/>\n<meta property=\"og:title\" content=\"Privat: Gutscheine\" \/>\n<meta property=\"og:description\" content=\"Verschenke Entspannung mit einer Meditations-Geschenkkarte von Daily Meditation Berlin! Perfekt f\u00fcr Stressabbau, Achtsamkeit und innere Ruhe.\" \/>\n<meta property=\"og:url\" content=\"https:\/\/dailymeditationberlin.de\/de\/meditation-gutschein-kaufen-berlin\/\" \/>\n<meta property=\"og:site_name\" content=\"Daily Meditation Berlin\" \/>\n<meta property=\"article:modified_time\" content=\"2025-12-04T06:24:19+00:00\" \/>\n<meta name=\"twitter:card\" content=\"summary_large_image\" \/>\n<meta name=\"twitter:label1\" content=\"Gesch\u00e4tzte Lesezeit\" \/>\n\t<meta name=\"twitter:data1\" content=\"4\u00a0Minuten\" \/>\n<!-- \/ Yoast SEO Premium plugin. -->","yoast_head_json":{"title":"Meditationsgutscheine in Berlin \u2013 Das perfekte Geschenk!","description":"Verschenke Entspannung mit einer Meditations-Geschenkkarte von Daily Meditation Berlin! Perfekt f\u00fcr Stressabbau, Achtsamkeit und innere Ruhe.","robots":{"index":"index","follow":"follow","max-snippet":"max-snippet:-1","max-image-preview":"max-image-preview:large","max-video-preview":"max-video-preview:-1"},"canonical":"https:\/\/dailymeditationberlin.de\/de\/meditation-gutschein-kaufen-berlin\/","og_locale":"de_DE","og_type":"article","og_title":"Privat: Gutscheine","og_description":"Verschenke Entspannung mit einer Meditations-Geschenkkarte von Daily Meditation Berlin! Perfekt f\u00fcr Stressabbau, Achtsamkeit und innere Ruhe.","og_url":"https:\/\/dailymeditationberlin.de\/de\/meditation-gutschein-kaufen-berlin\/","og_site_name":"Daily Meditation Berlin","article_modified_time":"2025-12-04T06:24:19+00:00","twitter_card":"summary_large_image","twitter_misc":{"Gesch\u00e4tzte Lesezeit":"4\u00a0Minuten"},"schema":{"@context":"https:\/\/schema.org","@graph":[{"@type":"WebPage","@id":"https:\/\/dailymeditationberlin.de\/de\/meditation-gutschein-kaufen-berlin\/","url":"https:\/\/dailymeditationberlin.de\/de\/meditation-gutschein-kaufen-berlin\/","name":"Meditationsgutscheine in Berlin \u2013 Das perfekte Geschenk!","isPartOf":{"@id":"https:\/\/dailymeditationberlin.de\/de\/#website"},"datePublished":"2019-12-09T17:41:29+00:00","dateModified":"2025-12-04T06:24:19+00:00","description":"Verschenke Entspannung mit einer Meditations-Geschenkkarte von Daily Meditation Berlin! Perfekt f\u00fcr Stressabbau, Achtsamkeit und innere Ruhe.","breadcrumb":{"@id":"https:\/\/dailymeditationberlin.de\/de\/meditation-gutschein-kaufen-berlin\/#breadcrumb"},"inLanguage":"de","potentialAction":[{"@type":"ReadAction","target":["https:\/\/dailymeditationberlin.de\/de\/meditation-gutschein-kaufen-berlin\/"]}]},{"@type":"BreadcrumbList","@id":"https:\/\/dailymeditationberlin.de\/de\/meditation-gutschein-kaufen-berlin\/#breadcrumb","itemListElement":[{"@type":"ListItem","position":1,"name":"Home","item":"https:\/\/dailymeditationberlin.de\/de\/"},{"@type":"ListItem","position":2,"name":"Privat: Gutscheine"}]},{"@type":"WebSite","@id":"https:\/\/dailymeditationberlin.de\/de\/#website","url":"https:\/\/dailymeditationberlin.de\/de\/","name":"Daily Meditation Berlin","description":"Book a Meditation Course in Berlin \u2013 Meet a Friendly &amp; Professional Meditation Teacher \u2013 Book a Course \u2013 Clear Instructions to Meditate Daily on your own.","potentialAction":[{"@type":"SearchAction","target":{"@type":"EntryPoint","urlTemplate":"https:\/\/dailymeditationberlin.de\/de\/?s={search_term_string}"},"query-input":{"@type":"PropertyValueSpecification","valueRequired":true,"valueName":"search_term_string"}}],"inLanguage":"de"}]}},"_links":{"self":[{"href":"https:\/\/dailymeditationberlin.de\/de\/wp-json\/wp\/v2\/pages\/5015","targetHints":{"allow":["GET"]}}],"collection":[{"href":"https:\/\/dailymeditationberlin.de\/de\/wp-json\/wp\/v2\/pages"}],"about":[{"href":"https:\/\/dailymeditationberlin.de\/de\/wp-json\/wp\/v2\/types\/page"}],"author":[{"embeddable":true,"href":"https:\/\/dailymeditationberlin.de\/de\/wp-json\/wp\/v2\/users\/1"}],"replies":[{"embeddable":true,"href":"https:\/\/dailymeditationberlin.de\/de\/wp-json\/wp\/v2\/comments?post=5015"}],"version-history":[{"count":0,"href":"https:\/\/dailymeditationberlin.de\/de\/wp-json\/wp\/v2\/pages\/5015\/revisions"}],"wp:attachment":[{"href":"https:\/\/dailymeditationberlin.de\/de\/wp-json\/wp\/v2\/media?parent=5015"}],"curies":[{"name":"wp","href":"https:\/\/api.w.org\/{rel}","templated":true}]}}